{"id":1111,"date":"2023-04-10T09:46:06","date_gmt":"2023-04-10T09:46:06","guid":{"rendered":"https:\/\/yingmeipack.com\/?post_type=product&#038;p=1111"},"modified":"2025-06-05T09:03:15","modified_gmt":"2025-06-05T09:03:15","slug":"20g-round-edge-small-lip-balm-jar-silver-aluminum-tin-box","status":"publish","type":"product","link":"https:\/\/yingmeipack.com\/fr\/product\/20g-round-edge-small-lip-balm-jar-silver-aluminum-tin-box\/","title":{"rendered":"Petit Pot de Baume \u00e0 L\u00e8vres 20g Bordure Ronde Bo\u00eete en Aluminium Argent\u00e9"},"content":{"rendered":"","protected":false},"excerpt":{"rendered":"<p>Ce pot en aluminium avec couvercle \u00e0 vis est fabriqu\u00e9 \u00e0 partir de mat\u00e9riaux de qualit\u00e9 alimentaire et ses dimensions sont de 42*18*0,3 mm. L'emballage en vrac permet une utilisation polyvalente. La structure du couvercle \u00e0 vis est herm\u00e9tiquement scell\u00e9e et le couvercle int\u00e9rieur est recouvert d'un tampon en mousse qui emp\u00eache efficacement les fuites. Fabriqu\u00e9es en aluminium, elles sont l\u00e9g\u00e8res mais durables et faciles \u00e0 transporter. Ces bo\u00eetes de conserve n'ont pas d'ar\u00eates vives, toutes les ar\u00eates sont arrondies et form\u00e9es de mani\u00e8re homog\u00e8ne. Le mat\u00e9riau peut \u00eatre recycl\u00e9 ou r\u00e9utilis\u00e9. Ces bo\u00eetes sont id\u00e9ales pour les baumes \u00e0 l\u00e8vres, les gloss, les cr\u00e8mes, les cosm\u00e9tiques, les pommades, les pilules, les perles, les vis, les bonbons, les boutons, les pi\u00e8ces de monnaie, les herbes, le th\u00e9, les bougies et bien d'autres choses encore. Ils conviennent \u00e9galement au stockage du slime, \u00e0 la fabrication de bougies et au bricolage.<\/p>","protected":false},"featured_media":1112,"template":"","meta":{"_kad_post_transparent":"default","_kad_post_title":"","_kad_post_layout":"default","_kad_post_sidebar_id":"","_kad_post_content_style":"default","_kad_post_vertical_padding":"default","_kad_post_feature":"","_kad_post_feature_position":"","_kad_post_header":false,"_kad_post_footer":false,"jetpack_publicize_message":"","jetpack_publicize_feature_enabled":true,"jetpack_social_post_already_shared":false,"jetpack_social_options":{"image_generator_settings":{"template":"highway","default_image_id":0,"enabled":false},"version":2}},"product_brand":[],"product_cat":[28,24,27],"product_tag":[291,282,283,281],"class_list":{"0":"post-1111","1":"product","2":"type-product","3":"status-publish","4":"has-post-thumbnail","6":"product_cat-aluminum-jars","7":"product_cat-jars","8":"product_cat-metal-jars","9":"product_tag-20g-aluminum-jar","10":"product_tag-aluminum-jar","11":"product_tag-aluminum-wax-tins","12":"product_tag-empty-metal-cans","14":"first","15":"instock","16":"shipping-taxable","17":"purchasable","18":"product-type-simple","19":"entry","20":"content-bg","21":"loop-entry"},"aioseo_notices":[],"jetpack_publicize_connections":[],"jetpack_sharing_enabled":true,"_links":{"self":[{"href":"https:\/\/yingmeipack.com\/fr\/wp-json\/wp\/v2\/product\/1111","targetHints":{"allow":["GET"]}}],"collection":[{"href":"https:\/\/yingmeipack.com\/fr\/wp-json\/wp\/v2\/product"}],"about":[{"href":"https:\/\/yingmeipack.com\/fr\/wp-json\/wp\/v2\/types\/product"}],"version-history":[{"count":1,"href":"https:\/\/yingmeipack.com\/fr\/wp-json\/wp\/v2\/product\/1111\/revisions"}],"predecessor-version":[{"id":1119,"href":"https:\/\/yingmeipack.com\/fr\/wp-json\/wp\/v2\/product\/1111\/revisions\/1119"}],"wp:featuredmedia":[{"embeddable":true,"href":"https:\/\/yingmeipack.com\/fr\/wp-json\/wp\/v2\/media\/1112"}],"wp:attachment":[{"href":"https:\/\/yingmeipack.com\/fr\/wp-json\/wp\/v2\/media?parent=1111"}],"wp:term":[{"taxonomy":"product_brand","embeddable":true,"href":"https:\/\/yingmeipack.com\/fr\/wp-json\/wp\/v2\/product_brand?post=1111"},{"taxonomy":"product_cat","embeddable":true,"href":"https:\/\/yingmeipack.com\/fr\/wp-json\/wp\/v2\/product_cat?post=1111"},{"taxonomy":"product_tag","embeddable":true,"href":"https:\/\/yingmeipack.com\/fr\/wp-json\/wp\/v2\/product_tag?post=1111"}],"curies":[{"name":"wp","href":"https:\/\/api.w.org\/{rel}","templated":true}]}}