{"id":45,"date":"2022-11-13T05:48:29","date_gmt":"2022-11-13T05:48:29","guid":{"rendered":"https:\/\/yingmeipack.com\/?page_id=45"},"modified":"2022-11-29T15:48:41","modified_gmt":"2022-11-29T15:48:41","slug":"about-us","status":"publish","type":"page","link":"https:\/\/yingmeipack.com\/fr\/about-us\/","title":{"rendered":"\u00c0 propos de nous"},"content":{"rendered":"<div data-elementor-type=\"wp-page\" data-elementor-id=\"45\" class=\"elementor elementor-45\">\n\t\t\t\t\t\t<section class=\"elementor-section elementor-top-section elementor-element elementor-element-6a492f21 elementor-section-height-min-height elementor-section-boxed elementor-section-height-default elementor-section-items-middle\" data-id=\"6a492f21\" data-element_type=\"section\" data-settings=\"{&quot;background_background&quot;:&quot;classic&quot;,&quot;ekit_has_onepagescroll_dot&quot;:&quot;yes&quot;}\">\n\t\t\t\t\t\t\t<div class=\"elementor-background-overlay\"><\/div>\n\t\t\t\t\t\t\t<div class=\"elementor-container elementor-column-gap-default\">\n\t\t\t\t\t<div class=\"elementor-column elementor-col-100 elementor-top-column elementor-element elementor-element-40462ad1\" data-id=\"40462ad1\" data-element_type=\"column\">\n\t\t\t<div class=\"elementor-widget-wrap elementor-element-populated\">\n\t\t\t\t\t\t<div class=\"elementor-element elementor-element-4cc12622 elementor-widget elementor-widget-heading\" data-id=\"4cc12622\" data-element_type=\"widget\" data-settings=\"{&quot;ekit_we_effect_on&quot;:&quot;none&quot;}\" data-widget_type=\"heading.default\">\n\t\t\t\t<div class=\"elementor-widget-container\">\n\t\t\t\t\t<h2 class=\"elementor-heading-title elementor-size-default\">\u00c0 propos de nous<\/h2>\t\t\t\t<\/div>\n\t\t\t\t<\/div>\n\t\t\t\t<section class=\"elementor-section elementor-inner-section elementor-element elementor-element-46a084f3 elementor-section-boxed elementor-section-height-default elementor-section-height-default\" data-id=\"46a084f3\" data-element_type=\"section\" data-settings=\"{&quot;ekit_has_onepagescroll_dot&quot;:&quot;yes&quot;}\">\n\t\t\t\t\t\t<div class=\"elementor-container elementor-column-gap-default\">\n\t\t\t\t\t<div class=\"elementor-column elementor-col-33 elementor-inner-column elementor-element elementor-element-6d551891\" data-id=\"6d551891\" data-element_type=\"column\">\n\t\t\t<div class=\"elementor-widget-wrap elementor-element-populated\">\n\t\t\t\t\t\t<div class=\"elementor-element elementor-element-5f96ffd1 elementor-widget-divider--view-line elementor-widget elementor-widget-divider\" data-id=\"5f96ffd1\" data-element_type=\"widget\" data-settings=\"{&quot;ekit_we_effect_on&quot;:&quot;none&quot;}\" data-widget_type=\"divider.default\">\n\t\t\t\t<div class=\"elementor-widget-container\">\n\t\t\t\t\t\t\t<div class=\"elementor-divider\">\n\t\t\t<span class=\"elementor-divider-separator\">\n\t\t\t\t\t\t<\/span>\n\t\t<\/div>\n\t\t\t\t\t\t<\/div>\n\t\t\t\t<\/div>\n\t\t\t\t\t<\/div>\n\t\t<\/div>\n\t\t\t\t<div class=\"elementor-column elementor-col-33 elementor-inner-column elementor-element elementor-element-4ff8bb25\" data-id=\"4ff8bb25\" data-element_type=\"column\">\n\t\t\t<div class=\"elementor-widget-wrap elementor-element-populated\">\n\t\t\t\t\t\t<div class=\"elementor-element elementor-element-3f06cb94 elementor-widget elementor-widget-heading\" data-id=\"3f06cb94\" data-element_type=\"widget\" data-settings=\"{&quot;ekit_we_effect_on&quot;:&quot;none&quot;}\" data-widget_type=\"heading.default\">\n\t\t\t\t<div class=\"elementor-widget-container\">\n\t\t\t\t\t<h3 class=\"elementor-heading-title elementor-size-default\">Galerie vid\u00e9o<\/h3>\t\t\t\t<\/div>\n\t\t\t\t<\/div>\n\t\t\t\t\t<\/div>\n\t\t<\/div>\n\t\t\t\t<div class=\"elementor-column elementor-col-33 elementor-inner-column elementor-element elementor-element-15af41ac\" data-id=\"15af41ac\" data-element_type=\"column\">\n\t\t\t<div class=\"elementor-widget-wrap elementor-element-populated\">\n\t\t\t\t\t\t<div class=\"elementor-element elementor-element-77bd1b07 elementor-widget-divider--view-line elementor-widget elementor-widget-divider\" data-id=\"77bd1b07\" data-element_type=\"widget\" data-settings=\"{&quot;ekit_we_effect_on&quot;:&quot;none&quot;}\" data-widget_type=\"divider.default\">\n\t\t\t\t<div class=\"elementor-widget-container\">\n\t\t\t\t\t\t\t<div class=\"elementor-divider\">\n\t\t\t<span class=\"elementor-divider-separator\">\n\t\t\t\t\t\t<\/span>\n\t\t<\/div>\n\t\t\t\t\t\t<\/div>\n\t\t\t\t<\/div>\n\t\t\t\t\t<\/div>\n\t\t<\/div>\n\t\t\t\t\t<\/div>\n\t\t<\/section>\n\t\t\t\t<div class=\"elementor-element elementor-element-2d8c243c elementor-widget elementor-widget-spacer\" data-id=\"2d8c243c\" data-element_type=\"widget\" data-settings=\"{&quot;ekit_we_effect_on&quot;:&quot;none&quot;}\" data-widget_type=\"spacer.default\">\n\t\t\t\t<div class=\"elementor-widget-container\">\n\t\t\t\t\t\t\t<div class=\"elementor-spacer\">\n\t\t\t<div class=\"elementor-spacer-inner\"><\/div>\n\t\t<\/div>\n\t\t\t\t\t\t<\/div>\n\t\t\t\t<\/div>\n\t\t\t\t\t<\/div>\n\t\t<\/div>\n\t\t\t\t\t<\/div>\n\t\t<\/section>\n\t\t\t\t<section class=\"elementor-section elementor-top-section elementor-element elementor-element-209fbe52 elementor-section-boxed elementor-section-height-default elementor-section-height-default\" data-id=\"209fbe52\" data-element_type=\"section\" data-settings=\"{&quot;ekit_has_onepagescroll_dot&quot;:&quot;yes&quot;}\">\n\t\t\t\t\t\t<div class=\"elementor-container elementor-column-gap-default\">\n\t\t\t\t\t<div class=\"elementor-column elementor-col-100 elementor-top-column elementor-element elementor-element-4af4ef2f\" data-id=\"4af4ef2f\" data-element_type=\"column\">\n\t\t\t<div class=\"elementor-widget-wrap elementor-element-populated\">\n\t\t\t\t\t\t<div class=\"elementor-element elementor-element-15acbc7d elementor-widget elementor-widget-video\" data-id=\"15acbc7d\" data-element_type=\"widget\" data-settings=\"{&quot;youtube_url&quot;:&quot;https:\\\/\\\/www.youtube.com\\\/watch?v=L5Vm7Tp8pTI&quot;,&quot;end&quot;:300,&quot;yt_privacy&quot;:&quot;yes&quot;,&quot;show_image_overlay&quot;:&quot;yes&quot;,&quot;image_overlay&quot;:{&quot;url&quot;:&quot;http:\\\/\\\/yingmeipack.com\\\/wp-content\\\/uploads\\\/2022\\\/11\\\/Aluminum-Jars-Factory-1.jpg&quot;,&quot;id&quot;:152,&quot;size&quot;:&quot;&quot;,&quot;alt&quot;:&quot;Aluminum Jars Factory&quot;,&quot;source&quot;:&quot;library&quot;},&quot;video_type&quot;:&quot;youtube&quot;,&quot;controls&quot;:&quot;yes&quot;,&quot;ekit_we_effect_on&quot;:&quot;none&quot;}\" data-widget_type=\"video.default\">\n\t\t\t\t<div class=\"elementor-widget-container\">\n\t\t\t\t\t\t\t<div class=\"elementor-wrapper elementor-open-inline\">\n\t\t\t<div class=\"elementor-video\"><\/div>\t\t\t\t<div class=\"elementor-custom-embed-image-overlay\" style=\"background-image: url(https:\/\/yingmeipack.com\/wp-content\/uploads\/2022\/11\/Aluminum-Jars-Factory-1.jpg);\">\n\t\t\t\t\t\t\t\t\t\t\t\t\t\t\t\t<div class=\"elementor-custom-embed-play\" role=\"button\" aria-label=\"Play Video about Aluminum Jars Factory\" tabindex=\"0\">\n\t\t\t\t\t\t\t<i aria-hidden=\"true\" class=\"eicon-play\"><\/i>\t\t\t\t\t\t<\/div>\n\t\t\t\t\t\t\t\t\t<\/div>\n\t\t\t\t\t<\/div>\n\t\t\t\t\t\t<\/div>\n\t\t\t\t<\/div>\n\t\t\t\t\t<\/div>\n\t\t<\/div>\n\t\t\t\t\t<\/div>\n\t\t<\/section>\n\t\t\t\t<section class=\"elementor-section elementor-top-section elementor-element elementor-element-37da12d2 elementor-section-height-min-height elementor-section-boxed elementor-section-height-default elementor-section-items-middle\" data-id=\"37da12d2\" data-element_type=\"section\" data-settings=\"{&quot;ekit_has_onepagescroll_dot&quot;:&quot;yes&quot;}\">\n\t\t\t\t\t\t\t<div class=\"elementor-background-overlay\"><\/div>\n\t\t\t\t\t\t\t<div class=\"elementor-container elementor-column-gap-default\">\n\t\t\t\t\t<div class=\"elementor-column elementor-col-100 elementor-top-column elementor-element elementor-element-6d2d7eda\" data-id=\"6d2d7eda\" data-element_type=\"column\">\n\t\t\t<div class=\"elementor-widget-wrap elementor-element-populated\">\n\t\t\t\t\t\t<section class=\"elementor-section elementor-inner-section elementor-element elementor-element-4194e474 elementor-section-boxed elementor-section-height-default elementor-section-height-default\" data-id=\"4194e474\" data-element_type=\"section\" data-settings=\"{&quot;ekit_has_onepagescroll_dot&quot;:&quot;yes&quot;}\">\n\t\t\t\t\t\t<div class=\"elementor-container elementor-column-gap-default\">\n\t\t\t\t\t<div class=\"elementor-column elementor-col-50 elementor-inner-column elementor-element elementor-element-9ab2e63\" data-id=\"9ab2e63\" data-element_type=\"column\">\n\t\t\t<div class=\"elementor-widget-wrap elementor-element-populated\">\n\t\t\t\t\t\t<div class=\"elementor-element elementor-element-474cfec4 elementor-widget elementor-widget-image\" data-id=\"474cfec4\" data-element_type=\"widget\" data-settings=\"{&quot;ekit_we_effect_on&quot;:&quot;none&quot;}\" data-widget_type=\"image.default\">\n\t\t\t\t<div class=\"elementor-widget-container\">\n\t\t\t\t\t\t\t\t\t\t\t\t\t\t\t<img fetchpriority=\"high\" decoding=\"async\" width=\"1000\" height=\"750\" src=\"https:\/\/yingmeipack.com\/wp-content\/uploads\/2022\/11\/aluminum-jars-and-tins-factory-02.jpg\" class=\"elementor-animation-hang attachment-large size-large wp-image-167\" alt=\"usine de fabrication de pots et de bo\u00eetes en aluminium\" srcset=\"https:\/\/yingmeipack.com\/wp-content\/uploads\/2022\/11\/aluminum-jars-and-tins-factory-02.jpg 1000w, https:\/\/yingmeipack.com\/wp-content\/uploads\/2022\/11\/aluminum-jars-and-tins-factory-02-300x225.jpg 300w, https:\/\/yingmeipack.com\/wp-content\/uploads\/2022\/11\/aluminum-jars-and-tins-factory-02-768x576.jpg 768w, https:\/\/yingmeipack.com\/wp-content\/uploads\/2022\/11\/aluminum-jars-and-tins-factory-02-600x450.jpg 600w\" sizes=\"(max-width: 1000px) 100vw, 1000px\" \/>\t\t\t\t\t\t\t\t\t\t\t\t\t\t\t<\/div>\n\t\t\t\t<\/div>\n\t\t\t\t\t<\/div>\n\t\t<\/div>\n\t\t\t\t<div class=\"elementor-column elementor-col-50 elementor-inner-column elementor-element elementor-element-27d6fec4\" data-id=\"27d6fec4\" data-element_type=\"column\" data-settings=\"{&quot;background_background&quot;:&quot;classic&quot;}\">\n\t\t\t<div class=\"elementor-widget-wrap elementor-element-populated\">\n\t\t\t\t\t\t<div class=\"elementor-element elementor-element-4c82726f elementor-widget elementor-widget-heading\" data-id=\"4c82726f\" data-element_type=\"widget\" data-settings=\"{&quot;ekit_we_effect_on&quot;:&quot;none&quot;}\" data-widget_type=\"heading.default\">\n\t\t\t\t<div class=\"elementor-widget-container\">\n\t\t\t\t\t<h3 class=\"elementor-heading-title elementor-size-default\">Notre histoire<\/h3>\t\t\t\t<\/div>\n\t\t\t\t<\/div>\n\t\t\t\t<div class=\"elementor-element elementor-element-14e61ff0 elementor-widget elementor-widget-text-editor\" data-id=\"14e61ff0\" data-element_type=\"widget\" data-settings=\"{&quot;ekit_we_effect_on&quot;:&quot;none&quot;}\" data-widget_type=\"text-editor.default\">\n\t\t\t\t<div class=\"elementor-widget-container\">\n\t\t\t\t\t\t\t\t\t<p>Guiping Yingmei Packaging Products Co. se consacre principalement \u00e0 la fabrication de divers r\u00e9cipients d'emballage, bo\u00eetes d'emballage, bo\u00eetes en aluminium, couvercles en aluminium, bo\u00eetes en fer, bouteilles en plastique, bo\u00eetes d'emballage de produits cosm\u00e9tiques, bo\u00eetes \u00e0 bijoux, bo\u00eetes \u00e0 bijoux, bo\u00eetes \u00e0 montres, bo\u00eetes \u00e0 serviettes, etc. Notre soci\u00e9t\u00e9 peut accepter des dessins et des \u00e9chantillons pour la personnalisation. Notre soci\u00e9t\u00e9 peut accepter des dessins et des \u00e9chantillons pour la personnalisation. Il y a des milliers de jeux de moules de sp\u00e9cifications existantes pour les bo\u00eetes en aluminium et les canettes en aluminium que les clients peuvent choisir. Les clients peuvent choisir et personnaliser leurs proc\u00e9d\u00e9s de surface pr\u00e9f\u00e9r\u00e9s sur nos moules existants, tels que la s\u00e9rigraphie, l'impression offset, l'impression couleur, le gaufrage et l'embossage du logo, le marquage \u00e0 chaud, l'\u00e9tiquetage, etc.<\/p>\t\t\t\t\t\t\t\t<\/div>\n\t\t\t\t<\/div>\n\t\t\t\t\t<\/div>\n\t\t<\/div>\n\t\t\t\t\t<\/div>\n\t\t<\/section>\n\t\t\t\t<section class=\"elementor-section elementor-inner-section elementor-element elementor-element-32c615f5 elementor-reverse-mobile elementor-section-boxed elementor-section-height-default elementor-section-height-default\" data-id=\"32c615f5\" data-element_type=\"section\" data-settings=\"{&quot;ekit_has_onepagescroll_dot&quot;:&quot;yes&quot;}\">\n\t\t\t\t\t\t<div class=\"elementor-container elementor-column-gap-default\">\n\t\t\t\t\t<div class=\"elementor-column elementor-col-50 elementor-inner-column elementor-element elementor-element-3b8b06dd\" data-id=\"3b8b06dd\" data-element_type=\"column\" data-settings=\"{&quot;background_background&quot;:&quot;classic&quot;}\">\n\t\t\t<div class=\"elementor-widget-wrap elementor-element-populated\">\n\t\t\t\t\t\t<div class=\"elementor-element elementor-element-66fec7b5 elementor-widget elementor-widget-heading\" data-id=\"66fec7b5\" data-element_type=\"widget\" data-settings=\"{&quot;ekit_we_effect_on&quot;:&quot;none&quot;}\" data-widget_type=\"heading.default\">\n\t\t\t\t<div class=\"elementor-widget-container\">\n\t\t\t\t\t<h3 class=\"elementor-heading-title elementor-size-default\">Personnalisation compl\u00e8te<\/h3>\t\t\t\t<\/div>\n\t\t\t\t<\/div>\n\t\t\t\t<div class=\"elementor-element elementor-element-3e55c9b6 elementor-widget elementor-widget-text-editor\" data-id=\"3e55c9b6\" data-element_type=\"widget\" data-settings=\"{&quot;ekit_we_effect_on&quot;:&quot;none&quot;}\" data-widget_type=\"text-editor.default\">\n\t\t\t\t<div class=\"elementor-widget-container\">\n\t\t\t\t\t\t\t\t\t<p>Les clients peuvent \u00e9galement personnaliser de nouvelles sp\u00e9cifications de moules en fonction de leurs propres besoins, \u00e0 condition de payer des frais de moule raisonnables. Nous disposons d'une \u00e9quipe d'approvisionnement professionnelle qui peut \u00e9galement fournir aux clients un service complet : nous pouvons aider les clients \u00e0 acheter divers accessoires, notamment des cuill\u00e8res en plastique, des couvercles int\u00e9rieurs, des joints sensibles \u00e0 la pression, des films plastiques, des cartons d'emballage ext\u00e9rieur personnalis\u00e9s, du papier d'\u00e9tiquetage personnalis\u00e9, des sacs \u00e0 main, etc. Fournir une solution unique pour r\u00e9pondre \u00e0 vos besoins en mati\u00e8re d'emballage. La plupart des produits de l'entreprise ont un grand nombre de produits finis ou semi-finis en stock. Le MOQ est donc faible et le d\u00e9lai de livraison rapide. L'entreprise dispose \u00e9galement d'une \u00e9quipe de conception sp\u00e9cialis\u00e9e. Elle propose gratuitement \u00e0 ses clients diverses solutions de conception d'emballages.<\/p>\t\t\t\t\t\t\t\t<\/div>\n\t\t\t\t<\/div>\n\t\t\t\t\t<\/div>\n\t\t<\/div>\n\t\t\t\t<div class=\"elementor-column elementor-col-50 elementor-inner-column elementor-element elementor-element-7f438d50\" data-id=\"7f438d50\" data-element_type=\"column\">\n\t\t\t<div class=\"elementor-widget-wrap elementor-element-populated\">\n\t\t\t\t\t\t<div class=\"elementor-element elementor-element-334fb267 elementor-widget elementor-widget-image\" data-id=\"334fb267\" data-element_type=\"widget\" data-settings=\"{&quot;ekit_we_effect_on&quot;:&quot;none&quot;}\" data-widget_type=\"image.default\">\n\t\t\t\t<div class=\"elementor-widget-container\">\n\t\t\t\t\t\t\t\t\t\t\t\t\t\t\t<img decoding=\"async\" width=\"1000\" height=\"750\" src=\"https:\/\/yingmeipack.com\/wp-content\/uploads\/2022\/11\/aluminum-jars-and-tins-factory-03.jpg\" class=\"elementor-animation-hang attachment-large size-large wp-image-171\" alt=\"usine de fabrication de pots et de bo\u00eetes en aluminium\" srcset=\"https:\/\/yingmeipack.com\/wp-content\/uploads\/2022\/11\/aluminum-jars-and-tins-factory-03.jpg 1000w, https:\/\/yingmeipack.com\/wp-content\/uploads\/2022\/11\/aluminum-jars-and-tins-factory-03-300x225.jpg 300w, https:\/\/yingmeipack.com\/wp-content\/uploads\/2022\/11\/aluminum-jars-and-tins-factory-03-768x576.jpg 768w, https:\/\/yingmeipack.com\/wp-content\/uploads\/2022\/11\/aluminum-jars-and-tins-factory-03-600x450.jpg 600w\" sizes=\"(max-width: 1000px) 100vw, 1000px\" \/>\t\t\t\t\t\t\t\t\t\t\t\t\t\t\t<\/div>\n\t\t\t\t<\/div>\n\t\t\t\t\t<\/div>\n\t\t<\/div>\n\t\t\t\t\t<\/div>\n\t\t<\/section>\n\t\t\t\t<section class=\"elementor-section elementor-inner-section elementor-element elementor-element-390a529 elementor-section-boxed elementor-section-height-default elementor-section-height-default\" data-id=\"390a529\" data-element_type=\"section\" data-settings=\"{&quot;ekit_has_onepagescroll_dot&quot;:&quot;yes&quot;}\">\n\t\t\t\t\t\t<div class=\"elementor-container elementor-column-gap-default\">\n\t\t\t\t\t<div class=\"elementor-column elementor-col-50 elementor-inner-column elementor-element elementor-element-c6cf471\" data-id=\"c6cf471\" data-element_type=\"column\">\n\t\t\t<div class=\"elementor-widget-wrap elementor-element-populated\">\n\t\t\t\t\t\t<div class=\"elementor-element elementor-element-f67ff61 elementor-widget elementor-widget-image\" data-id=\"f67ff61\" data-element_type=\"widget\" data-settings=\"{&quot;ekit_we_effect_on&quot;:&quot;none&quot;}\" data-widget_type=\"image.default\">\n\t\t\t\t<div class=\"elementor-widget-container\">\n\t\t\t\t\t\t\t\t\t\t\t\t\t\t\t<img decoding=\"async\" width=\"1000\" height=\"750\" src=\"https:\/\/yingmeipack.com\/wp-content\/uploads\/2022\/11\/aluminum-jars-and-tins-factory-04.jpg\" class=\"elementor-animation-hang attachment-large size-large wp-image-175\" alt=\"usine de fabrication de pots et de bo\u00eetes en aluminium\" srcset=\"https:\/\/yingmeipack.com\/wp-content\/uploads\/2022\/11\/aluminum-jars-and-tins-factory-04.jpg 1000w, https:\/\/yingmeipack.com\/wp-content\/uploads\/2022\/11\/aluminum-jars-and-tins-factory-04-300x225.jpg 300w, https:\/\/yingmeipack.com\/wp-content\/uploads\/2022\/11\/aluminum-jars-and-tins-factory-04-768x576.jpg 768w, https:\/\/yingmeipack.com\/wp-content\/uploads\/2022\/11\/aluminum-jars-and-tins-factory-04-600x450.jpg 600w\" sizes=\"(max-width: 1000px) 100vw, 1000px\" \/>\t\t\t\t\t\t\t\t\t\t\t\t\t\t\t<\/div>\n\t\t\t\t<\/div>\n\t\t\t\t\t<\/div>\n\t\t<\/div>\n\t\t\t\t<div class=\"elementor-column elementor-col-50 elementor-inner-column elementor-element elementor-element-981d2d5\" data-id=\"981d2d5\" data-element_type=\"column\" data-settings=\"{&quot;background_background&quot;:&quot;classic&quot;}\">\n\t\t\t<div class=\"elementor-widget-wrap elementor-element-populated\">\n\t\t\t\t\t\t<div class=\"elementor-element elementor-element-0707c4d elementor-widget elementor-widget-heading\" data-id=\"0707c4d\" data-element_type=\"widget\" data-settings=\"{&quot;ekit_we_effect_on&quot;:&quot;none&quot;}\" data-widget_type=\"heading.default\">\n\t\t\t\t<div class=\"elementor-widget-container\">\n\t\t\t\t\t<h3 class=\"elementor-heading-title elementor-size-default\">Notre mission<\/h3>\t\t\t\t<\/div>\n\t\t\t\t<\/div>\n\t\t\t\t<div class=\"elementor-element elementor-element-6ad931e elementor-widget elementor-widget-text-editor\" data-id=\"6ad931e\" data-element_type=\"widget\" data-settings=\"{&quot;ekit_we_effect_on&quot;:&quot;none&quot;}\" data-widget_type=\"text-editor.default\">\n\t\t\t\t<div class=\"elementor-widget-container\">\n\t\t\t\t\t\t\t\t\t<p>Yingmei Packaging insiste sur l'\u00e9change de confiance avec sinc\u00e9rit\u00e9 et l'\u00e9tablissement d'affaires avec confiance. Remplir chaque promesse avec int\u00e9grit\u00e9 et agir de bonne foi en \u00e9change de la reconnaissance et de la confiance des clients, du public et de la soci\u00e9t\u00e9. Oser \u00eatre responsable des choses, prendre l'initiative d'\u00eatre responsable, remplir ses obligations automatiquement, et utiliser tout son sens des responsabilit\u00e9s et son d\u00e9vouement pour former une force motrice durable pour le d\u00e9veloppement de l'entreprise.<\/p>\t\t\t\t\t\t\t\t<\/div>\n\t\t\t\t<\/div>\n\t\t\t\t\t<\/div>\n\t\t<\/div>\n\t\t\t\t\t<\/div>\n\t\t<\/section>\n\t\t\t\t\t<\/div>\n\t\t<\/div>\n\t\t\t\t\t<\/div>\n\t\t<\/section>\n\t\t\t\t<\/div>","protected":false},"excerpt":{"rendered":"<p>About Us Video Gallery Our History Guiping Yingmei Packaging Products Co., Ltd. is mainly engaged in various packaging containers, packaging boxes, aluminum cans, aluminum lids, iron boxes, plastic bottles, cosmetic packaging boxes, jewelry boxes, jewelry boxes, watch boxes, napkin boxes, etc. Our company can accept drawings and samples for customization. There are thousands of sets&#8230;<\/p>","protected":false},"author":1,"featured_media":137,"parent":0,"menu_order":1,"comment_status":"open","ping_status":"closed","template":"","meta":{"_kad_post_transparent":"","_kad_post_title":"hide","_kad_post_layout":"fullwidth","_kad_post_sidebar_id":"","_kad_post_content_style":"unboxed","_kad_post_vertical_padding":"hide","_kad_post_feature":"hide","_kad_post_feature_position":"","_kad_post_header":false,"_kad_post_footer":false,"footnotes":""},"class_list":["post-45","page","type-page","status-publish","has-post-thumbnail","hentry"],"aioseo_notices":[],"jetpack_sharing_enabled":true,"_links":{"self":[{"href":"https:\/\/yingmeipack.com\/fr\/wp-json\/wp\/v2\/pages\/45","targetHints":{"allow":["GET"]}}],"collection":[{"href":"https:\/\/yingmeipack.com\/fr\/wp-json\/wp\/v2\/pages"}],"about":[{"href":"https:\/\/yingmeipack.com\/fr\/wp-json\/wp\/v2\/types\/page"}],"author":[{"embeddable":true,"href":"https:\/\/yingmeipack.com\/fr\/wp-json\/wp\/v2\/users\/1"}],"replies":[{"embeddable":true,"href":"https:\/\/yingmeipack.com\/fr\/wp-json\/wp\/v2\/comments?post=45"}],"version-history":[{"count":31,"href":"https:\/\/yingmeipack.com\/fr\/wp-json\/wp\/v2\/pages\/45\/revisions"}],"predecessor-version":[{"id":1036,"href":"https:\/\/yingmeipack.com\/fr\/wp-json\/wp\/v2\/pages\/45\/revisions\/1036"}],"wp:featuredmedia":[{"embeddable":true,"href":"https:\/\/yingmeipack.com\/fr\/wp-json\/wp\/v2\/media\/137"}],"wp:attachment":[{"href":"https:\/\/yingmeipack.com\/fr\/wp-json\/wp\/v2\/media?parent=45"}],"curies":[{"name":"wp","href":"https:\/\/api.w.org\/{rel}","templated":true}]}}