{"id":699,"date":"2022-11-27T02:47:54","date_gmt":"2022-11-27T02:47:54","guid":{"rendered":"https:\/\/yingmeipack.com\/?post_type=product&#038;p=699"},"modified":"2022-11-27T07:08:41","modified_gmt":"2022-11-27T07:08:41","slug":"custom-hexagon-black-metal-tin-container-with-flip-cover-lid","status":"publish","type":"product","link":"https:\/\/yingmeipack.com\/es\/product\/custom-hexagon-black-metal-tin-container-with-flip-cover-lid\/","title":{"rendered":"Envase de hojalata negro hexagonal personalizado con tapa abatible"},"content":{"rendered":"","protected":false},"excerpt":{"rendered":"<p>Envases de \"hojalata\" (acero) de seis caras y forma hexagonal con tapas deslizantes. Las latas no tienen bordes afilados, todos los bordes est\u00e1n redondeados y est\u00e1n fabricadas en metal de 0,24 mm. El precio incluye el contenedor y la tapa, que se env\u00edan montados. Las dimensiones son medidas exteriores punto a punto. Nuestras latas est\u00e1n hechas de acero 100% y no tienen un revestimiento interior de pl\u00e1stico, por lo que las sustancias c\u00e1usticas pueden hacer que el acero se oxide. Busque latas de conserva resistentes al \u00f3xido. Esta caja hexagonal de hojalata met\u00e1lica est\u00e1 fabricada en hierro esta\u00f1ado apto para uso alimentario. El tama\u00f1o es: 70*70*70mm. La micro-etiqueta y el tama\u00f1o se pueden personalizar. Es un tipo de tres piezas, tapa independiente y estructura de fondo gong, y utiliza tecnolog\u00eda de impresi\u00f3n CMYK. , La estructura de tapa independiente es conveniente para abrir y cerrar.<\/p>","protected":false},"featured_media":700,"template":"","meta":{"_kad_post_transparent":"default","_kad_post_title":"","_kad_post_layout":"default","_kad_post_sidebar_id":"","_kad_post_content_style":"default","_kad_post_vertical_padding":"default","_kad_post_feature":"","_kad_post_feature_position":"","_kad_post_header":false,"_kad_post_footer":false,"jetpack_publicize_message":"","jetpack_publicize_feature_enabled":true,"jetpack_social_post_already_shared":false,"jetpack_social_options":{"image_generator_settings":{"template":"highway","default_image_id":0,"enabled":false},"version":2}},"product_brand":[],"product_cat":[24,27,29],"product_tag":[271,273,272],"class_list":{"0":"post-699","1":"product","2":"type-product","3":"status-publish","4":"has-post-thumbnail","6":"product_cat-jars","7":"product_cat-metal-jars","8":"product_cat-tinplate-jars","9":"product_tag-hexagon-black-metal-tin","10":"product_tag-hexagon-metal-container","11":"product_tag-hexagon-metal-tin","13":"first","14":"instock","15":"shipping-taxable","16":"product-type-simple","17":"entry","18":"content-bg","19":"loop-entry"},"aioseo_notices":[],"jetpack_publicize_connections":[],"jetpack_sharing_enabled":true,"_links":{"self":[{"href":"https:\/\/yingmeipack.com\/es\/wp-json\/wp\/v2\/product\/699","targetHints":{"allow":["GET"]}}],"collection":[{"href":"https:\/\/yingmeipack.com\/es\/wp-json\/wp\/v2\/product"}],"about":[{"href":"https:\/\/yingmeipack.com\/es\/wp-json\/wp\/v2\/types\/product"}],"version-history":[{"count":1,"href":"https:\/\/yingmeipack.com\/es\/wp-json\/wp\/v2\/product\/699\/revisions"}],"predecessor-version":[{"id":706,"href":"https:\/\/yingmeipack.com\/es\/wp-json\/wp\/v2\/product\/699\/revisions\/706"}],"wp:featuredmedia":[{"embeddable":true,"href":"https:\/\/yingmeipack.com\/es\/wp-json\/wp\/v2\/media\/700"}],"wp:attachment":[{"href":"https:\/\/yingmeipack.com\/es\/wp-json\/wp\/v2\/media?parent=699"}],"wp:term":[{"taxonomy":"product_brand","embeddable":true,"href":"https:\/\/yingmeipack.com\/es\/wp-json\/wp\/v2\/product_brand?post=699"},{"taxonomy":"product_cat","embeddable":true,"href":"https:\/\/yingmeipack.com\/es\/wp-json\/wp\/v2\/product_cat?post=699"},{"taxonomy":"product_tag","embeddable":true,"href":"https:\/\/yingmeipack.com\/es\/wp-json\/wp\/v2\/product_tag?post=699"}],"curies":[{"name":"wp","href":"https:\/\/api.w.org\/{rel}","templated":true}]}}