{"id":690,"date":"2022-11-27T02:36:18","date_gmt":"2022-11-27T02:36:18","guid":{"rendered":"https:\/\/yingmeipack.com\/?post_type=product&#038;p=690"},"modified":"2022-11-27T02:44:53","modified_gmt":"2022-11-27T02:44:53","slug":"oval-refillable-aluminum-tins-jars-containers-with-screw-lid","status":"publish","type":"product","link":"https:\/\/yingmeipack.com\/es\/product\/oval-refillable-aluminum-tins-jars-containers-with-screw-lid\/","title":{"rendered":"Latas Ovaladas de Aluminio Rellenables Tarros Contenedores con Tapa a Rosca"},"content":{"rendered":"","protected":false},"excerpt":{"rendered":"<p>Envase de metal con tapa de rosca: Cada lata vac\u00eda es partido con una tapa de rosca, puede prevenir con eficacia la salida, fabricaci\u00f3n de aluminio de alta calidad, durable, ligero.<br \/>\n10 Ounces: Each tin can container Outside size: 88*55 mm, meets your multipurpose uses.<br \/>\nAmpliamente utilizado para productos hechos a mano: Se puede utilizar para b\u00e1lsamos labiales, brillo de labios, cremas, cosm\u00e9ticos, velas, jab\u00f3n, b\u00e1lsamo, caramelos, monedas, muestra, hierbas y especias, etc.<br \/>\nWhat You Get: 6 Pcs aluminum round containers with screw lids, Silver color, These tin cans have no sharp edges, all edges are rounded and are seamlessly formed.<br \/>\n10 Ounce Aluminum Screw Lids Containers, screw top lids for tight sealing, no worries of leakage, for home, office, workshop, school storage, They are also suitable for slime storage, making candles and handmade lotions.<\/p>\n<div style=\"width: 1280px;\" class=\"wp-video\"><!--[if lt IE 9]><script>document.createElement('video');<\/script><![endif]--><br \/>\n<video class=\"wp-video-shortcode\" id=\"video-690-1\" width=\"1280\" height=\"720\" loop autoplay preload=\"auto\" controls=\"controls\"><source type=\"video\/mp4\" src=\"http:\/\/yingmeipack.com\/wp-content\/uploads\/2022\/11\/Black-Aluminum-Container-with-Screw-Lid.mp4?_=1\" \/><a href=\"http:\/\/yingmeipack.com\/wp-content\/uploads\/2022\/11\/Black-Aluminum-Container-with-Screw-Lid.mp4\">http:\/\/yingmeipack.com\/wp-content\/uploads\/2022\/11\/Black-Aluminum-Container-with-Screw-Lid.mp4<\/a><\/video><\/div>","protected":false},"featured_media":691,"template":"","meta":{"_kad_post_transparent":"default","_kad_post_title":"","_kad_post_layout":"default","_kad_post_sidebar_id":"","_kad_post_content_style":"default","_kad_post_vertical_padding":"default","_kad_post_feature":"","_kad_post_feature_position":"","_kad_post_header":false,"_kad_post_footer":false,"jetpack_publicize_message":"","jetpack_publicize_feature_enabled":true,"jetpack_social_post_already_shared":false,"jetpack_social_options":{"image_generator_settings":{"template":"highway","default_image_id":0,"enabled":false},"version":2}},"product_brand":[],"product_cat":[28,24,27],"product_tag":[270,269,268],"class_list":{"0":"post-690","1":"product","2":"type-product","3":"status-publish","4":"has-post-thumbnail","6":"product_cat-aluminum-jars","7":"product_cat-jars","8":"product_cat-metal-jars","9":"product_tag-oval-aluminum-containers","10":"product_tag-oval-aluminum-jars","11":"product_tag-oval-aluminum-tins","13":"first","14":"instock","15":"shipping-taxable","16":"product-type-simple","17":"entry","18":"content-bg","19":"loop-entry"},"aioseo_notices":[],"jetpack_publicize_connections":[],"jetpack_sharing_enabled":true,"_links":{"self":[{"href":"https:\/\/yingmeipack.com\/es\/wp-json\/wp\/v2\/product\/690","targetHints":{"allow":["GET"]}}],"collection":[{"href":"https:\/\/yingmeipack.com\/es\/wp-json\/wp\/v2\/product"}],"about":[{"href":"https:\/\/yingmeipack.com\/es\/wp-json\/wp\/v2\/types\/product"}],"version-history":[{"count":1,"href":"https:\/\/yingmeipack.com\/es\/wp-json\/wp\/v2\/product\/690\/revisions"}],"predecessor-version":[{"id":698,"href":"https:\/\/yingmeipack.com\/es\/wp-json\/wp\/v2\/product\/690\/revisions\/698"}],"wp:featuredmedia":[{"embeddable":true,"href":"https:\/\/yingmeipack.com\/es\/wp-json\/wp\/v2\/media\/691"}],"wp:attachment":[{"href":"https:\/\/yingmeipack.com\/es\/wp-json\/wp\/v2\/media?parent=690"}],"wp:term":[{"taxonomy":"product_brand","embeddable":true,"href":"https:\/\/yingmeipack.com\/es\/wp-json\/wp\/v2\/product_brand?post=690"},{"taxonomy":"product_cat","embeddable":true,"href":"https:\/\/yingmeipack.com\/es\/wp-json\/wp\/v2\/product_cat?post=690"},{"taxonomy":"product_tag","embeddable":true,"href":"https:\/\/yingmeipack.com\/es\/wp-json\/wp\/v2\/product_tag?post=690"}],"curies":[{"name":"wp","href":"https:\/\/api.w.org\/{rel}","templated":true}]}}