{"id":683,"date":"2022-11-26T14:33:50","date_gmt":"2022-11-26T14:33:50","guid":{"rendered":"https:\/\/yingmeipack.com\/?post_type=product&#038;p=683"},"modified":"2022-11-26T15:37:15","modified_gmt":"2022-11-26T15:37:15","slug":"frosted-foaming-dispenser-travel-soap-bottle-for-cleaning","status":"publish","type":"product","link":"https:\/\/yingmeipack.com\/es\/product\/frosted-foaming-dispenser-travel-soap-bottle-for-cleaning\/","title":{"rendered":"Dispensador de espuma esmerilado Botella de jab\u00f3n de viaje para limpieza"},"content":{"rendered":"","protected":false},"excerpt":{"rendered":"<p>Esta botella de espuma limpiadora vac\u00eda es inodora y est\u00e1 fabricada con pl\u00e1stico PET (sin BPA). El dispensador de espuma es recargable y reutilizable y es duradero. El juego incluye 4 botellas vac\u00edas, f\u00e1ciles de transportar. Justo lo que necesitaba para sus viajes cuando quiera llevar sus propios l\u00edquidos espumosos. Puede utilizar las botellas de viaje para ahorrar detergente, cabe en cualquier lugar. Ideal para desinfectante de manos espumoso DIY, su propio limpiador de pesta\u00f1as perfecto, crema de ducha, leche de lavado, detergente, champ\u00fa, gel de ducha, etc. A trav\u00e9s de la botella de la bomba de espuma, puede obtener espuma rica. Para tener una experiencia de ba\u00f1o m\u00e1s c\u00f3moda. La rosca apretada y el dise\u00f1o de encaje de la botella evitan cualquier fuga, por lo que puede poner con seguridad la botella de espuma de viaje en la bolsa sin preocuparse por la fuga de l\u00edquido. Las botellas de espuma para el lavado de cara vac\u00edas se pueden utilizar para el hogar, la cocina, el ba\u00f1o, la oficina, el viaje de negocios, el viaje de vacaciones.<\/p>","protected":false},"featured_media":684,"template":"","meta":{"_kad_post_transparent":"default","_kad_post_title":"","_kad_post_layout":"default","_kad_post_sidebar_id":"","_kad_post_content_style":"default","_kad_post_vertical_padding":"default","_kad_post_feature":"","_kad_post_feature_position":"","_kad_post_header":false,"_kad_post_footer":false,"jetpack_publicize_message":"","jetpack_publicize_feature_enabled":true,"jetpack_social_post_already_shared":false,"jetpack_social_options":{"image_generator_settings":{"template":"highway","default_image_id":0,"enabled":false},"version":2}},"product_brand":[],"product_cat":[31],"product_tag":[267,264,266,265],"class_list":{"0":"post-683","1":"product","2":"type-product","3":"status-publish","4":"has-post-thumbnail","6":"product_cat-foamer-bottles","7":"product_tag-dispenser-travel-bottle","8":"product_tag-foaming-dispenser-bottle","9":"product_tag-frosted-foaming-bottle","10":"product_tag-travel-soap-bottle","12":"first","13":"instock","14":"shipping-taxable","15":"product-type-simple","16":"entry","17":"content-bg","18":"loop-entry"},"aioseo_notices":[],"jetpack_publicize_connections":[],"jetpack_sharing_enabled":true,"_links":{"self":[{"href":"https:\/\/yingmeipack.com\/es\/wp-json\/wp\/v2\/product\/683","targetHints":{"allow":["GET"]}}],"collection":[{"href":"https:\/\/yingmeipack.com\/es\/wp-json\/wp\/v2\/product"}],"about":[{"href":"https:\/\/yingmeipack.com\/es\/wp-json\/wp\/v2\/types\/product"}],"version-history":[{"count":1,"href":"https:\/\/yingmeipack.com\/es\/wp-json\/wp\/v2\/product\/683\/revisions"}],"predecessor-version":[{"id":689,"href":"https:\/\/yingmeipack.com\/es\/wp-json\/wp\/v2\/product\/683\/revisions\/689"}],"wp:featuredmedia":[{"embeddable":true,"href":"https:\/\/yingmeipack.com\/es\/wp-json\/wp\/v2\/media\/684"}],"wp:attachment":[{"href":"https:\/\/yingmeipack.com\/es\/wp-json\/wp\/v2\/media?parent=683"}],"wp:term":[{"taxonomy":"product_brand","embeddable":true,"href":"https:\/\/yingmeipack.com\/es\/wp-json\/wp\/v2\/product_brand?post=683"},{"taxonomy":"product_cat","embeddable":true,"href":"https:\/\/yingmeipack.com\/es\/wp-json\/wp\/v2\/product_cat?post=683"},{"taxonomy":"product_tag","embeddable":true,"href":"https:\/\/yingmeipack.com\/es\/wp-json\/wp\/v2\/product_tag?post=683"}],"curies":[{"name":"wp","href":"https:\/\/api.w.org\/{rel}","templated":true}]}}