{"id":660,"date":"2022-11-26T08:01:20","date_gmt":"2022-11-26T08:01:20","guid":{"rendered":"https:\/\/yingmeipack.com\/?post_type=product&#038;p=660"},"modified":"2022-11-26T08:06:37","modified_gmt":"2022-11-26T08:06:37","slug":"15ml-glass-bottles-container-jars-with-screw-aluminum-cap","status":"publish","type":"product","link":"https:\/\/yingmeipack.com\/es\/product\/15ml-glass-bottles-container-jars-with-screw-aluminum-cap\/","title":{"rendered":"Botellas de Vidrio de 15ml Tarros Contenedores con Tapa de Aluminio a Rosca"},"content":{"rendered":"","protected":false},"excerpt":{"rendered":"<p>Material: botella de vidrio y tap\u00f3n de aluminio.<br \/>\nDimensiones: Di\u00e1metro exterior: 30mm\/1,18\u2033; Altura: 40mm\/1,57\u2033; Di\u00e1metro interior:21mm\/0,82\u2033. Capacidad: 15ml.<br \/>\nMini tama\u00f1o y material fuerte, ideal para la fabricaci\u00f3n de artesan\u00eda DIY, fabricaci\u00f3n de joyas, decoraci\u00f3n de la boda y el contenedor de almacenamiento<br \/>\nTama\u00f1o perfecto para guardar aceite esencial, polvos, crema, ung\u00fcentos, grasa, muestras y otros cosm\u00e9ticos de maquillaje.<br \/>\nEl paquete incluye: 12 unidades de botellas de vidrio de 15 ml con tap\u00f3n de aluminio.<\/p>","protected":false},"featured_media":661,"template":"","meta":{"_kad_post_transparent":"default","_kad_post_title":"","_kad_post_layout":"default","_kad_post_sidebar_id":"","_kad_post_content_style":"default","_kad_post_vertical_padding":"default","_kad_post_feature":"","_kad_post_feature_position":"","_kad_post_header":false,"_kad_post_footer":false,"jetpack_publicize_message":"","jetpack_publicize_feature_enabled":true,"jetpack_social_post_already_shared":false,"jetpack_social_options":{"image_generator_settings":{"template":"highway","default_image_id":0,"enabled":false},"version":2}},"product_brand":[],"product_cat":[19,21,26,24,22],"product_tag":[255,256,257,258],"class_list":{"0":"post-660","1":"product","2":"type-product","3":"status-publish","4":"has-post-thumbnail","6":"product_cat-bottles","7":"product_cat-glass-bottles","8":"product_cat-glass-jars","9":"product_cat-jars","10":"product_cat-round-glass-bottles","11":"product_tag-15ml-glass-bottles","12":"product_tag-15ml-glass-container","13":"product_tag-15ml-glass-jars","14":"product_tag-glass-jars-with-screw-aluminum-cap","16":"first","17":"instock","18":"shipping-taxable","19":"product-type-simple","20":"entry","21":"content-bg","22":"loop-entry"},"aioseo_notices":[],"jetpack_publicize_connections":[],"jetpack_sharing_enabled":true,"_links":{"self":[{"href":"https:\/\/yingmeipack.com\/es\/wp-json\/wp\/v2\/product\/660","targetHints":{"allow":["GET"]}}],"collection":[{"href":"https:\/\/yingmeipack.com\/es\/wp-json\/wp\/v2\/product"}],"about":[{"href":"https:\/\/yingmeipack.com\/es\/wp-json\/wp\/v2\/types\/product"}],"version-history":[{"count":1,"href":"https:\/\/yingmeipack.com\/es\/wp-json\/wp\/v2\/product\/660\/revisions"}],"predecessor-version":[{"id":665,"href":"https:\/\/yingmeipack.com\/es\/wp-json\/wp\/v2\/product\/660\/revisions\/665"}],"wp:featuredmedia":[{"embeddable":true,"href":"https:\/\/yingmeipack.com\/es\/wp-json\/wp\/v2\/media\/661"}],"wp:attachment":[{"href":"https:\/\/yingmeipack.com\/es\/wp-json\/wp\/v2\/media?parent=660"}],"wp:term":[{"taxonomy":"product_brand","embeddable":true,"href":"https:\/\/yingmeipack.com\/es\/wp-json\/wp\/v2\/product_brand?post=660"},{"taxonomy":"product_cat","embeddable":true,"href":"https:\/\/yingmeipack.com\/es\/wp-json\/wp\/v2\/product_cat?post=660"},{"taxonomy":"product_tag","embeddable":true,"href":"https:\/\/yingmeipack.com\/es\/wp-json\/wp\/v2\/product_tag?post=660"}],"curies":[{"name":"wp","href":"https:\/\/api.w.org\/{rel}","templated":true}]}}