{"id":640,"date":"2022-11-26T05:02:14","date_gmt":"2022-11-26T05:02:14","guid":{"rendered":"https:\/\/yingmeipack.com\/?post_type=product&#038;p=640"},"modified":"2022-11-26T07:26:33","modified_gmt":"2022-11-26T07:26:33","slug":"customizable-brushed-gold-aluminum-screw-cap-with-foam-liner","status":"publish","type":"product","link":"https:\/\/yingmeipack.com\/es\/product\/customizable-brushed-gold-aluminum-screw-cap-with-foam-liner\/","title":{"rendered":"Tap\u00f3n de rosca personalizable de aluminio dorado cepillado con revestimiento de espuma"},"content":{"rendered":"","protected":false},"excerpt":{"rendered":"<p>Tap\u00f3n de rosca met\u00e1lico de aluminio dorado con opciones de revestimiento personalizables que incluyen espuma de PE, espuma de sellado, pulpa y aluminio, sellado t\u00e9rmico, papel de aluminio, sellado sensible a la presi\u00f3n, pulpa y poli\u00e9ster y plastisol. Estos tapones se fabrican en China bajo pedido, por favor espere de 1 a 2 semanas para la fabricaci\u00f3n y la instalaci\u00f3n regular del liner. Para pedidos de 5 cajas o m\u00e1s, p\u00f3ngase en contacto con nosotros para conocer el tiempo de producci\u00f3n actualizado antes de realizar el pedido. Hay muchos factores que deben tenerse en cuenta a la hora de seleccionar un liner para su producto. A continuaci\u00f3n hemos reunido algunas directrices generales y de uso com\u00fan. Tenga en cuenta que se trata de directrices generales y no de recomendaciones espec\u00edficas.<\/p>","protected":false},"featured_media":641,"template":"","meta":{"_kad_post_transparent":"default","_kad_post_title":"","_kad_post_layout":"default","_kad_post_sidebar_id":"","_kad_post_content_style":"default","_kad_post_vertical_padding":"default","_kad_post_feature":"","_kad_post_feature_position":"","_kad_post_header":false,"_kad_post_footer":false,"jetpack_publicize_message":"","jetpack_publicize_feature_enabled":true,"jetpack_social_post_already_shared":false,"jetpack_social_options":{"image_generator_settings":{"template":"highway","default_image_id":0,"enabled":false},"version":2}},"product_brand":[],"product_cat":[34],"product_tag":[189,249,248,247],"class_list":{"0":"post-640","1":"product","2":"type-product","3":"status-publish","4":"has-post-thumbnail","6":"product_cat-caps","7":"product_tag-aluminum-screw-cap","8":"product_tag-aluminum-screw-cap-with-foam-liner","9":"product_tag-brushed-aluminum-screw-cap","10":"product_tag-gold-aluminum-screw-cap","12":"first","13":"instock","14":"shipping-taxable","15":"product-type-simple","16":"entry","17":"content-bg","18":"loop-entry"},"aioseo_notices":[],"jetpack_publicize_connections":[],"jetpack_sharing_enabled":true,"_links":{"self":[{"href":"https:\/\/yingmeipack.com\/es\/wp-json\/wp\/v2\/product\/640","targetHints":{"allow":["GET"]}}],"collection":[{"href":"https:\/\/yingmeipack.com\/es\/wp-json\/wp\/v2\/product"}],"about":[{"href":"https:\/\/yingmeipack.com\/es\/wp-json\/wp\/v2\/types\/product"}],"version-history":[{"count":2,"href":"https:\/\/yingmeipack.com\/es\/wp-json\/wp\/v2\/product\/640\/revisions"}],"predecessor-version":[{"id":649,"href":"https:\/\/yingmeipack.com\/es\/wp-json\/wp\/v2\/product\/640\/revisions\/649"}],"wp:featuredmedia":[{"embeddable":true,"href":"https:\/\/yingmeipack.com\/es\/wp-json\/wp\/v2\/media\/641"}],"wp:attachment":[{"href":"https:\/\/yingmeipack.com\/es\/wp-json\/wp\/v2\/media?parent=640"}],"wp:term":[{"taxonomy":"product_brand","embeddable":true,"href":"https:\/\/yingmeipack.com\/es\/wp-json\/wp\/v2\/product_brand?post=640"},{"taxonomy":"product_cat","embeddable":true,"href":"https:\/\/yingmeipack.com\/es\/wp-json\/wp\/v2\/product_cat?post=640"},{"taxonomy":"product_tag","embeddable":true,"href":"https:\/\/yingmeipack.com\/es\/wp-json\/wp\/v2\/product_tag?post=640"}],"curies":[{"name":"wp","href":"https:\/\/api.w.org\/{rel}","templated":true}]}}