{"id":629,"date":"2022-11-26T03:23:27","date_gmt":"2022-11-26T03:23:27","guid":{"rendered":"https:\/\/yingmeipack.com\/?post_type=product&#038;p=629"},"modified":"2022-11-26T05:00:46","modified_gmt":"2022-11-26T05:00:46","slug":"brushed-gold-smooth-metal-shelled-jar-caps-with-foam-liner","status":"publish","type":"product","link":"https:\/\/yingmeipack.com\/es\/product\/brushed-gold-smooth-metal-shelled-jar-caps-with-foam-liner\/","title":{"rendered":"Tapas de tarro de concha met\u00e1lica lisa dorada cepillada con forro de espuma"},"content":{"rendered":"","protected":false},"excerpt":{"rendered":"<p>Tap\u00f3n dorado cepillado, liso, con carcasa met\u00e1lica, de rosca continua, con acabado de cuello 58-400 y revestimiento de espuma. Com\u00fanmente utilizado para art\u00edculos de alimentaci\u00f3n, lociones, jabones, cremas y art\u00edculos de cuidado personal. Los tapones de rosca continua son populares en una amplia gama de industrias mayoristas de alimentaci\u00f3n, cuidado personal, cuidado de mascotas, productos para el hogar, productos industriales, salud y belleza, arte, artesan\u00eda, pasatiempos y casi cualquier otro segmento del mercado. Este tap\u00f3n de polipropileno (PP) tiene una alta tolerancia al calor y es muy duradero.<br \/>\nLos liners de espuma son compatibles con muchas sustancias, una opci\u00f3n econ\u00f3mica y tambi\u00e9n pueden utilizarse para ocupar espacio en la parte superior del tap\u00f3n cuando la rosca del cuello no es lo suficientemente alta como para lograr un cierre herm\u00e9tico. Las pezoneras son un aspetc. importante de todo tap\u00f3n de rosca continua y es mejor probar los productos con el tap\u00f3n para determinar qu\u00e9 pezonera se ajustar\u00e1 mejor. Los revestimientos de espuma no crean cierres herm\u00e9ticos.<\/p>\n<div style=\"width: 1290px;\" class=\"wp-video\"><!--[if lt IE 9]><script>document.createElement('video');<\/script><![endif]--><br \/>\n<video class=\"wp-video-shortcode\" id=\"video-629-1\" width=\"1290\" height=\"726\" loop autoplay preload=\"auto\" controls=\"controls\"><source type=\"video\/mp4\" src=\"http:\/\/yingmeipack.com\/wp-content\/uploads\/2022\/11\/Metal-Shelled-Jar-Caps1..mp4?_=1\" \/><a href=\"http:\/\/yingmeipack.com\/wp-content\/uploads\/2022\/11\/Metal-Shelled-Jar-Caps1..mp4\">http:\/\/yingmeipack.com\/wp-content\/uploads\/2022\/11\/Metal-Shelled-Jar-Caps1..mp4<\/a><\/video><\/div>","protected":false},"featured_media":630,"template":"","meta":{"_kad_post_transparent":"default","_kad_post_title":"","_kad_post_layout":"default","_kad_post_sidebar_id":"","_kad_post_content_style":"default","_kad_post_vertical_padding":"default","_kad_post_feature":"","_kad_post_feature_position":"","_kad_post_header":false,"_kad_post_footer":false,"jetpack_publicize_message":"","jetpack_publicize_feature_enabled":true,"jetpack_social_post_already_shared":false,"jetpack_social_options":{"image_generator_settings":{"template":"highway","default_image_id":0,"enabled":false},"version":2}},"product_brand":[],"product_cat":[38,41],"product_tag":[246,245,244,243],"class_list":{"0":"post-629","1":"product","2":"type-product","3":"status-publish","4":"has-post-thumbnail","6":"product_cat-powder","7":"product_cat-powder-caps","8":"product_tag-brushed-gold-jar-caps","9":"product_tag-gold-jar-caps","10":"product_tag-jar-caps-with-foam-liner","11":"product_tag-metal-shelled-jar-caps","13":"first","14":"instock","15":"shipping-taxable","16":"product-type-simple","17":"entry","18":"content-bg","19":"loop-entry"},"aioseo_notices":[],"jetpack_publicize_connections":[],"jetpack_sharing_enabled":true,"_links":{"self":[{"href":"https:\/\/yingmeipack.com\/es\/wp-json\/wp\/v2\/product\/629","targetHints":{"allow":["GET"]}}],"collection":[{"href":"https:\/\/yingmeipack.com\/es\/wp-json\/wp\/v2\/product"}],"about":[{"href":"https:\/\/yingmeipack.com\/es\/wp-json\/wp\/v2\/types\/product"}],"version-history":[{"count":2,"href":"https:\/\/yingmeipack.com\/es\/wp-json\/wp\/v2\/product\/629\/revisions"}],"predecessor-version":[{"id":639,"href":"https:\/\/yingmeipack.com\/es\/wp-json\/wp\/v2\/product\/629\/revisions\/639"}],"wp:featuredmedia":[{"embeddable":true,"href":"https:\/\/yingmeipack.com\/es\/wp-json\/wp\/v2\/media\/630"}],"wp:attachment":[{"href":"https:\/\/yingmeipack.com\/es\/wp-json\/wp\/v2\/media?parent=629"}],"wp:term":[{"taxonomy":"product_brand","embeddable":true,"href":"https:\/\/yingmeipack.com\/es\/wp-json\/wp\/v2\/product_brand?post=629"},{"taxonomy":"product_cat","embeddable":true,"href":"https:\/\/yingmeipack.com\/es\/wp-json\/wp\/v2\/product_cat?post=629"},{"taxonomy":"product_tag","embeddable":true,"href":"https:\/\/yingmeipack.com\/es\/wp-json\/wp\/v2\/product_tag?post=629"}],"curies":[{"name":"wp","href":"https:\/\/api.w.org\/{rel}","templated":true}]}}