{"id":620,"date":"2022-11-26T03:00:20","date_gmt":"2022-11-26T03:00:20","guid":{"rendered":"https:\/\/yingmeipack.com\/?post_type=product&#038;p=620"},"modified":"2025-06-05T09:19:36","modified_gmt":"2025-06-05T09:19:36","slug":"180ml-6oz-black-round-screw-top-aluminum-tin-cans-containers","status":"publish","type":"product","link":"https:\/\/yingmeipack.com\/es\/product\/180ml-6oz-black-round-screw-top-aluminum-tin-cans-containers\/","title":{"rendered":"180ml 6oz Negro Redondo Tornillo Tapa Aluminio Latas Envases"},"content":{"rendered":"","protected":false},"excerpt":{"rendered":"<p>Estas latas redondas con tapa de rosca son de aluminio de calidad, ligeras en peso pero duraderas en estructura, resistentes a la corrosi\u00f3n y reutilizables, se pueden aplicar durante mucho tiempo; No hay bordes puntiagudos alrededor de este tarro, todos los bordes est\u00e1n redondeados y formados sin costuras, no causar\u00e1n da\u00f1o durante el uso, por lo que se puede aplicar con confianza. Cada tarro de esta\u00f1o de aluminio viene con una tapa de rosca, que es a prueba de fugas y herm\u00e9ticamente sellado para evitar el riesgo de fugas o fusi\u00f3n, la protecci\u00f3n de sus productos de la exposici\u00f3n a la luz y alta temperatura, extender su per\u00edodo de uso; Tambi\u00e9n son convenientes para abrir y cerrar, ahorrar su tiempo y esfuerzos. Nuestros envases de lata para b\u00e1lsamo labial son ideales para guardar b\u00e1lsamos labiales, velas, b\u00e1lsamo casero para la barba, cuentas, botones, manteca para la barba, monedas, cremas, caramelos, peque\u00f1as joyas y otros art\u00edculos peque\u00f1os, que le aportar\u00e1n mucha comodidad en la organizaci\u00f3n y el almacenamiento diarios; Es mejor usar diferentes latas para guardar diferentes art\u00edculos por higiene. Cada lata mide aprox. 92*28mm, su capacidad es de 6 onzas\/ 180 ml, tama\u00f1o adecuado para el uso diario. Las latas redondas con tap\u00f3n de rosca, finamente elaboradas y de color cl\u00e1sico, tienen un estilo sencillo y cl\u00e1sico que se puede poner sobre la mesa para decorar la habitaci\u00f3n. Gracias a su bonito dise\u00f1o y pr\u00e1ctica funci\u00f3n, estas latas tambi\u00e9n pueden ser bonitos recipientes para regalar caramelos, recuerdos de fiestas o bombones caseros en bodas, aniversarios y otras ocasiones.<\/p>\n<div style=\"width: 1290px;\" class=\"wp-video\"><!--[if lt IE 9]><script>document.createElement('video');<\/script><![endif]--><br \/>\n<video class=\"wp-video-shortcode\" id=\"video-620-1\" width=\"1290\" height=\"726\" loop autoplay preload=\"auto\" controls=\"controls\"><source type=\"video\/mp4\" src=\"http:\/\/yingmeipack.com\/wp-content\/uploads\/2022\/11\/Matte-Black-Aluminum-Jar.mp4?_=1\" \/><a href=\"http:\/\/yingmeipack.com\/wp-content\/uploads\/2022\/11\/Matte-Black-Aluminum-Jar.mp4\">http:\/\/yingmeipack.com\/wp-content\/uploads\/2022\/11\/Matte-Black-Aluminum-Jar.mp4<\/a><\/video><\/div>","protected":false},"featured_media":621,"template":"","meta":{"_kad_post_transparent":"default","_kad_post_title":"","_kad_post_layout":"default","_kad_post_sidebar_id":"","_kad_post_content_style":"default","_kad_post_vertical_padding":"default","_kad_post_feature":"","_kad_post_feature_position":"","_kad_post_header":false,"_kad_post_footer":false,"jetpack_publicize_message":"","jetpack_publicize_feature_enabled":true,"jetpack_social_post_already_shared":false,"jetpack_social_options":{"image_generator_settings":{"template":"highway","default_image_id":0,"enabled":false},"version":2}},"product_brand":[],"product_cat":[28,24,27],"product_tag":[239,240,241,242],"class_list":{"0":"post-620","1":"product","2":"type-product","3":"status-publish","4":"has-post-thumbnail","6":"product_cat-aluminum-jars","7":"product_cat-jars","8":"product_cat-metal-jars","9":"product_tag-180ml-black-aluminum-tin","10":"product_tag-6oz-black-aluminum-tin","11":"product_tag-screw-top-aluminum-cans","12":"product_tag-screw-top-aluminum-containers","14":"first","15":"instock","16":"shipping-taxable","17":"purchasable","18":"product-type-simple","19":"entry","20":"content-bg","21":"loop-entry"},"aioseo_notices":[],"jetpack_publicize_connections":[],"jetpack_sharing_enabled":true,"_links":{"self":[{"href":"https:\/\/yingmeipack.com\/es\/wp-json\/wp\/v2\/product\/620","targetHints":{"allow":["GET"]}}],"collection":[{"href":"https:\/\/yingmeipack.com\/es\/wp-json\/wp\/v2\/product"}],"about":[{"href":"https:\/\/yingmeipack.com\/es\/wp-json\/wp\/v2\/types\/product"}],"version-history":[{"count":1,"href":"https:\/\/yingmeipack.com\/es\/wp-json\/wp\/v2\/product\/620\/revisions"}],"predecessor-version":[{"id":628,"href":"https:\/\/yingmeipack.com\/es\/wp-json\/wp\/v2\/product\/620\/revisions\/628"}],"wp:featuredmedia":[{"embeddable":true,"href":"https:\/\/yingmeipack.com\/es\/wp-json\/wp\/v2\/media\/621"}],"wp:attachment":[{"href":"https:\/\/yingmeipack.com\/es\/wp-json\/wp\/v2\/media?parent=620"}],"wp:term":[{"taxonomy":"product_brand","embeddable":true,"href":"https:\/\/yingmeipack.com\/es\/wp-json\/wp\/v2\/product_brand?post=620"},{"taxonomy":"product_cat","embeddable":true,"href":"https:\/\/yingmeipack.com\/es\/wp-json\/wp\/v2\/product_cat?post=620"},{"taxonomy":"product_tag","embeddable":true,"href":"https:\/\/yingmeipack.com\/es\/wp-json\/wp\/v2\/product_tag?post=620"}],"curies":[{"name":"wp","href":"https:\/\/api.w.org\/{rel}","templated":true}]}}