{"id":612,"date":"2022-11-26T02:45:07","date_gmt":"2022-11-26T02:45:07","guid":{"rendered":"https:\/\/yingmeipack.com\/?post_type=product&#038;p=612"},"modified":"2022-11-26T02:57:19","modified_gmt":"2022-11-26T02:57:19","slug":"bpa-free-empty-refillable-plastic-cosmetic-containers-jars","status":"publish","type":"product","link":"https:\/\/yingmeipack.com\/es\/product\/bpa-free-empty-refillable-plastic-cosmetic-containers-jars\/","title":{"rendered":"BPA Free Envases de pl\u00e1stico vac\u00edos y rellenables para cosm\u00e9ticos"},"content":{"rendered":"","protected":false},"excerpt":{"rendered":"<p>Material de alta calidad: El cuerpo del envase es de PET y la tapa de PP. Sin BPA. Duradero, no se rompe f\u00e1cilmente, ligero y reutilizable. Adem\u00e1s de garantizar la seguridad de los materiales, tiene una alta resistencia qu\u00edmica y una gran resistencia a los impactos.<br \/>\nAlmacenamiento port\u00e1til: Latas de almacenamiento de lado recto, juegos m\u00faltiples, f\u00e1ciles de empacar diferentes art\u00edculos. Estos peque\u00f1os contenedores ser\u00e1n completamente adecuados para su bolso, mochila o bolsa de fitness. Estos pueden ser almacenados o exhibidos en el estante, que es muy conveniente para llevar o viajar.<br \/>\nDise\u00f1o a prueba de fugas: juego de diez de 2oz. Cada recipiente de pl\u00e1stico est\u00e1 equipado con una tapa negra, una junta de espuma y una junta de mano, para que el recipiente de pl\u00e1stico tenga un buen efecto de sellado.<br \/>\nDise\u00f1o suave y redondo: El dise\u00f1o de arco circular puede DIY diferentes estilos de latas que te gusta y garantizar la sensaci\u00f3n de la mano al mismo tiempo. Sin embargo, tenga en cuenta que el papel de la etiqueta no est\u00e1 incluido en el paquete.<br \/>\nDise\u00f1o vertical de boca ancha: El dise\u00f1o de boca ancha es f\u00e1cil de almacenar y tomar, y el dise\u00f1o de boca poco profunda es f\u00e1cil de limpiar, pero por favor evite la desinfecci\u00f3n a alta temperatura y no lo ponga en el lavavajillas.<\/p>","protected":false},"featured_media":613,"template":"","meta":{"_kad_post_transparent":"default","_kad_post_title":"","_kad_post_layout":"default","_kad_post_sidebar_id":"","_kad_post_content_style":"default","_kad_post_vertical_padding":"default","_kad_post_feature":"","_kad_post_feature_position":"","_kad_post_header":false,"_kad_post_footer":false,"jetpack_publicize_message":"","jetpack_publicize_feature_enabled":true,"jetpack_social_post_already_shared":false,"jetpack_social_options":{"image_generator_settings":{"template":"highway","default_image_id":0,"enabled":false},"version":2}},"product_brand":[],"product_cat":[19,24,20,25],"product_tag":[235,236,237,238],"class_list":{"0":"post-612","1":"product","2":"type-product","3":"status-publish","4":"has-post-thumbnail","6":"product_cat-bottles","7":"product_cat-jars","8":"product_cat-plastic-bottles","9":"product_cat-plastic-jars","10":"product_tag-bpa-free-plastic-jars","11":"product_tag-plastic-cosmetic-containers","12":"product_tag-plastic-cosmetic-jars","13":"product_tag-refillable-plastic-cosmetic-containers","15":"first","16":"instock","17":"shipping-taxable","18":"product-type-simple","19":"entry","20":"content-bg","21":"loop-entry"},"aioseo_notices":[],"jetpack_publicize_connections":[],"jetpack_sharing_enabled":true,"_links":{"self":[{"href":"https:\/\/yingmeipack.com\/es\/wp-json\/wp\/v2\/product\/612","targetHints":{"allow":["GET"]}}],"collection":[{"href":"https:\/\/yingmeipack.com\/es\/wp-json\/wp\/v2\/product"}],"about":[{"href":"https:\/\/yingmeipack.com\/es\/wp-json\/wp\/v2\/types\/product"}],"version-history":[{"count":1,"href":"https:\/\/yingmeipack.com\/es\/wp-json\/wp\/v2\/product\/612\/revisions"}],"predecessor-version":[{"id":619,"href":"https:\/\/yingmeipack.com\/es\/wp-json\/wp\/v2\/product\/612\/revisions\/619"}],"wp:featuredmedia":[{"embeddable":true,"href":"https:\/\/yingmeipack.com\/es\/wp-json\/wp\/v2\/media\/613"}],"wp:attachment":[{"href":"https:\/\/yingmeipack.com\/es\/wp-json\/wp\/v2\/media?parent=612"}],"wp:term":[{"taxonomy":"product_brand","embeddable":true,"href":"https:\/\/yingmeipack.com\/es\/wp-json\/wp\/v2\/product_brand?post=612"},{"taxonomy":"product_cat","embeddable":true,"href":"https:\/\/yingmeipack.com\/es\/wp-json\/wp\/v2\/product_cat?post=612"},{"taxonomy":"product_tag","embeddable":true,"href":"https:\/\/yingmeipack.com\/es\/wp-json\/wp\/v2\/product_tag?post=612"}],"curies":[{"name":"wp","href":"https:\/\/api.w.org\/{rel}","templated":true}]}}