{"id":605,"date":"2022-11-25T08:11:26","date_gmt":"2022-11-25T08:11:26","guid":{"rendered":"https:\/\/yingmeipack.com\/?post_type=product&#038;p=605"},"modified":"2025-09-03T02:44:12","modified_gmt":"2025-09-03T02:44:12","slug":"100ml-round-aluminum-cans-tin-screw-top-metal-lid-containers","status":"publish","type":"product","link":"https:\/\/yingmeipack.com\/es\/product\/100ml-round-aluminum-cans-tin-screw-top-metal-lid-containers\/","title":{"rendered":"100ml Silver Aluminum Cans Screw Top Metal Lid Containers"},"content":{"rendered":"","protected":false},"excerpt":{"rendered":"<p>Un tarro de aluminio de 100 ml, muy ligero y duradero. Los envases est\u00e1n recubiertos de EPA (Epoxi Fen\u00f3lico*) con esta resina especial en el interior, de modo que el aluminio no entra en contacto directo con el producto y, por lo tanto, no hay posibilidad de reacci\u00f3n u oxidaci\u00f3n con el producto. El aluminio con revestimiento EP hace que el tarro de aluminio sea adecuado para la mayor\u00eda de tipos de productos, incluidos los de base acuosa, base oleosa y base disolvente. Este tarro de aluminio se suministra completo con una tapa de aluminio, fabricada espec\u00edficamente para este tarro para garantizar un cierre herm\u00e9tico. El aluminio es totalmente reciclable y produce poco calor. Su bajo peso hace que el aluminio sea ideal para el transporte. El aluminio no se lixivia si se deposita en vertederos.<\/p>","protected":false},"featured_media":3842,"template":"","meta":{"_kad_post_transparent":"default","_kad_post_title":"","_kad_post_layout":"default","_kad_post_sidebar_id":"","_kad_post_content_style":"default","_kad_post_vertical_padding":"default","_kad_post_feature":"","_kad_post_feature_position":"","_kad_post_header":false,"_kad_post_footer":false,"jetpack_publicize_message":"","jetpack_publicize_feature_enabled":true,"jetpack_social_post_already_shared":false,"jetpack_social_options":{"image_generator_settings":{"template":"highway","default_image_id":0,"enabled":false},"version":2}},"product_brand":[],"product_cat":[28,24,27],"product_tag":[717,207,233],"class_list":{"0":"post-605","1":"product","2":"type-product","3":"status-publish","4":"has-post-thumbnail","6":"product_cat-aluminum-jars","7":"product_cat-jars","8":"product_cat-metal-jars","9":"product_tag-100ml-silver-aluminum-can","10":"product_tag-round-aluminum-tins","11":"product_tag-screw-top-metal-containers","13":"first","14":"instock","15":"shipping-taxable","16":"purchasable","17":"product-type-simple","18":"entry","19":"content-bg","20":"loop-entry"},"aioseo_notices":[],"jetpack_publicize_connections":[],"jetpack_sharing_enabled":true,"_links":{"self":[{"href":"https:\/\/yingmeipack.com\/es\/wp-json\/wp\/v2\/product\/605","targetHints":{"allow":["GET"]}}],"collection":[{"href":"https:\/\/yingmeipack.com\/es\/wp-json\/wp\/v2\/product"}],"about":[{"href":"https:\/\/yingmeipack.com\/es\/wp-json\/wp\/v2\/types\/product"}],"version-history":[{"count":3,"href":"https:\/\/yingmeipack.com\/es\/wp-json\/wp\/v2\/product\/605\/revisions"}],"predecessor-version":[{"id":3849,"href":"https:\/\/yingmeipack.com\/es\/wp-json\/wp\/v2\/product\/605\/revisions\/3849"}],"wp:featuredmedia":[{"embeddable":true,"href":"https:\/\/yingmeipack.com\/es\/wp-json\/wp\/v2\/media\/3842"}],"wp:attachment":[{"href":"https:\/\/yingmeipack.com\/es\/wp-json\/wp\/v2\/media?parent=605"}],"wp:term":[{"taxonomy":"product_brand","embeddable":true,"href":"https:\/\/yingmeipack.com\/es\/wp-json\/wp\/v2\/product_brand?post=605"},{"taxonomy":"product_cat","embeddable":true,"href":"https:\/\/yingmeipack.com\/es\/wp-json\/wp\/v2\/product_cat?post=605"},{"taxonomy":"product_tag","embeddable":true,"href":"https:\/\/yingmeipack.com\/es\/wp-json\/wp\/v2\/product_tag?post=605"}],"curies":[{"name":"wp","href":"https:\/\/api.w.org\/{rel}","templated":true}]}}