{"id":595,"date":"2022-11-25T07:42:02","date_gmt":"2022-11-25T07:42:02","guid":{"rendered":"https:\/\/yingmeipack.com\/?post_type=product&#038;p=595"},"modified":"2022-11-25T07:58:01","modified_gmt":"2022-11-25T07:58:01","slug":"oval-empty-plastic-lip-balm-lipstick-tube-deodorant-container","status":"publish","type":"product","link":"https:\/\/yingmeipack.com\/es\/product\/oval-empty-plastic-lip-balm-lipstick-tube-deodorant-container\/","title":{"rendered":"B\u00e1lsamo Labial Tubo Desodorante Envase Ovalado Pl\u00e1stico Vac\u00edo"},"content":{"rendered":"","protected":false},"excerpt":{"rendered":"<p>Los b\u00e1lsamos labiales ovalados naturales con tapa natural presentan una rueda giratoria estriada en la base de los tubos que permite dispensar los productos de forma ordenada. El elegante dise\u00f1o de los envases ovalados para b\u00e1lsamo labial los hace perfectos para llevar en bolsos, bolsillos y estuches de viaje. Elija estos b\u00e1lsamos labiales ovalados naturales para productos como b\u00e1lsamos labiales, protectores solares s\u00f3lidos, cosm\u00e9ticos, perfumes s\u00f3lidos y mucho m\u00e1s. Estos tubos de b\u00e1lsamo labial son compatibles con la bandeja ovalada para rellenar b\u00e1lsamos labiales.<br \/>\n1. Recipiente para cosm\u00e9ticos<br \/>\n2. Polipropileno (PP) pl\u00e1stico resistente<br \/>\n3. Tubo y tap\u00f3n incluidos<br \/>\n4. B\u00e1lsamo labial disponible en color blanco o natural<br \/>\n5. Util\u00edcelo como b\u00e1lsamo labial y mucho m\u00e1s.<\/p>","protected":false},"featured_media":596,"template":"","meta":{"_kad_post_transparent":"default","_kad_post_title":"","_kad_post_layout":"default","_kad_post_sidebar_id":"","_kad_post_content_style":"default","_kad_post_vertical_padding":"default","_kad_post_feature":"","_kad_post_feature_position":"","_kad_post_header":false,"_kad_post_footer":false,"jetpack_publicize_message":"","jetpack_publicize_feature_enabled":true,"jetpack_social_post_already_shared":false,"jetpack_social_options":{"image_generator_settings":{"template":"highway","default_image_id":0,"enabled":false},"version":2}},"product_brand":[],"product_cat":[45,42],"product_tag":[228,229,230,231],"class_list":{"0":"post-595","1":"product","2":"type-product","3":"status-publish","4":"has-post-thumbnail","6":"product_cat-lip-balm-roll-up-containers","7":"product_cat-lip-components","8":"product_tag-empty-lip-balm-tube","9":"product_tag-oval-lip-balm-tube","10":"product_tag-plastic-lip-balm-tube","11":"product_tag-plastic-lipstick-tube","13":"first","14":"instock","15":"shipping-taxable","16":"product-type-simple","17":"entry","18":"content-bg","19":"loop-entry"},"aioseo_notices":[],"jetpack_publicize_connections":[],"jetpack_sharing_enabled":true,"_links":{"self":[{"href":"https:\/\/yingmeipack.com\/es\/wp-json\/wp\/v2\/product\/595","targetHints":{"allow":["GET"]}}],"collection":[{"href":"https:\/\/yingmeipack.com\/es\/wp-json\/wp\/v2\/product"}],"about":[{"href":"https:\/\/yingmeipack.com\/es\/wp-json\/wp\/v2\/types\/product"}],"version-history":[{"count":1,"href":"https:\/\/yingmeipack.com\/es\/wp-json\/wp\/v2\/product\/595\/revisions"}],"predecessor-version":[{"id":602,"href":"https:\/\/yingmeipack.com\/es\/wp-json\/wp\/v2\/product\/595\/revisions\/602"}],"wp:featuredmedia":[{"embeddable":true,"href":"https:\/\/yingmeipack.com\/es\/wp-json\/wp\/v2\/media\/596"}],"wp:attachment":[{"href":"https:\/\/yingmeipack.com\/es\/wp-json\/wp\/v2\/media?parent=595"}],"wp:term":[{"taxonomy":"product_brand","embeddable":true,"href":"https:\/\/yingmeipack.com\/es\/wp-json\/wp\/v2\/product_brand?post=595"},{"taxonomy":"product_cat","embeddable":true,"href":"https:\/\/yingmeipack.com\/es\/wp-json\/wp\/v2\/product_cat?post=595"},{"taxonomy":"product_tag","embeddable":true,"href":"https:\/\/yingmeipack.com\/es\/wp-json\/wp\/v2\/product_tag?post=595"}],"curies":[{"name":"wp","href":"https:\/\/api.w.org\/{rel}","templated":true}]}}