{"id":580,"date":"2022-11-25T02:18:09","date_gmt":"2022-11-25T02:18:09","guid":{"rendered":"https:\/\/yingmeipack.com\/?post_type=product&#038;p=580"},"modified":"2022-11-25T02:43:24","modified_gmt":"2022-11-25T02:43:24","slug":"25oz-750ml-screw-top-lid-round-aluminum-cans-tin-containers","status":"publish","type":"product","link":"https:\/\/yingmeipack.com\/es\/product\/25oz-750ml-screw-top-lid-round-aluminum-cans-tin-containers\/","title":{"rendered":"25oz 750ml Tornillo Tapa Redonda Aluminio Latas Envases de Lata"},"content":{"rendered":"","protected":false},"excerpt":{"rendered":"<p>Gran capacidad, es 750ml\/25oz, la dimensi\u00f3n es 93*116 mm.<br \/>\nSe guarda c\u00f3modamente en el bolsillo, el bolso o la cartera para transportarlo f\u00e1cilmente cuando se est\u00e1 de viaje.<br \/>\nDisponibles en color plateado y no dejan pasar la vista para sujetar sus art\u00edculos, mantener frescas y protegidas sus especias, caf\u00e9 y t\u00e9 u otros materiales.<br \/>\nNuestro tarro herm\u00e9tico est\u00e1 fabricado con una aleaci\u00f3n de aluminio de alta calidad. Ha sido fabricado con un grosor especial para resistir golpes y ca\u00eddas, manteniendo a salvo su mercanc\u00eda incluso cuando est\u00e1 de viaje.<br \/>\nNo te preocupes por los olores que pueda desprender este tarro. Mantiene el interior a salvo. Perfecto para guardar tus art\u00edculos de olor fuerte.<br \/>\nSiempre trabajamos duro para cumplir 100% su satisfacci\u00f3n. Si tiene alg\u00fan problema o inquietud, no dude en ponerse en contacto con nosotros y nuestro servicio de atenci\u00f3n al cliente m\u00e1s amable est\u00e1 a su servicio.<\/p>","protected":false},"featured_media":581,"template":"","meta":{"_kad_post_transparent":"default","_kad_post_title":"","_kad_post_layout":"default","_kad_post_sidebar_id":"","_kad_post_content_style":"default","_kad_post_vertical_padding":"default","_kad_post_feature":"","_kad_post_feature_position":"","_kad_post_header":false,"_kad_post_footer":false,"jetpack_publicize_message":"","jetpack_publicize_feature_enabled":true,"jetpack_social_post_already_shared":false,"jetpack_social_options":{"image_generator_settings":{"template":"highway","default_image_id":0,"enabled":false},"version":2}},"product_brand":[],"product_cat":[28,24,27],"product_tag":[223,224,208,207],"class_list":{"0":"post-580","1":"product","2":"type-product","3":"status-publish","4":"has-post-thumbnail","6":"product_cat-aluminum-jars","7":"product_cat-jars","8":"product_cat-metal-jars","9":"product_tag-25oz-round-aluminum-cans","10":"product_tag-750ml-round-aluminum-cans","11":"product_tag-round-aluminum-containers","12":"product_tag-round-aluminum-tins","14":"first","15":"instock","16":"shipping-taxable","17":"product-type-simple","18":"entry","19":"content-bg","20":"loop-entry"},"aioseo_notices":[],"jetpack_publicize_connections":[],"jetpack_sharing_enabled":true,"_links":{"self":[{"href":"https:\/\/yingmeipack.com\/es\/wp-json\/wp\/v2\/product\/580","targetHints":{"allow":["GET"]}}],"collection":[{"href":"https:\/\/yingmeipack.com\/es\/wp-json\/wp\/v2\/product"}],"about":[{"href":"https:\/\/yingmeipack.com\/es\/wp-json\/wp\/v2\/types\/product"}],"version-history":[{"count":1,"href":"https:\/\/yingmeipack.com\/es\/wp-json\/wp\/v2\/product\/580\/revisions"}],"predecessor-version":[{"id":585,"href":"https:\/\/yingmeipack.com\/es\/wp-json\/wp\/v2\/product\/580\/revisions\/585"}],"wp:featuredmedia":[{"embeddable":true,"href":"https:\/\/yingmeipack.com\/es\/wp-json\/wp\/v2\/media\/581"}],"wp:attachment":[{"href":"https:\/\/yingmeipack.com\/es\/wp-json\/wp\/v2\/media?parent=580"}],"wp:term":[{"taxonomy":"product_brand","embeddable":true,"href":"https:\/\/yingmeipack.com\/es\/wp-json\/wp\/v2\/product_brand?post=580"},{"taxonomy":"product_cat","embeddable":true,"href":"https:\/\/yingmeipack.com\/es\/wp-json\/wp\/v2\/product_cat?post=580"},{"taxonomy":"product_tag","embeddable":true,"href":"https:\/\/yingmeipack.com\/es\/wp-json\/wp\/v2\/product_tag?post=580"}],"curies":[{"name":"wp","href":"https:\/\/api.w.org\/{rel}","templated":true}]}}