{"id":572,"date":"2022-11-24T13:58:44","date_gmt":"2022-11-24T13:58:44","guid":{"rendered":"https:\/\/yingmeipack.com\/?post_type=product&#038;p=572"},"modified":"2022-11-25T02:15:10","modified_gmt":"2022-11-25T02:15:10","slug":"reusable-plastic-empty-portable-compact-case-with-mirror","status":"publish","type":"product","link":"https:\/\/yingmeipack.com\/es\/product\/reusable-plastic-empty-portable-compact-case-with-mirror\/","title":{"rendered":"Estuche Compacto Port\u00e1til Vac\u00edo de Pl\u00e1stico Reutilizable con Espejo"},"content":{"rendered":"","protected":false},"excerpt":{"rendered":"<p>Ligero y fino- El grosor del contenedor de polvos de viaje es de s\u00f3lo 0,59 pulgadas. El mini tama\u00f1o apropiado es ideal para el embalaje en polvo en su neceser o bolso. Es conveniente para el maquillaje en cualquier momento con espejos de alta definici\u00f3n.hay una pel\u00edcula en el espejo para evitar ara\u00f1azos, por favor arrancarla antes de su uso.<br \/>\nC\u00f3modo de usar- Los compactos vac\u00edos de polvos sueltos tienen una amplia abertura para rellenarlos f\u00e1cilmente y cuentan con un tamiz de malla el\u00e1stica. No es necesario agitar el tamiz el\u00e1stico, basta con presionar ligeramente para recoger el polvo. Puede ahorrar eficazmente m\u00e1s polvo.<br \/>\nManera f\u00e1cil para la Fundaci\u00f3n-S\u00f3lo tiene que pegar un poco de polvo, y pat en la cara ligeramente y de manera uniforme, y que va a terminar la fundaci\u00f3n. Puede aplicar el maquillaje sobre la marcha. Nuestro maquillaje en polvo puffs est\u00e1n hechos de algod\u00f3n, es suave, transpirable y lavable, no absorbe su fundaci\u00f3n.<br \/>\nAnti-fugas: Contenedor de polvo con puff y anti-fugas de dise\u00f1o, aseg\u00farese de llevar seguro y conveniente. La capacidad es de 5ml\/0.17oz, el tama\u00f1o es 3inch(diameter)\u00d70.63inch(height), ideal para fines de viaje.<br \/>\nAmplios usos: El contenedor de polvo de maquillaje sirve como una herramienta \u00fatil para almacenar cosm\u00e9ticos o mezclar su propio polvo, ideal para polvo suelto, brillo, colorete, etc. Si tiene alguna pregunta, p\u00f3ngase en contacto con nosotros primero, proporcionamos servicio al cliente 24\/7, ofrecemos un servicio de reemplazo gratuito de un a\u00f1o en todos nuestros art\u00edculos.<\/p>","protected":false},"featured_media":573,"template":"","meta":{"_kad_post_transparent":"default","_kad_post_title":"","_kad_post_layout":"default","_kad_post_sidebar_id":"","_kad_post_content_style":"default","_kad_post_vertical_padding":"default","_kad_post_feature":"","_kad_post_feature_position":"","_kad_post_header":false,"_kad_post_footer":false,"jetpack_publicize_message":"","jetpack_publicize_feature_enabled":true,"jetpack_social_post_already_shared":false,"jetpack_social_options":{"image_generator_settings":{"template":"highway","default_image_id":0,"enabled":false},"version":2}},"product_brand":[],"product_cat":[37],"product_tag":[219,218,221,222,220],"class_list":{"0":"post-572","1":"product","2":"type-product","3":"status-publish","4":"has-post-thumbnail","6":"product_cat-compacts","7":"product_tag-compact-case-with-mirror","8":"product_tag-empty-compact-case","9":"product_tag-plastic-compact-case","10":"product_tag-portable-compact-case","11":"product_tag-reusable-compact-case","13":"first","14":"instock","15":"shipping-taxable","16":"product-type-simple","17":"entry","18":"content-bg","19":"loop-entry"},"aioseo_notices":[],"jetpack_publicize_connections":[],"jetpack_sharing_enabled":true,"_links":{"self":[{"href":"https:\/\/yingmeipack.com\/es\/wp-json\/wp\/v2\/product\/572","targetHints":{"allow":["GET"]}}],"collection":[{"href":"https:\/\/yingmeipack.com\/es\/wp-json\/wp\/v2\/product"}],"about":[{"href":"https:\/\/yingmeipack.com\/es\/wp-json\/wp\/v2\/types\/product"}],"version-history":[{"count":1,"href":"https:\/\/yingmeipack.com\/es\/wp-json\/wp\/v2\/product\/572\/revisions"}],"predecessor-version":[{"id":579,"href":"https:\/\/yingmeipack.com\/es\/wp-json\/wp\/v2\/product\/572\/revisions\/579"}],"wp:featuredmedia":[{"embeddable":true,"href":"https:\/\/yingmeipack.com\/es\/wp-json\/wp\/v2\/media\/573"}],"wp:attachment":[{"href":"https:\/\/yingmeipack.com\/es\/wp-json\/wp\/v2\/media?parent=572"}],"wp:term":[{"taxonomy":"product_brand","embeddable":true,"href":"https:\/\/yingmeipack.com\/es\/wp-json\/wp\/v2\/product_brand?post=572"},{"taxonomy":"product_cat","embeddable":true,"href":"https:\/\/yingmeipack.com\/es\/wp-json\/wp\/v2\/product_cat?post=572"},{"taxonomy":"product_tag","embeddable":true,"href":"https:\/\/yingmeipack.com\/es\/wp-json\/wp\/v2\/product_tag?post=572"}],"curies":[{"name":"wp","href":"https:\/\/api.w.org\/{rel}","templated":true}]}}