{"id":554,"date":"2022-11-24T03:01:19","date_gmt":"2022-11-24T03:01:19","guid":{"rendered":"https:\/\/yingmeipack.com\/?post_type=product&#038;p=554"},"modified":"2025-09-02T07:22:16","modified_gmt":"2025-09-02T07:22:16","slug":"4-ounce-aluminum-tin-jar-120ml-refillable-screw-lid-container","status":"publish","type":"product","link":"https:\/\/yingmeipack.com\/es\/product\/4-ounce-aluminum-tin-jar-120ml-refillable-screw-lid-container\/","title":{"rendered":"Rose Gold 120ml 4oz Aluminum Tin Can with Screw Cap"},"content":{"rendered":"","protected":false},"excerpt":{"rendered":"<p>Paquete: Incluye 48 unidades de elegantes latas redondas con tap\u00f3n de rosca de color rosa y 48 unidades de etiquetas redondas blancas. Paquete a granel cumple con sus usos multiusos.<br \/>\nSize: The round tin measures 82mm in diameter and 30mm height with a capacity of 4 oz. \/ 120 ml. The round labels measures 2-3\/8&#8243; in diameter.<br \/>\nMaterial: Fabricado en aluminio, ligero pero duradero, f\u00e1cil de transportar.<br \/>\nTapa de rosca: La tapa de rosca herm\u00e9tica elimina el riesgo de fugas o derretimiento y protege sus productos de la exposici\u00f3n a la luz y las altas temperaturas.<br \/>\nUsos vers\u00e1tiles: Grandes contenedores para b\u00e1lsamos labiales, brillo de labios, cremas, cosm\u00e9ticos, b\u00e1lsamo, p\u00edldoras, cuentas, tornillos, caramelos, botones, monedas, hierbas, velas y mucho m\u00e1s.<\/p>","protected":false},"featured_media":3825,"template":"","meta":{"_kad_post_transparent":"default","_kad_post_title":"","_kad_post_layout":"default","_kad_post_sidebar_id":"","_kad_post_content_style":"default","_kad_post_vertical_padding":"default","_kad_post_feature":"","_kad_post_feature_position":"","_kad_post_header":false,"_kad_post_footer":false,"jetpack_publicize_message":"","jetpack_publicize_feature_enabled":true,"jetpack_social_post_already_shared":false,"jetpack_social_options":{"image_generator_settings":{"template":"highway","default_image_id":0,"enabled":false},"version":2}},"product_brand":[],"product_cat":[28,24,27],"product_tag":[211,210,213,212],"class_list":{"0":"post-554","1":"product","2":"type-product","3":"status-publish","4":"has-post-thumbnail","6":"product_cat-aluminum-jars","7":"product_cat-jars","8":"product_cat-metal-jars","9":"product_tag-120ml-aluminum-tin","10":"product_tag-4-ounce-aluminum-tin","11":"product_tag-aluminum-screw-lid-jar","12":"product_tag-refillable-screw-lid-container","14":"first","15":"instock","16":"shipping-taxable","17":"purchasable","18":"product-type-simple","19":"entry","20":"content-bg","21":"loop-entry"},"aioseo_notices":[],"jetpack_publicize_connections":[],"jetpack_sharing_enabled":true,"_links":{"self":[{"href":"https:\/\/yingmeipack.com\/es\/wp-json\/wp\/v2\/product\/554","targetHints":{"allow":["GET"]}}],"collection":[{"href":"https:\/\/yingmeipack.com\/es\/wp-json\/wp\/v2\/product"}],"about":[{"href":"https:\/\/yingmeipack.com\/es\/wp-json\/wp\/v2\/types\/product"}],"version-history":[{"count":4,"href":"https:\/\/yingmeipack.com\/es\/wp-json\/wp\/v2\/product\/554\/revisions"}],"predecessor-version":[{"id":3827,"href":"https:\/\/yingmeipack.com\/es\/wp-json\/wp\/v2\/product\/554\/revisions\/3827"}],"wp:featuredmedia":[{"embeddable":true,"href":"https:\/\/yingmeipack.com\/es\/wp-json\/wp\/v2\/media\/3825"}],"wp:attachment":[{"href":"https:\/\/yingmeipack.com\/es\/wp-json\/wp\/v2\/media?parent=554"}],"wp:term":[{"taxonomy":"product_brand","embeddable":true,"href":"https:\/\/yingmeipack.com\/es\/wp-json\/wp\/v2\/product_brand?post=554"},{"taxonomy":"product_cat","embeddable":true,"href":"https:\/\/yingmeipack.com\/es\/wp-json\/wp\/v2\/product_cat?post=554"},{"taxonomy":"product_tag","embeddable":true,"href":"https:\/\/yingmeipack.com\/es\/wp-json\/wp\/v2\/product_tag?post=554"}],"curies":[{"name":"wp","href":"https:\/\/api.w.org\/{rel}","templated":true}]}}