{"id":548,"date":"2022-11-24T02:33:45","date_gmt":"2022-11-24T02:33:45","guid":{"rendered":"https:\/\/yingmeipack.com\/?post_type=product&#038;p=548"},"modified":"2025-06-13T02:35:39","modified_gmt":"2025-06-13T02:35:39","slug":"250ml-screw-top-lid-jars-round-aluminum-tin-container-cans","status":"publish","type":"product","link":"https:\/\/yingmeipack.com\/es\/product\/250ml-screw-top-lid-jars-round-aluminum-tin-container-cans\/","title":{"rendered":"Tarros con tapa de rosca de 250 ml Latas redondas de aluminio para envases"},"content":{"rendered":"","protected":false},"excerpt":{"rendered":"<p>Estos envases de hojalata de 250 ml pertenecen a las latas de hojalata de mayor tama\u00f1o disponibles en nuestra tienda web. Con un di\u00e1metro de 100 mm y una altura de 42 mm, estas latas vac\u00edas contienen un gran volumen pero son relativamente compactas. Todos nuestros envases met\u00e1licos peque\u00f1os se han fabricado utilizando una \u00fanica l\u00e1mina de aluminio de alta calidad. Esto hace que nuestras latas sin soldadura 100% sean seguras para los alimentos, as\u00ed como libres de BPA. Este modelo de latas met\u00e1licas se utiliza habitualmente en las industrias cosm\u00e9tica, alimentaria y m\u00e9dica. Con sus revestimientos de EPE, estas latas evitan la entrada de aire y humedad. De este modo, proteger\u00e1 totalmente sus productos sin importar el entorno.<br \/>\nCon sus tapas de rosca, estos envases de hojalata pueden abrirse y cerrarse f\u00e1cilmente. Esto le permite abrir y cerrar sus envases varias veces sin perder calidad. Adem\u00e1s, nuestros envases met\u00e1licos peque\u00f1os est\u00e1n rematados con bordes enrollados. Gracias a esto, no habr\u00e1 bordes afilados, lo que los hace seguros para el uso diario. Con su tama\u00f1o relativamente grande, estos botes de hojalata son ideales para guardar cosm\u00e9ticos o productos alimenticios como galletas, caramelos, hierbas o t\u00e9.<\/p>\n<div style=\"width: 1280px;\" class=\"wp-video\"><!--[if lt IE 9]><script>document.createElement('video');<\/script><![endif]--><br \/>\n<video class=\"wp-video-shortcode\" id=\"video-548-1\" width=\"1280\" height=\"720\" loop autoplay preload=\"metadata\" controls=\"controls\"><source type=\"video\/mp4\" src=\"http:\/\/yingmeipack.com\/wp-content\/uploads\/2022\/11\/Aluminum-Cosmetics-Jar.mp4?_=1\" \/><a href=\"http:\/\/yingmeipack.com\/wp-content\/uploads\/2022\/11\/Aluminum-Cosmetics-Jar.mp4\">http:\/\/yingmeipack.com\/wp-content\/uploads\/2022\/11\/Aluminum-Cosmetics-Jar.mp4<\/a><\/video><\/div>","protected":false},"featured_media":549,"template":"","meta":{"_kad_post_transparent":"default","_kad_post_title":"","_kad_post_layout":"default","_kad_post_sidebar_id":"","_kad_post_content_style":"default","_kad_post_vertical_padding":"default","_kad_post_feature":"","_kad_post_feature_position":"","_kad_post_header":false,"_kad_post_footer":false,"jetpack_publicize_message":"","jetpack_publicize_feature_enabled":true,"jetpack_social_post_already_shared":false,"jetpack_social_options":{"image_generator_settings":{"template":"highway","default_image_id":0,"enabled":false},"version":2}},"product_brand":[],"product_cat":[28,24,27],"product_tag":[206,209,208,207],"class_list":{"0":"post-548","1":"product","2":"type-product","3":"status-publish","4":"has-post-thumbnail","6":"product_cat-aluminum-jars","7":"product_cat-jars","8":"product_cat-metal-jars","9":"product_tag-250ml-screw-top-tins","10":"product_tag-round-aluminum-cans","11":"product_tag-round-aluminum-containers","12":"product_tag-round-aluminum-tins","14":"first","15":"instock","16":"shipping-taxable","17":"purchasable","18":"product-type-simple","19":"entry","20":"content-bg","21":"loop-entry"},"aioseo_notices":[],"jetpack_publicize_connections":[],"jetpack_sharing_enabled":true,"_links":{"self":[{"href":"https:\/\/yingmeipack.com\/es\/wp-json\/wp\/v2\/product\/548","targetHints":{"allow":["GET"]}}],"collection":[{"href":"https:\/\/yingmeipack.com\/es\/wp-json\/wp\/v2\/product"}],"about":[{"href":"https:\/\/yingmeipack.com\/es\/wp-json\/wp\/v2\/types\/product"}],"version-history":[{"count":1,"href":"https:\/\/yingmeipack.com\/es\/wp-json\/wp\/v2\/product\/548\/revisions"}],"predecessor-version":[{"id":553,"href":"https:\/\/yingmeipack.com\/es\/wp-json\/wp\/v2\/product\/548\/revisions\/553"}],"wp:featuredmedia":[{"embeddable":true,"href":"https:\/\/yingmeipack.com\/es\/wp-json\/wp\/v2\/media\/549"}],"wp:attachment":[{"href":"https:\/\/yingmeipack.com\/es\/wp-json\/wp\/v2\/media?parent=548"}],"wp:term":[{"taxonomy":"product_brand","embeddable":true,"href":"https:\/\/yingmeipack.com\/es\/wp-json\/wp\/v2\/product_brand?post=548"},{"taxonomy":"product_cat","embeddable":true,"href":"https:\/\/yingmeipack.com\/es\/wp-json\/wp\/v2\/product_cat?post=548"},{"taxonomy":"product_tag","embeddable":true,"href":"https:\/\/yingmeipack.com\/es\/wp-json\/wp\/v2\/product_tag?post=548"}],"curies":[{"name":"wp","href":"https:\/\/api.w.org\/{rel}","templated":true}]}}