{"id":539,"date":"2022-11-24T02:14:52","date_gmt":"2022-11-24T02:14:52","guid":{"rendered":"https:\/\/yingmeipack.com\/?post_type=product&#038;p=539"},"modified":"2022-11-24T02:31:27","modified_gmt":"2022-11-24T02:31:27","slug":"210ml-empty-refillable-reusable-mist-spray-transparent-bottle","status":"publish","type":"product","link":"https:\/\/yingmeipack.com\/es\/product\/210ml-empty-refillable-reusable-mist-spray-transparent-bottle\/","title":{"rendered":"210ml Botella Transparente Vac\u00eda Reutilizable Rociador Nebulizador"},"content":{"rendered":"","protected":false},"excerpt":{"rendered":"<p>Nuestra botella PET vac\u00eda de spray no contiene BPA. Es reciclable, reutilizable y segura para el medio ambiente. Se trata de una botella de PET transparente con boquilla pulverizadora de PP blanca con una capacidad de almacenamiento de 210 ml. Esta botella es muy pr\u00e1ctica de usar y transportar por su tama\u00f1o compacto. Este producto puede utilizarse para todas las actividades diarias, desde desinfectantes de manos hasta medicamentos. Se puede llevar en el bolso, la cartera, el bolsillo, etc. y tambi\u00e9n se puede utilizar en casa para atender a los invitados. Esta botella pulverizadora es ideal para el hogar, el ba\u00f1o, la cocina, la aromaterapia y los viajes. Este producto tambi\u00e9n se puede utilizar para almacenar y utilizar alcohol medicinal, aceites esenciales, desinfectante de manos con alcohol, productos de belleza, laca para el pelo, art\u00edculos de limpieza, aceites para cocinar y cuidado personal.<\/p>","protected":false},"featured_media":541,"template":"","meta":{"_kad_post_transparent":"default","_kad_post_title":"","_kad_post_layout":"default","_kad_post_sidebar_id":"","_kad_post_content_style":"default","_kad_post_vertical_padding":"default","_kad_post_feature":"","_kad_post_feature_position":"","_kad_post_header":false,"_kad_post_footer":false,"jetpack_publicize_message":"","jetpack_publicize_feature_enabled":true,"jetpack_social_post_already_shared":false,"jetpack_social_options":{"image_generator_settings":{"template":"highway","default_image_id":0,"enabled":false},"version":2}},"product_brand":[],"product_cat":[19,20],"product_tag":[205,203,204,202,201],"class_list":{"0":"post-539","1":"product","2":"type-product","3":"status-publish","4":"has-post-thumbnail","6":"product_cat-bottles","7":"product_cat-plastic-bottles","8":"product_tag-210ml-spray-bottle","9":"product_tag-empty-mist-spray-bottle","10":"product_tag-refillable-mist-spray-bottle","11":"product_tag-spray-bottle","12":"product_tag-spray-transparent-bottle","14":"first","15":"instock","16":"shipping-taxable","17":"product-type-simple","18":"entry","19":"content-bg","20":"loop-entry"},"aioseo_notices":[],"jetpack_publicize_connections":[],"jetpack_sharing_enabled":true,"_links":{"self":[{"href":"https:\/\/yingmeipack.com\/es\/wp-json\/wp\/v2\/product\/539","targetHints":{"allow":["GET"]}}],"collection":[{"href":"https:\/\/yingmeipack.com\/es\/wp-json\/wp\/v2\/product"}],"about":[{"href":"https:\/\/yingmeipack.com\/es\/wp-json\/wp\/v2\/types\/product"}],"version-history":[{"count":1,"href":"https:\/\/yingmeipack.com\/es\/wp-json\/wp\/v2\/product\/539\/revisions"}],"predecessor-version":[{"id":547,"href":"https:\/\/yingmeipack.com\/es\/wp-json\/wp\/v2\/product\/539\/revisions\/547"}],"wp:featuredmedia":[{"embeddable":true,"href":"https:\/\/yingmeipack.com\/es\/wp-json\/wp\/v2\/media\/541"}],"wp:attachment":[{"href":"https:\/\/yingmeipack.com\/es\/wp-json\/wp\/v2\/media?parent=539"}],"wp:term":[{"taxonomy":"product_brand","embeddable":true,"href":"https:\/\/yingmeipack.com\/es\/wp-json\/wp\/v2\/product_brand?post=539"},{"taxonomy":"product_cat","embeddable":true,"href":"https:\/\/yingmeipack.com\/es\/wp-json\/wp\/v2\/product_cat?post=539"},{"taxonomy":"product_tag","embeddable":true,"href":"https:\/\/yingmeipack.com\/es\/wp-json\/wp\/v2\/product_tag?post=539"}],"curies":[{"name":"wp","href":"https:\/\/api.w.org\/{rel}","templated":true}]}}