{"id":523,"date":"2022-11-23T08:33:01","date_gmt":"2022-11-23T08:33:01","guid":{"rendered":"https:\/\/yingmeipack.com\/?post_type=product&#038;p=523"},"modified":"2025-06-05T09:27:10","modified_gmt":"2025-06-05T09:27:10","slug":"2oz-60ml-round-screw-top-aluminum-tins-jars-travel-cans","status":"publish","type":"product","link":"https:\/\/yingmeipack.com\/es\/product\/2oz-60ml-round-screw-top-aluminum-tins-jars-travel-cans\/","title":{"rendered":"2oz 60ml Redondo Tornillo Tapa Aluminio Tarros Latas Viaje"},"content":{"rendered":"","protected":false},"excerpt":{"rendered":"<p>Matieral: Aluminio, Paquete de 20, Color: Plata, Tama\u00f1o: 68mm dia. x 25mm altura, Capacidad: 2 Onzas \/ 60 ml.<br \/>\nLas tapas con tap\u00f3n de rosca permiten apretar la tapa con facilidad y no dejan escapar el contenido.Adem\u00e1s, la junta del interior de la tapa tambi\u00e9n tiene cierto efecto.<br \/>\nEstas tapas de rosca de los contenedores no tienen bordes afilados, todos los bordes est\u00e1n redondeados para evitar ara\u00f1azos en la mano.<br \/>\nAmpliamente utilizado para almacenar una gran variedad de art\u00edculos como b\u00e1lsamos labiales, cosm\u00e9ticos, botes de muestras, brillo de labios y otros materiales art\u00edsticos.<br \/>\n100% garantiza un env\u00edo r\u00e1pido y un buen servicio de atenci\u00f3n al cliente.<\/p>\n<div style=\"width: 1280px;\" class=\"wp-video\"><!--[if lt IE 9]><script>document.createElement('video');<\/script><![endif]--><br \/>\n<video class=\"wp-video-shortcode\" id=\"video-523-1\" width=\"1280\" height=\"720\" loop autoplay preload=\"metadata\" controls=\"controls\"><source type=\"video\/mp4\" src=\"http:\/\/yingmeipack.com\/wp-content\/uploads\/2022\/11\/Aluminum-Cosmetics-Jar.mp4?_=1\" \/><a href=\"http:\/\/yingmeipack.com\/wp-content\/uploads\/2022\/11\/Aluminum-Cosmetics-Jar.mp4\">http:\/\/yingmeipack.com\/wp-content\/uploads\/2022\/11\/Aluminum-Cosmetics-Jar.mp4<\/a><\/video><\/div>","protected":false},"featured_media":524,"template":"","meta":{"_kad_post_transparent":"default","_kad_post_title":"","_kad_post_layout":"default","_kad_post_sidebar_id":"","_kad_post_content_style":"default","_kad_post_vertical_padding":"default","_kad_post_feature":"","_kad_post_feature_position":"","_kad_post_header":false,"_kad_post_footer":false,"jetpack_publicize_message":"","jetpack_publicize_feature_enabled":true,"jetpack_social_post_already_shared":false,"jetpack_social_options":{"image_generator_settings":{"template":"highway","default_image_id":0,"enabled":false},"version":2}},"product_brand":[],"product_cat":[28,24,27],"product_tag":[194,195,169,196],"class_list":{"0":"post-523","1":"product","2":"type-product","3":"status-publish","4":"has-post-thumbnail","6":"product_cat-aluminum-jars","7":"product_cat-jars","8":"product_cat-metal-jars","9":"product_tag-2oz-aluminum-tins","10":"product_tag-60ml-aluminum-jars","11":"product_tag-aluminum-travel-cans","12":"product_tag-aluminumtravel-jars","14":"first","15":"instock","16":"shipping-taxable","17":"purchasable","18":"product-type-simple","19":"entry","20":"content-bg","21":"loop-entry"},"aioseo_notices":[],"jetpack_publicize_connections":[],"jetpack_sharing_enabled":true,"_links":{"self":[{"href":"https:\/\/yingmeipack.com\/es\/wp-json\/wp\/v2\/product\/523","targetHints":{"allow":["GET"]}}],"collection":[{"href":"https:\/\/yingmeipack.com\/es\/wp-json\/wp\/v2\/product"}],"about":[{"href":"https:\/\/yingmeipack.com\/es\/wp-json\/wp\/v2\/types\/product"}],"version-history":[{"count":1,"href":"https:\/\/yingmeipack.com\/es\/wp-json\/wp\/v2\/product\/523\/revisions"}],"predecessor-version":[{"id":528,"href":"https:\/\/yingmeipack.com\/es\/wp-json\/wp\/v2\/product\/523\/revisions\/528"}],"wp:featuredmedia":[{"embeddable":true,"href":"https:\/\/yingmeipack.com\/es\/wp-json\/wp\/v2\/media\/524"}],"wp:attachment":[{"href":"https:\/\/yingmeipack.com\/es\/wp-json\/wp\/v2\/media?parent=523"}],"wp:term":[{"taxonomy":"product_brand","embeddable":true,"href":"https:\/\/yingmeipack.com\/es\/wp-json\/wp\/v2\/product_brand?post=523"},{"taxonomy":"product_cat","embeddable":true,"href":"https:\/\/yingmeipack.com\/es\/wp-json\/wp\/v2\/product_cat?post=523"},{"taxonomy":"product_tag","embeddable":true,"href":"https:\/\/yingmeipack.com\/es\/wp-json\/wp\/v2\/product_tag?post=523"}],"curies":[{"name":"wp","href":"https:\/\/api.w.org\/{rel}","templated":true}]}}