{"id":515,"date":"2022-11-23T08:13:09","date_gmt":"2022-11-23T08:13:09","guid":{"rendered":"https:\/\/yingmeipack.com\/?post_type=product&#038;p=515"},"modified":"2022-11-23T12:43:23","modified_gmt":"2022-11-23T12:43:23","slug":"custom-130ml-empty-green-plastic-cosmetic-jar-lotion-bottle","status":"publish","type":"product","link":"https:\/\/yingmeipack.com\/es\/product\/custom-130ml-empty-green-plastic-cosmetic-jar-lotion-bottle\/","title":{"rendered":"Personalizado 130ml Vac\u00edo de pl\u00e1stico verde Cosm\u00e9ticos Tarro Loci\u00f3n Botella"},"content":{"rendered":"","protected":false},"excerpt":{"rendered":"<p>Medidas: Altura - 34mm x Di\u00e1metro - 70mm.<br \/>\nAlmacenamiento vers\u00e1til para cualquier art\u00edculo para el que necesites un tarro herm\u00e9tico. \u00a1Estos tarros lo hacen todo!<br \/>\nAIRTIGHT, LEAK PROOF, SMELL PROOF el ajuste preciso de estos tarros son ideales para usos cosm\u00e9ticos, personales.<br \/>\nLos tarros rellenables son f\u00e1ciles de limpiar, reutilizar y reciclar.<br \/>\nEl verde oscuro evita que la luz solar da\u00f1e los productos fotosensibles.<\/p>\n<p>Si est\u00e1 buscando una soluci\u00f3n a sus problemas de almacenamiento, este es el recipiente adecuado para usted. Este tarro de pl\u00e1stico de alta calidad es apto para lavavajillas y microondas. El cuerpo del recipiente, f\u00e1cil de abrir y utilizar, le ayuda a identificar f\u00e1cilmente el contenido, lo que lo convierte en un pr\u00e1ctico recipiente de almacenamiento para su cocina. El recipiente conserva intacta la frescura de sus alimentos y los mantiene libres de olores. Gracias a su tapa ligera y herm\u00e9tica, es f\u00e1cil de transportar. La caja est\u00e1 fabricada por nosotros, lo que le garantiza la calidad del producto. Compre con confianza con nosotros, ya que vendemos un art\u00edculo de mejora del hogar cada 45 segundos, lo que nos convierte en el principal destino de muebles y decoraci\u00f3n del hogar de la India.<\/p>","protected":false},"featured_media":516,"template":"","meta":{"_kad_post_transparent":"default","_kad_post_title":"","_kad_post_layout":"default","_kad_post_sidebar_id":"","_kad_post_content_style":"default","_kad_post_vertical_padding":"default","_kad_post_feature":"","_kad_post_feature_position":"","_kad_post_header":false,"_kad_post_footer":false,"jetpack_publicize_message":"","jetpack_publicize_feature_enabled":true,"jetpack_social_post_already_shared":false,"jetpack_social_options":{"image_generator_settings":{"template":"highway","default_image_id":0,"enabled":false},"version":2}},"product_brand":[],"product_cat":[19,24,20,25],"product_tag":[193,190,191,192],"class_list":{"0":"post-515","1":"product","2":"type-product","3":"status-publish","4":"has-post-thumbnail","6":"product_cat-bottles","7":"product_cat-jars","8":"product_cat-plastic-bottles","9":"product_cat-plastic-jars","10":"product_tag-130ml-plastic-jar","11":"product_tag-empty-green-plastic-cosmetic-jar","12":"product_tag-empty-plastic-cosmetic-jar","13":"product_tag-green-plastic-cosmetic-jar","15":"first","16":"instock","17":"shipping-taxable","18":"product-type-simple","19":"entry","20":"content-bg","21":"loop-entry"},"aioseo_notices":[],"jetpack_publicize_connections":[],"jetpack_sharing_enabled":true,"_links":{"self":[{"href":"https:\/\/yingmeipack.com\/es\/wp-json\/wp\/v2\/product\/515","targetHints":{"allow":["GET"]}}],"collection":[{"href":"https:\/\/yingmeipack.com\/es\/wp-json\/wp\/v2\/product"}],"about":[{"href":"https:\/\/yingmeipack.com\/es\/wp-json\/wp\/v2\/types\/product"}],"version-history":[{"count":1,"href":"https:\/\/yingmeipack.com\/es\/wp-json\/wp\/v2\/product\/515\/revisions"}],"predecessor-version":[{"id":522,"href":"https:\/\/yingmeipack.com\/es\/wp-json\/wp\/v2\/product\/515\/revisions\/522"}],"wp:featuredmedia":[{"embeddable":true,"href":"https:\/\/yingmeipack.com\/es\/wp-json\/wp\/v2\/media\/516"}],"wp:attachment":[{"href":"https:\/\/yingmeipack.com\/es\/wp-json\/wp\/v2\/media?parent=515"}],"wp:term":[{"taxonomy":"product_brand","embeddable":true,"href":"https:\/\/yingmeipack.com\/es\/wp-json\/wp\/v2\/product_brand?post=515"},{"taxonomy":"product_cat","embeddable":true,"href":"https:\/\/yingmeipack.com\/es\/wp-json\/wp\/v2\/product_cat?post=515"},{"taxonomy":"product_tag","embeddable":true,"href":"https:\/\/yingmeipack.com\/es\/wp-json\/wp\/v2\/product_tag?post=515"}],"curies":[{"name":"wp","href":"https:\/\/api.w.org\/{rel}","templated":true}]}}