{"id":506,"date":"2022-11-23T02:35:19","date_gmt":"2022-11-23T02:35:19","guid":{"rendered":"https:\/\/yingmeipack.com\/?post_type=product&#038;p=506"},"modified":"2022-11-23T02:46:29","modified_gmt":"2022-11-23T02:46:29","slug":"24-400-aluminum-screw-cap-with-customizable-liner-options","status":"publish","type":"product","link":"https:\/\/yingmeipack.com\/es\/product\/24-400-aluminum-screw-cap-with-customizable-liner-options\/","title":{"rendered":"24-400 Tap\u00f3n roscado de aluminio con opciones de revestimiento personalizables"},"content":{"rendered":"","protected":false},"excerpt":{"rendered":"<p>Tap\u00f3n de rosca met\u00e1lico plateado 24-400 con opciones de revestimiento personalizables, como espuma de PE, espuma de sellado, pulpa y aluminio, sellado t\u00e9rmico, papel de aluminio, sellado sensible a la presi\u00f3n, pulpa y poli\u00e9ster y plastisol. Estos tapones se fabrican en China bajo pedido, por favor espere de 1 a 2 semanas para la fabricaci\u00f3n y la instalaci\u00f3n regular del liner. Para pedidos de 5 cajas o m\u00e1s, p\u00f3ngase en contacto con nosotros para conocer el tiempo de producci\u00f3n actualizado antes de realizar el pedido.<\/p>\n<div style=\"width: 1290px;\" class=\"wp-video\"><!--[if lt IE 9]><script>document.createElement('video');<\/script><![endif]--><br \/>\n<video class=\"wp-video-shortcode\" id=\"video-506-1\" width=\"1290\" height=\"726\" loop autoplay preload=\"metadata\" controls=\"controls\"><source type=\"video\/mp4\" src=\"http:\/\/yingmeipack.com\/wp-content\/uploads\/2022\/11\/Aluminum-Screw-Cap.mp4?_=1\" \/><a href=\"http:\/\/yingmeipack.com\/wp-content\/uploads\/2022\/11\/Aluminum-Screw-Cap.mp4\">http:\/\/yingmeipack.com\/wp-content\/uploads\/2022\/11\/Aluminum-Screw-Cap.mp4<\/a><\/video><\/div>","protected":false},"featured_media":507,"template":"","meta":{"_kad_post_transparent":"default","_kad_post_title":"","_kad_post_layout":"default","_kad_post_sidebar_id":"","_kad_post_content_style":"default","_kad_post_vertical_padding":"default","_kad_post_feature":"","_kad_post_feature_position":"","_kad_post_header":false,"_kad_post_footer":false,"jetpack_publicize_message":"","jetpack_publicize_feature_enabled":true,"jetpack_social_post_already_shared":false,"jetpack_social_options":{"image_generator_settings":{"template":"highway","default_image_id":0,"enabled":false},"version":2}},"product_brand":[],"product_cat":[34],"product_tag":[189],"class_list":{"0":"post-506","1":"product","2":"type-product","3":"status-publish","4":"has-post-thumbnail","6":"product_cat-caps","7":"product_tag-aluminum-screw-cap","9":"first","10":"instock","11":"shipping-taxable","12":"product-type-simple","13":"entry","14":"content-bg","15":"loop-entry"},"aioseo_notices":[],"jetpack_publicize_connections":[],"jetpack_sharing_enabled":true,"_links":{"self":[{"href":"https:\/\/yingmeipack.com\/es\/wp-json\/wp\/v2\/product\/506","targetHints":{"allow":["GET"]}}],"collection":[{"href":"https:\/\/yingmeipack.com\/es\/wp-json\/wp\/v2\/product"}],"about":[{"href":"https:\/\/yingmeipack.com\/es\/wp-json\/wp\/v2\/types\/product"}],"version-history":[{"count":1,"href":"https:\/\/yingmeipack.com\/es\/wp-json\/wp\/v2\/product\/506\/revisions"}],"predecessor-version":[{"id":514,"href":"https:\/\/yingmeipack.com\/es\/wp-json\/wp\/v2\/product\/506\/revisions\/514"}],"wp:featuredmedia":[{"embeddable":true,"href":"https:\/\/yingmeipack.com\/es\/wp-json\/wp\/v2\/media\/507"}],"wp:attachment":[{"href":"https:\/\/yingmeipack.com\/es\/wp-json\/wp\/v2\/media?parent=506"}],"wp:term":[{"taxonomy":"product_brand","embeddable":true,"href":"https:\/\/yingmeipack.com\/es\/wp-json\/wp\/v2\/product_brand?post=506"},{"taxonomy":"product_cat","embeddable":true,"href":"https:\/\/yingmeipack.com\/es\/wp-json\/wp\/v2\/product_cat?post=506"},{"taxonomy":"product_tag","embeddable":true,"href":"https:\/\/yingmeipack.com\/es\/wp-json\/wp\/v2\/product_tag?post=506"}],"curies":[{"name":"wp","href":"https:\/\/api.w.org\/{rel}","templated":true}]}}