{"id":490,"date":"2022-11-22T15:18:19","date_gmt":"2022-11-22T15:18:19","guid":{"rendered":"https:\/\/yingmeipack.com\/?post_type=product&#038;p=490"},"modified":"2022-11-22T15:33:48","modified_gmt":"2022-11-22T15:33:48","slug":"clear-plastic-facial-toner-bottles-skincare-cream-container","status":"publish","type":"product","link":"https:\/\/yingmeipack.com\/es\/product\/clear-plastic-facial-toner-bottles-skincare-cream-container\/","title":{"rendered":"Botellas de pl\u00e1stico transparente para t\u00f3nico facial Envase para crema de cuidado de la piel"},"content":{"rendered":"","protected":false},"excerpt":{"rendered":"<p>Los frascos de pl\u00e1stico transparente para t\u00f3ner facial tienen una capacidad de 16 onzas para uso diario y presentan barreras contra el ox\u00edgeno y la humedad, as\u00ed como un \u00e1rea de etiquetado con sangr\u00eda para mostrar de forma destacada su logotipo y la informaci\u00f3n del producto. Estas botellas de pl\u00e1stico transparente van acompa\u00f1adas de tapones de PE estriados blancos, que ofrecen una excelente resistencia qu\u00edmica a \u00e1cidos, \u00e1lcalis, disolventes, alcohol, aceite, cosm\u00e9ticos dom\u00e9sticos y productos acuosos. Considere estas modernas botellas redondas de pl\u00e1stico para envasar una amplia gama de productos de cuidado personal.<\/p>\n<div style=\"width: 1290px;\" class=\"wp-video\"><!--[if lt IE 9]><script>document.createElement('video');<\/script><![endif]--><br \/>\n<video class=\"wp-video-shortcode\" id=\"video-490-1\" width=\"1290\" height=\"726\" loop autoplay preload=\"auto\" controls=\"controls\"><source type=\"video\/mp4\" src=\"http:\/\/yingmeipack.com\/wp-content\/uploads\/2022\/11\/Clear-Plastic-Bottles1..mp4?_=1\" \/><a href=\"http:\/\/yingmeipack.com\/wp-content\/uploads\/2022\/11\/Clear-Plastic-Bottles1..mp4\">http:\/\/yingmeipack.com\/wp-content\/uploads\/2022\/11\/Clear-Plastic-Bottles1..mp4<\/a><\/video><\/div>","protected":false},"featured_media":491,"template":"","meta":{"_kad_post_transparent":"default","_kad_post_title":"","_kad_post_layout":"default","_kad_post_sidebar_id":"","_kad_post_content_style":"default","_kad_post_vertical_padding":"default","_kad_post_feature":"","_kad_post_feature_position":"","_kad_post_header":false,"_kad_post_footer":false,"jetpack_publicize_message":"","jetpack_publicize_feature_enabled":true,"jetpack_social_post_already_shared":false,"jetpack_social_options":{"image_generator_settings":{"template":"highway","default_image_id":0,"enabled":false},"version":2}},"product_brand":[],"product_cat":[19,20],"product_tag":[185,182,183,184],"class_list":{"0":"post-490","1":"product","2":"type-product","3":"status-publish","4":"has-post-thumbnail","6":"product_cat-bottles","7":"product_cat-plastic-bottles","8":"product_tag-clear-cream-container","9":"product_tag-clear-plastic-bottles","10":"product_tag-clear-plastic-facial-bottles","11":"product_tag-plastic-cream-container","13":"first","14":"instock","15":"shipping-taxable","16":"product-type-simple","17":"entry","18":"content-bg","19":"loop-entry"},"aioseo_notices":[],"jetpack_publicize_connections":[],"jetpack_sharing_enabled":true,"_links":{"self":[{"href":"https:\/\/yingmeipack.com\/es\/wp-json\/wp\/v2\/product\/490","targetHints":{"allow":["GET"]}}],"collection":[{"href":"https:\/\/yingmeipack.com\/es\/wp-json\/wp\/v2\/product"}],"about":[{"href":"https:\/\/yingmeipack.com\/es\/wp-json\/wp\/v2\/types\/product"}],"version-history":[{"count":1,"href":"https:\/\/yingmeipack.com\/es\/wp-json\/wp\/v2\/product\/490\/revisions"}],"predecessor-version":[{"id":497,"href":"https:\/\/yingmeipack.com\/es\/wp-json\/wp\/v2\/product\/490\/revisions\/497"}],"wp:featuredmedia":[{"embeddable":true,"href":"https:\/\/yingmeipack.com\/es\/wp-json\/wp\/v2\/media\/491"}],"wp:attachment":[{"href":"https:\/\/yingmeipack.com\/es\/wp-json\/wp\/v2\/media?parent=490"}],"wp:term":[{"taxonomy":"product_brand","embeddable":true,"href":"https:\/\/yingmeipack.com\/es\/wp-json\/wp\/v2\/product_brand?post=490"},{"taxonomy":"product_cat","embeddable":true,"href":"https:\/\/yingmeipack.com\/es\/wp-json\/wp\/v2\/product_cat?post=490"},{"taxonomy":"product_tag","embeddable":true,"href":"https:\/\/yingmeipack.com\/es\/wp-json\/wp\/v2\/product_tag?post=490"}],"curies":[{"name":"wp","href":"https:\/\/api.w.org\/{rel}","templated":true}]}}