{"id":474,"date":"2022-11-22T01:53:08","date_gmt":"2022-11-22T01:53:08","guid":{"rendered":"https:\/\/yingmeipack.com\/?post_type=product&#038;p=474"},"modified":"2022-11-22T02:04:36","modified_gmt":"2022-11-22T02:04:36","slug":"4oz-120ml-clear-plastic-straight-sided-round-plastic-jar","status":"publish","type":"product","link":"https:\/\/yingmeipack.com\/es\/product\/4oz-120ml-clear-plastic-straight-sided-round-plastic-jar\/","title":{"rendered":"Tarro redondo de pl\u00e1stico transparente de 120 ml 4 oz"},"content":{"rendered":"","protected":false},"excerpt":{"rendered":"<p>Este tarro de pl\u00e1stico transparente viene con tapa blanca, y su dimensi\u00f3n es de 50*62 mm, cuya capacidad es de 40oz\/120ml. Estos tarros est\u00e1n fabricados con materiales libres de BPA y aptos para uso alimentario. Son seguros, fiables, duraderos y reutilizables, no se preocupe por las toxinas. Son los mejores recipientes para el almacenamiento dom\u00e9stico, la cocina y la despensa. Se puede utilizar para almacenar alimentos secos, granos de caf\u00e9, polvo, sal, az\u00facar, mantequilla de cacahuete, miel, galletas, mermelada, aperitivos, sales de ba\u00f1o, cosm\u00e9ticos y lociones. Dise\u00f1o de boca ancha, c\u00f3modo para acceder a sus art\u00edculos. Las tapas de pl\u00e1stico y el forro interior proporcionan un cierre herm\u00e9tico para evitar fugas, por lo que tambi\u00e9n es adecuado para almacenar art\u00edculos l\u00edquidos. F\u00e1ciles de limpiar y no se recomienda lavarlos en el lavavajillas. Tenga en cuenta que no debe verter agua hirviendo ni objetos con temperaturas demasiado altas directamente en el tarro.<\/p>\n<div style=\"width: 1290px;\" class=\"wp-video\"><!--[if lt IE 9]><script>document.createElement('video');<\/script><![endif]--><br \/>\n<video class=\"wp-video-shortcode\" id=\"video-474-1\" width=\"1290\" height=\"726\" loop autoplay preload=\"auto\" controls=\"controls\"><source type=\"video\/mp4\" src=\"http:\/\/yingmeipack.com\/wp-content\/uploads\/2022\/11\/4oz-120ml-clear-plastic-straight-sided-round-plastic-jar.mp4?_=1\" \/><a href=\"http:\/\/yingmeipack.com\/wp-content\/uploads\/2022\/11\/4oz-120ml-clear-plastic-straight-sided-round-plastic-jar.mp4\">http:\/\/yingmeipack.com\/wp-content\/uploads\/2022\/11\/4oz-120ml-clear-plastic-straight-sided-round-plastic-jar.mp4<\/a><\/video><\/div>","protected":false},"featured_media":476,"template":"","meta":{"_kad_post_transparent":"default","_kad_post_title":"","_kad_post_layout":"default","_kad_post_sidebar_id":"","_kad_post_content_style":"default","_kad_post_vertical_padding":"default","_kad_post_feature":"","_kad_post_feature_position":"","_kad_post_header":false,"_kad_post_footer":false,"jetpack_publicize_message":"","jetpack_publicize_feature_enabled":true,"jetpack_social_post_already_shared":false,"jetpack_social_options":{"image_generator_settings":{"template":"highway","default_image_id":0,"enabled":false},"version":2}},"product_brand":[],"product_cat":[19,24,20,25],"product_tag":[175,174,176,177],"class_list":{"0":"post-474","1":"product","2":"type-product","3":"status-publish","4":"has-post-thumbnail","6":"product_cat-bottles","7":"product_cat-jars","8":"product_cat-plastic-bottles","9":"product_cat-plastic-jars","10":"product_tag-120ml-plastic-jar","11":"product_tag-4oz-plastic-jar","12":"product_tag-clear-plastic-jar","13":"product_tag-round-plastic-jar","15":"first","16":"instock","17":"shipping-taxable","18":"product-type-simple","19":"entry","20":"content-bg","21":"loop-entry"},"aioseo_notices":[],"jetpack_publicize_connections":[],"jetpack_sharing_enabled":true,"_links":{"self":[{"href":"https:\/\/yingmeipack.com\/es\/wp-json\/wp\/v2\/product\/474","targetHints":{"allow":["GET"]}}],"collection":[{"href":"https:\/\/yingmeipack.com\/es\/wp-json\/wp\/v2\/product"}],"about":[{"href":"https:\/\/yingmeipack.com\/es\/wp-json\/wp\/v2\/types\/product"}],"version-history":[{"count":1,"href":"https:\/\/yingmeipack.com\/es\/wp-json\/wp\/v2\/product\/474\/revisions"}],"predecessor-version":[{"id":481,"href":"https:\/\/yingmeipack.com\/es\/wp-json\/wp\/v2\/product\/474\/revisions\/481"}],"wp:featuredmedia":[{"embeddable":true,"href":"https:\/\/yingmeipack.com\/es\/wp-json\/wp\/v2\/media\/476"}],"wp:attachment":[{"href":"https:\/\/yingmeipack.com\/es\/wp-json\/wp\/v2\/media?parent=474"}],"wp:term":[{"taxonomy":"product_brand","embeddable":true,"href":"https:\/\/yingmeipack.com\/es\/wp-json\/wp\/v2\/product_brand?post=474"},{"taxonomy":"product_cat","embeddable":true,"href":"https:\/\/yingmeipack.com\/es\/wp-json\/wp\/v2\/product_cat?post=474"},{"taxonomy":"product_tag","embeddable":true,"href":"https:\/\/yingmeipack.com\/es\/wp-json\/wp\/v2\/product_tag?post=474"}],"curies":[{"name":"wp","href":"https:\/\/api.w.org\/{rel}","templated":true}]}}