{"id":457,"date":"2022-11-21T14:12:00","date_gmt":"2022-11-21T14:12:00","guid":{"rendered":"https:\/\/yingmeipack.com\/?post_type=product&#038;p=457"},"modified":"2022-11-21T14:27:22","modified_gmt":"2022-11-21T14:27:22","slug":"round-matte-black-aluminum-jars-travel-tins-containers-cans","status":"publish","type":"product","link":"https:\/\/yingmeipack.com\/es\/product\/round-matte-black-aluminum-jars-travel-tins-containers-cans\/","title":{"rendered":"Tarros Redondos de Aluminio Negro Mate Latas de Viaje Envases Latas"},"content":{"rendered":"","protected":false},"excerpt":{"rendered":"<p>El aluminio es un metal ligero con una excelente resistencia a la oxidaci\u00f3n. Por lo tanto, es muy adecuado para fabricar tarros para guardar velas. Estos tarros para velas est\u00e1n fabricados con una estructura sin juntas y un revestimiento negro. Los botes redondos de aluminio est\u00e1n estampados en una sola pieza y sin costuras, por lo que no tienen fugas laterales. La tapa de rosca es f\u00e1cil de cerrar y abrir. Y viene con una almohadilla de espuma para reforzar doblemente el efecto a prueba de fugas. Son latas para velas de 9 oz y miden 101 mm de alto y 83 mm de di\u00e1metro. Tienen la parte superior plana, lo que no s\u00f3lo permite apilarlos ordenadamente, sino tambi\u00e9n ponerles una bonita etiqueta. Nuestros tarros de aluminio pueden ser \u00fatiles en una gran variedad de ocasiones. Puede utilizarlos no s\u00f3lo como recipientes para velas, sino tambi\u00e9n como tarros de almacenaje para manualidades, b\u00e1lsamos labiales, muestras, tornillos y otras piezas peque\u00f1as, etc. Una vez que compre nuestros tarros de lata con tapa, tendr\u00e1 derecho a un reembolso de 30 d\u00edas sin preocupaciones. O si tiene alguna pregunta o duda sobre el producto, no dude en enviarnos un correo electr\u00f3nico. Nos pondremos en contacto con usted lo antes posible.<\/p>\n<div style=\"width: 1290px;\" class=\"wp-video\"><!--[if lt IE 9]><script>document.createElement('video');<\/script><![endif]--><br \/>\n<video class=\"wp-video-shortcode\" id=\"video-457-1\" width=\"1290\" height=\"726\" loop autoplay preload=\"auto\" controls=\"controls\"><source type=\"video\/mp4\" src=\"http:\/\/yingmeipack.com\/wp-content\/uploads\/2022\/11\/Matte-Black-Aluminum-Jars.mp4?_=1\" \/><a href=\"http:\/\/yingmeipack.com\/wp-content\/uploads\/2022\/11\/Matte-Black-Aluminum-Jars.mp4\">http:\/\/yingmeipack.com\/wp-content\/uploads\/2022\/11\/Matte-Black-Aluminum-Jars.mp4<\/a><\/video><\/div>","protected":false},"featured_media":458,"template":"","meta":{"_kad_post_transparent":"default","_kad_post_title":"","_kad_post_layout":"default","_kad_post_sidebar_id":"","_kad_post_content_style":"default","_kad_post_vertical_padding":"default","_kad_post_feature":"","_kad_post_feature_position":"","_kad_post_header":false,"_kad_post_footer":false,"jetpack_publicize_message":"","jetpack_publicize_feature_enabled":true,"jetpack_social_post_already_shared":false,"jetpack_social_options":{"image_generator_settings":{"template":"highway","default_image_id":0,"enabled":false},"version":2}},"product_brand":[],"product_cat":[28,24,27],"product_tag":[169,168,167,166,58],"class_list":{"0":"post-457","1":"product","2":"type-product","3":"status-publish","4":"has-post-thumbnail","6":"product_cat-aluminum-jars","7":"product_cat-jars","8":"product_cat-metal-jars","9":"product_tag-aluminum-travel-cans","10":"product_tag-aluminum-travel-containers","11":"product_tag-aluminum-travel-tins","12":"product_tag-matte-black-aluminum-jars","13":"product_tag-round-aluminum-jars","15":"first","16":"instock","17":"shipping-taxable","18":"product-type-simple","19":"entry","20":"content-bg","21":"loop-entry"},"aioseo_notices":[],"jetpack_publicize_connections":[],"jetpack_sharing_enabled":true,"_links":{"self":[{"href":"https:\/\/yingmeipack.com\/es\/wp-json\/wp\/v2\/product\/457","targetHints":{"allow":["GET"]}}],"collection":[{"href":"https:\/\/yingmeipack.com\/es\/wp-json\/wp\/v2\/product"}],"about":[{"href":"https:\/\/yingmeipack.com\/es\/wp-json\/wp\/v2\/types\/product"}],"version-history":[{"count":1,"href":"https:\/\/yingmeipack.com\/es\/wp-json\/wp\/v2\/product\/457\/revisions"}],"predecessor-version":[{"id":466,"href":"https:\/\/yingmeipack.com\/es\/wp-json\/wp\/v2\/product\/457\/revisions\/466"}],"wp:featuredmedia":[{"embeddable":true,"href":"https:\/\/yingmeipack.com\/es\/wp-json\/wp\/v2\/media\/458"}],"wp:attachment":[{"href":"https:\/\/yingmeipack.com\/es\/wp-json\/wp\/v2\/media?parent=457"}],"wp:term":[{"taxonomy":"product_brand","embeddable":true,"href":"https:\/\/yingmeipack.com\/es\/wp-json\/wp\/v2\/product_brand?post=457"},{"taxonomy":"product_cat","embeddable":true,"href":"https:\/\/yingmeipack.com\/es\/wp-json\/wp\/v2\/product_cat?post=457"},{"taxonomy":"product_tag","embeddable":true,"href":"https:\/\/yingmeipack.com\/es\/wp-json\/wp\/v2\/product_tag?post=457"}],"curies":[{"name":"wp","href":"https:\/\/api.w.org\/{rel}","templated":true}]}}