{"id":423,"date":"2022-11-21T03:21:58","date_gmt":"2022-11-21T03:21:58","guid":{"rendered":"https:\/\/yingmeipack.com\/?post_type=product&#038;p=423"},"modified":"2025-06-05T09:45:36","modified_gmt":"2025-06-05T09:45:36","slug":"silver-solid-aluminum-cosmetics-jar-container-with-window-cap","status":"publish","type":"product","link":"https:\/\/yingmeipack.com\/es\/product\/silver-solid-aluminum-cosmetics-jar-container-with-window-cap\/","title":{"rendered":"Tarro para cosm\u00e9ticos de aluminio macizo plateado con tapa con ventana"},"content":{"rendered":"","protected":false},"excerpt":{"rendered":"<p>A\u00f1ada un toque creativo a su ocasi\u00f3n especial. Estas elegantes cajas son un magn\u00edfico detalle para la mesa y para regalar en bodas, baby showers, aniversarios o cumplea\u00f1os. S\u00f3lo tienes que decorarlas para que combinen con tu tema y rellenarlas con tus golosinas favoritas para que las disfruten los invitados.<br \/>\nLatas de aluminio plateadas con tapa de rosca, lata met\u00e1lica con tapa transparente. A prueba de \u00f3xido, sin fugas. Reutilizables, ligeras e ideales para viajar. Junta a prueba de fugas incluida.<br \/>\nLas latas est\u00e1n fabricadas con aluminio de alta calidad, duradero y ligero.<br \/>\nNuestras latas de aluminio de almacenamiento se puede utilizar para almacenar una amplia variedad de art\u00edculos como b\u00e1lsamo labial Tin, Shave Tin, Shampoo Tin, cosm\u00e9ticos, velas, brillo de labios, y otros suministros de arte. Perfecto para su elecci\u00f3n hecho a mano.<br \/>\nLas tapas de rosca permiten apretarlas f\u00e1cilmente, con una junta adicional a prueba de fugas en el interior de la tapa.<\/p>\n<div style=\"width: 1280px;\" class=\"wp-video\"><!--[if lt IE 9]><script>document.createElement('video');<\/script><![endif]--><br \/>\n<video class=\"wp-video-shortcode\" id=\"video-423-1\" width=\"1280\" height=\"720\" loop autoplay preload=\"auto\" controls=\"controls\"><source type=\"video\/mp4\" src=\"http:\/\/yingmeipack.com\/wp-content\/uploads\/2022\/11\/Aluminum-Cosmetics-Jar.mp4?_=1\" \/><a href=\"http:\/\/yingmeipack.com\/wp-content\/uploads\/2022\/11\/Aluminum-Cosmetics-Jar.mp4\">http:\/\/yingmeipack.com\/wp-content\/uploads\/2022\/11\/Aluminum-Cosmetics-Jar.mp4<\/a><\/video><\/div>","protected":false},"featured_media":424,"template":"","meta":{"_kad_post_transparent":"default","_kad_post_title":"","_kad_post_layout":"default","_kad_post_sidebar_id":"","_kad_post_content_style":"default","_kad_post_vertical_padding":"default","_kad_post_feature":"","_kad_post_feature_position":"","_kad_post_header":false,"_kad_post_footer":false,"jetpack_publicize_message":"","jetpack_publicize_feature_enabled":true,"jetpack_social_post_already_shared":false,"jetpack_social_options":{"image_generator_settings":{"template":"highway","default_image_id":0,"enabled":false},"version":2}},"product_brand":[],"product_cat":[28,24,27],"product_tag":[154,155,153,156],"class_list":{"0":"post-423","1":"product","2":"type-product","3":"status-publish","4":"has-post-thumbnail","6":"product_cat-aluminum-jars","7":"product_cat-jars","8":"product_cat-metal-jars","9":"product_tag-aluminum-cosmetics-jar","10":"product_tag-silver-aluminum-container","11":"product_tag-silver-aluminum-jar","12":"product_tag-solid-aluminum-jar","14":"first","15":"instock","16":"shipping-taxable","17":"purchasable","18":"product-type-simple","19":"entry","20":"content-bg","21":"loop-entry"},"aioseo_notices":[],"jetpack_publicize_connections":[],"jetpack_sharing_enabled":true,"_links":{"self":[{"href":"https:\/\/yingmeipack.com\/es\/wp-json\/wp\/v2\/product\/423","targetHints":{"allow":["GET"]}}],"collection":[{"href":"https:\/\/yingmeipack.com\/es\/wp-json\/wp\/v2\/product"}],"about":[{"href":"https:\/\/yingmeipack.com\/es\/wp-json\/wp\/v2\/types\/product"}],"version-history":[{"count":2,"href":"https:\/\/yingmeipack.com\/es\/wp-json\/wp\/v2\/product\/423\/revisions"}],"predecessor-version":[{"id":432,"href":"https:\/\/yingmeipack.com\/es\/wp-json\/wp\/v2\/product\/423\/revisions\/432"}],"wp:featuredmedia":[{"embeddable":true,"href":"https:\/\/yingmeipack.com\/es\/wp-json\/wp\/v2\/media\/424"}],"wp:attachment":[{"href":"https:\/\/yingmeipack.com\/es\/wp-json\/wp\/v2\/media?parent=423"}],"wp:term":[{"taxonomy":"product_brand","embeddable":true,"href":"https:\/\/yingmeipack.com\/es\/wp-json\/wp\/v2\/product_brand?post=423"},{"taxonomy":"product_cat","embeddable":true,"href":"https:\/\/yingmeipack.com\/es\/wp-json\/wp\/v2\/product_cat?post=423"},{"taxonomy":"product_tag","embeddable":true,"href":"https:\/\/yingmeipack.com\/es\/wp-json\/wp\/v2\/product_tag?post=423"}],"curies":[{"name":"wp","href":"https:\/\/api.w.org\/{rel}","templated":true}]}}