{"id":416,"date":"2022-11-21T03:14:07","date_gmt":"2022-11-21T03:14:07","guid":{"rendered":"https:\/\/yingmeipack.com\/?post_type=product&#038;p=416"},"modified":"2022-11-21T03:21:16","modified_gmt":"2022-11-21T03:21:16","slug":"pp-plastic-fine-mist-fingertip-sprayers-with-clear-overcap","status":"publish","type":"product","link":"https:\/\/yingmeipack.com\/es\/product\/pp-plastic-fine-mist-fingertip-sprayers-with-clear-overcap\/","title":{"rendered":"Pulverizadores de pl\u00e1stico PP de niebla fina con tapa transparente"},"content":{"rendered":"","protected":false},"excerpt":{"rendered":"<p>Se trata de un pulverizador de pulverizaci\u00f3n fina de pl\u00e1stico PP 20-410 con fald\u00f3n liso, tapa transparente y tubo de inmersi\u00f3n de 5,25 pulgadas (salida de 0,12 ml). El pulverizador de pulverizaci\u00f3n fina tiene varias piezas: el tubo de inmersi\u00f3n, la tapa, la bomba de resorte y la tapa transparente. El pulverizador se acopla a un recipiente a juego con el tubo de inmersi\u00f3n en la base de la botella. Al accionar la bomba, el producto sale en forma de fina niebla. Este pulverizador se suministra con un tap\u00f3n de pl\u00e1stico transparente para evitar el vertido accidental del producto. El polipropileno (PP) est\u00e1 marcado con el c\u00f3digo 5 de identificaci\u00f3n de resina. El PP es menos flexible que el LDPE, algo m\u00e1s r\u00edgido que otros pl\u00e1sticos, razonablemente econ\u00f3mico y puede ser transl\u00facido, opaco o de cualquier color. El PP tiene muy buena resistencia a la fatiga y un punto de fusi\u00f3n extremadamente alto (320 grados Fahrenheit o 160 grados Celsius). Este cierre se ajusta a un envase con un acabado de cuello 20-410.<\/p>","protected":false},"featured_media":417,"template":"","meta":{"_kad_post_transparent":"default","_kad_post_title":"","_kad_post_layout":"default","_kad_post_sidebar_id":"","_kad_post_content_style":"default","_kad_post_vertical_padding":"default","_kad_post_feature":"","_kad_post_feature_position":"","_kad_post_header":false,"_kad_post_footer":false,"jetpack_publicize_message":"","jetpack_publicize_feature_enabled":true,"jetpack_social_post_already_shared":false,"jetpack_social_options":{"image_generator_settings":{"template":"highway","default_image_id":0,"enabled":false},"version":2}},"product_brand":[],"product_cat":[33],"product_tag":[151,152],"class_list":{"0":"post-416","1":"product","2":"type-product","3":"status-publish","4":"has-post-thumbnail","6":"product_cat-sprayers","7":"product_tag-fine-mist-sprayers","8":"product_tag-fingertip-sprayer","10":"first","11":"instock","12":"shipping-taxable","13":"product-type-simple","14":"entry","15":"content-bg","16":"loop-entry"},"aioseo_notices":[],"jetpack_publicize_connections":[],"jetpack_sharing_enabled":true,"_links":{"self":[{"href":"https:\/\/yingmeipack.com\/es\/wp-json\/wp\/v2\/product\/416","targetHints":{"allow":["GET"]}}],"collection":[{"href":"https:\/\/yingmeipack.com\/es\/wp-json\/wp\/v2\/product"}],"about":[{"href":"https:\/\/yingmeipack.com\/es\/wp-json\/wp\/v2\/types\/product"}],"version-history":[{"count":1,"href":"https:\/\/yingmeipack.com\/es\/wp-json\/wp\/v2\/product\/416\/revisions"}],"predecessor-version":[{"id":422,"href":"https:\/\/yingmeipack.com\/es\/wp-json\/wp\/v2\/product\/416\/revisions\/422"}],"wp:featuredmedia":[{"embeddable":true,"href":"https:\/\/yingmeipack.com\/es\/wp-json\/wp\/v2\/media\/417"}],"wp:attachment":[{"href":"https:\/\/yingmeipack.com\/es\/wp-json\/wp\/v2\/media?parent=416"}],"wp:term":[{"taxonomy":"product_brand","embeddable":true,"href":"https:\/\/yingmeipack.com\/es\/wp-json\/wp\/v2\/product_brand?post=416"},{"taxonomy":"product_cat","embeddable":true,"href":"https:\/\/yingmeipack.com\/es\/wp-json\/wp\/v2\/product_cat?post=416"},{"taxonomy":"product_tag","embeddable":true,"href":"https:\/\/yingmeipack.com\/es\/wp-json\/wp\/v2\/product_tag?post=416"}],"curies":[{"name":"wp","href":"https:\/\/api.w.org\/{rel}","templated":true}]}}