{"id":4020,"date":"2025-09-09T01:31:17","date_gmt":"2025-09-09T01:31:17","guid":{"rendered":"https:\/\/yingmeipack.com\/?post_type=product&#038;p=4020"},"modified":"2025-09-09T01:49:08","modified_gmt":"2025-09-09T01:49:08","slug":"280ml-clear-empty-pet-plastic-jar-with-silver-aluminum-cap","status":"publish","type":"product","link":"https:\/\/yingmeipack.com\/es\/product\/280ml-clear-empty-pet-plastic-jar-with-silver-aluminum-cap\/","title":{"rendered":"280ml Clear Empty PET Plastic Jar with Silver Aluminum Cap"},"content":{"rendered":"","protected":false},"excerpt":{"rendered":"<p>Size: mouth:83mm ,body:70mm ,bottom: 85mm.<\/p>\n<p>\u3010High Quality Material\u3011This clear plastic jars with lids are made of high quality food grade PET plastic,BPA-Free,sturdy,durable,reusable,transparent and lightweight.You can safely use these empty jars to fill your food without worrying about the effects of the jars,these food jars will meet your needs for your food storage,just put your favourite food in it.<br \/>\n\u3010Leak Proof Design\u3011The plastic jars with silver aluminum lids adopt leak proof design,there have screw thread and gasket seals on the top of the slime container,possessing good airtightness can effectively prevent leakage and prevent the moisture in the clear jars from contacting the air, resulting in dry and wet items.<br \/>\n\u3010Widely Use\u3011Estos frascos de alimentos son muy adecuados para mermelada, alimentos secos, frutos secos, especias, harina, az\u00facar y almacenamiento de alimentos variedad, sino tambi\u00e9n el recipiente cosm\u00e9tico ideal para exfoliantes, manteca corporal, loci\u00f3n, sal de ba\u00f1o, perfecto para que usted pueda hacer su propio cuerpo de bricolaje o la producci\u00f3n de cuidado del cabello.Por supuesto, usted puede utilizar estos contenedores de baba para almacenar su baba u otra peque\u00f1a parte como tornillo o clavo, como un regalo a un amigo es tambi\u00e9n una buena opci\u00f3n.<br \/>\n\u3010 POST-VENTA GRATIS\u3011Si tiene alg\u00fan problema de uso de nuestros tarros con tapa que no se puede resolver, por favor no dude en ponerse en contacto con nosotros para obtener ayuda.la satisfacci\u00f3n del cliente con nuestros tarros de pl\u00e1stico con tapa es lo primero para nosotros. Le responderemos inmediatamente para resolver su problema y darle una respuesta satisfactoria, aseg\u00farese de proporcionarle un gran servicio con nuestros tarros de pl\u00e1stico.<\/p>","protected":false},"featured_media":4021,"template":"","meta":{"_kad_post_transparent":"default","_kad_post_title":"","_kad_post_layout":"default","_kad_post_sidebar_id":"","_kad_post_content_style":"default","_kad_post_vertical_padding":"default","_kad_post_feature":"","_kad_post_feature_position":"","_kad_post_header":false,"_kad_post_footer":false,"jetpack_publicize_message":"","jetpack_publicize_feature_enabled":true,"jetpack_social_post_already_shared":true,"jetpack_social_options":{"image_generator_settings":{"template":"highway","default_image_id":0,"enabled":false},"version":2}},"product_brand":[],"product_cat":[19,24,20,25],"product_tag":[763,215,217,764],"class_list":{"0":"post-4020","1":"product","2":"type-product","3":"status-publish","4":"has-post-thumbnail","6":"product_cat-bottles","7":"product_cat-jars","8":"product_cat-plastic-bottles","9":"product_cat-plastic-jars","10":"product_tag-280ml-clear-empty-pet-plastic-jar","11":"product_tag-bpa-free-pet-plastic-jars","12":"product_tag-plastic-jar-with-gold-lid","13":"product_tag-plastic-jar-with-silver-aluminum-cap","15":"first","16":"instock","17":"shipping-taxable","18":"product-type-simple","19":"entry","20":"content-bg","21":"loop-entry"},"aioseo_notices":[],"jetpack_publicize_connections":[],"jetpack_sharing_enabled":true,"_links":{"self":[{"href":"https:\/\/yingmeipack.com\/es\/wp-json\/wp\/v2\/product\/4020","targetHints":{"allow":["GET"]}}],"collection":[{"href":"https:\/\/yingmeipack.com\/es\/wp-json\/wp\/v2\/product"}],"about":[{"href":"https:\/\/yingmeipack.com\/es\/wp-json\/wp\/v2\/types\/product"}],"version-history":[{"count":1,"href":"https:\/\/yingmeipack.com\/es\/wp-json\/wp\/v2\/product\/4020\/revisions"}],"predecessor-version":[{"id":4028,"href":"https:\/\/yingmeipack.com\/es\/wp-json\/wp\/v2\/product\/4020\/revisions\/4028"}],"wp:featuredmedia":[{"embeddable":true,"href":"https:\/\/yingmeipack.com\/es\/wp-json\/wp\/v2\/media\/4021"}],"wp:attachment":[{"href":"https:\/\/yingmeipack.com\/es\/wp-json\/wp\/v2\/media?parent=4020"}],"wp:term":[{"taxonomy":"product_brand","embeddable":true,"href":"https:\/\/yingmeipack.com\/es\/wp-json\/wp\/v2\/product_brand?post=4020"},{"taxonomy":"product_cat","embeddable":true,"href":"https:\/\/yingmeipack.com\/es\/wp-json\/wp\/v2\/product_cat?post=4020"},{"taxonomy":"product_tag","embeddable":true,"href":"https:\/\/yingmeipack.com\/es\/wp-json\/wp\/v2\/product_tag?post=4020"}],"curies":[{"name":"wp","href":"https:\/\/api.w.org\/{rel}","templated":true}]}}