{"id":400,"date":"2022-11-21T02:30:29","date_gmt":"2022-11-21T02:30:29","guid":{"rendered":"https:\/\/yingmeipack.com\/?post_type=product&#038;p=400"},"modified":"2025-06-05T09:53:44","modified_gmt":"2025-06-05T09:53:44","slug":"200g-screw-aluminum-jar-shallow-round-screw-top-seamless-tin","status":"publish","type":"product","link":"https:\/\/yingmeipack.com\/es\/product\/200g-screw-aluminum-jar-shallow-round-screw-top-seamless-tin\/","title":{"rendered":"200g Tornillo Tarro de Aluminio Poco Profundo Redondo Tornillo Tapa Sin Costura Esta\u00f1o"},"content":{"rendered":"","protected":false},"excerpt":{"rendered":"<p>El paquete incluye: Paquete de 20. Las tapas de rosca de los recipientes no tienen bordes afilados, todos los bordes est\u00e1n redondeados para evitar ara\u00f1azos en la mano.<br \/>\nMaterial de alta calidad: Estas latas redondas de aluminio est\u00e1n fabricadas con aluminio esta\u00f1ado duradero, ligero y resistente a la corrosi\u00f3n. Tienen una tapa de rosca f\u00e1cil de abrir y cerrar, y protegen sus art\u00edculos de la luz solar directa y las altas temperaturas.<br \/>\nTama\u00f1o: 92 mm de di\u00e1metro x 45 mm de altura, Capacidad: 200 gramos. C\u00f3modo de llevar: estos tarros caben perfectamente en el bolsillo, el bolso, la mochila o el equipaje.<br \/>\nLas latas multiusos se pueden utilizar para almacenar velas como regalo de fiesta, adem\u00e1s, es un regalo ideal, utilizado para almacenar una amplia variedad de art\u00edculos como b\u00e1lsamos labiales, cosm\u00e9ticos, botes de muestras, brillo de labios y otros suministros de arte.<br \/>\nCalidad Eficaz: que cada producto ha sido cuidadosamente seleccionado e inspeccionado. Si encuentra alg\u00fan motivo desagradable, p\u00f3ngase en contacto con nosotros a tiempo.<\/p>","protected":false},"featured_media":401,"template":"","meta":{"_kad_post_transparent":"default","_kad_post_title":"","_kad_post_layout":"default","_kad_post_sidebar_id":"","_kad_post_content_style":"default","_kad_post_vertical_padding":"default","_kad_post_feature":"","_kad_post_feature_position":"","_kad_post_header":false,"_kad_post_footer":false,"jetpack_publicize_message":"","jetpack_publicize_feature_enabled":true,"jetpack_social_post_already_shared":false,"jetpack_social_options":{"image_generator_settings":{"template":"highway","default_image_id":0,"enabled":false},"version":2}},"product_brand":[],"product_cat":[28,24,27],"product_tag":[85,143,144,145],"class_list":{"0":"post-400","1":"product","2":"type-product","3":"status-publish","4":"has-post-thumbnail","6":"product_cat-aluminum-jars","7":"product_cat-jars","8":"product_cat-metal-jars","9":"product_tag-round-aluminum-jar","10":"product_tag-screw-aluminum-jar","11":"product_tag-screw-top-seamless-tin","12":"product_tag-shallow-aluminum-jar","14":"first","15":"instock","16":"shipping-taxable","17":"purchasable","18":"product-type-simple","19":"entry","20":"content-bg","21":"loop-entry"},"aioseo_notices":[],"jetpack_publicize_connections":[],"jetpack_sharing_enabled":true,"_links":{"self":[{"href":"https:\/\/yingmeipack.com\/es\/wp-json\/wp\/v2\/product\/400","targetHints":{"allow":["GET"]}}],"collection":[{"href":"https:\/\/yingmeipack.com\/es\/wp-json\/wp\/v2\/product"}],"about":[{"href":"https:\/\/yingmeipack.com\/es\/wp-json\/wp\/v2\/types\/product"}],"version-history":[{"count":1,"href":"https:\/\/yingmeipack.com\/es\/wp-json\/wp\/v2\/product\/400\/revisions"}],"predecessor-version":[{"id":407,"href":"https:\/\/yingmeipack.com\/es\/wp-json\/wp\/v2\/product\/400\/revisions\/407"}],"wp:featuredmedia":[{"embeddable":true,"href":"https:\/\/yingmeipack.com\/es\/wp-json\/wp\/v2\/media\/401"}],"wp:attachment":[{"href":"https:\/\/yingmeipack.com\/es\/wp-json\/wp\/v2\/media?parent=400"}],"wp:term":[{"taxonomy":"product_brand","embeddable":true,"href":"https:\/\/yingmeipack.com\/es\/wp-json\/wp\/v2\/product_brand?post=400"},{"taxonomy":"product_cat","embeddable":true,"href":"https:\/\/yingmeipack.com\/es\/wp-json\/wp\/v2\/product_cat?post=400"},{"taxonomy":"product_tag","embeddable":true,"href":"https:\/\/yingmeipack.com\/es\/wp-json\/wp\/v2\/product_tag?post=400"}],"curies":[{"name":"wp","href":"https:\/\/api.w.org\/{rel}","templated":true}]}}