{"id":3882,"date":"2025-09-04T03:56:36","date_gmt":"2025-09-04T03:56:36","guid":{"rendered":"https:\/\/yingmeipack.com\/?post_type=product&#038;p=3882"},"modified":"2025-09-04T06:15:26","modified_gmt":"2025-09-04T06:15:26","slug":"wholesale-350ml-silver-empty-aluminum-can-reusable","status":"publish","type":"product","link":"https:\/\/yingmeipack.com\/es\/product\/wholesale-350ml-silver-empty-aluminum-can-reusable\/","title":{"rendered":"Wholesale 350ml silver empty aluminum can reusable"},"content":{"rendered":"","protected":false},"excerpt":{"rendered":"<p>350 Gram Aluminum Silver Tin Metal Storage Containers with Flip Top Lids<br \/>\nCapacity: 350G\/350ML<br \/>\nTodos los tarros incluyen un fondo y una tapa (ej: 12 tarros = 12 fondos y 12 tapas)<br \/>\nDimensions: 110mm*37mm<br \/>\nLigero y compacto, perfecto para viajar<br \/>\nCan be Used to Store a Wide Variety of Items \u2013 From Cosmetics to Jewelry to Art Supplies and Hardware<br \/>\nTarros de aluminio reutilizables para guardar cremas, lociones, maquillaje, cosm\u00e9ticos, b\u00e1lsamos labiales, exfoliantes, b\u00e1lsamos, accesorios para u\u00f1as, dijes, abalorios, peque\u00f1as joyas y mucho m\u00e1s<br \/>\nPuede utilizarse para mezclar o tomar muestras de productos de belleza o salud<br \/>\nIdeal para uso profesional o personal<\/p>","protected":false},"featured_media":3884,"template":"","meta":{"_kad_post_transparent":"default","_kad_post_title":"","_kad_post_layout":"default","_kad_post_sidebar_id":"","_kad_post_content_style":"default","_kad_post_vertical_padding":"default","_kad_post_feature":"","_kad_post_feature_position":"","_kad_post_header":false,"_kad_post_footer":false,"jetpack_publicize_message":"","jetpack_publicize_feature_enabled":true,"jetpack_social_post_already_shared":true,"jetpack_social_options":{"image_generator_settings":{"template":"highway","default_image_id":0,"enabled":false},"version":2}},"product_brand":[],"product_cat":[28,24,27],"product_tag":[732,734,733,731],"class_list":{"0":"post-3882","1":"product","2":"type-product","3":"status-publish","4":"has-post-thumbnail","6":"product_cat-aluminum-jars","7":"product_cat-jars","8":"product_cat-metal-jars","9":"product_tag-350ml-silver-aluminum-cans-bulk","10":"product_tag-empty-soda-cans-wholesale","11":"product_tag-reusable-silver-aluminum-can","12":"product_tag-wholesale-empty-aluminum-cans","14":"first","15":"instock","16":"shipping-taxable","17":"purchasable","18":"product-type-simple","19":"entry","20":"content-bg","21":"loop-entry"},"aioseo_notices":[],"jetpack_publicize_connections":[],"jetpack_sharing_enabled":true,"_links":{"self":[{"href":"https:\/\/yingmeipack.com\/es\/wp-json\/wp\/v2\/product\/3882","targetHints":{"allow":["GET"]}}],"collection":[{"href":"https:\/\/yingmeipack.com\/es\/wp-json\/wp\/v2\/product"}],"about":[{"href":"https:\/\/yingmeipack.com\/es\/wp-json\/wp\/v2\/types\/product"}],"version-history":[{"count":1,"href":"https:\/\/yingmeipack.com\/es\/wp-json\/wp\/v2\/product\/3882\/revisions"}],"predecessor-version":[{"id":3889,"href":"https:\/\/yingmeipack.com\/es\/wp-json\/wp\/v2\/product\/3882\/revisions\/3889"}],"wp:featuredmedia":[{"embeddable":true,"href":"https:\/\/yingmeipack.com\/es\/wp-json\/wp\/v2\/media\/3884"}],"wp:attachment":[{"href":"https:\/\/yingmeipack.com\/es\/wp-json\/wp\/v2\/media?parent=3882"}],"wp:term":[{"taxonomy":"product_brand","embeddable":true,"href":"https:\/\/yingmeipack.com\/es\/wp-json\/wp\/v2\/product_brand?post=3882"},{"taxonomy":"product_cat","embeddable":true,"href":"https:\/\/yingmeipack.com\/es\/wp-json\/wp\/v2\/product_cat?post=3882"},{"taxonomy":"product_tag","embeddable":true,"href":"https:\/\/yingmeipack.com\/es\/wp-json\/wp\/v2\/product_tag?post=3882"}],"curies":[{"name":"wp","href":"https:\/\/api.w.org\/{rel}","templated":true}]}}