{"id":383,"date":"2022-11-20T09:10:18","date_gmt":"2022-11-20T09:10:18","guid":{"rendered":"https:\/\/yingmeipack.com\/?post_type=product&#038;p=383"},"modified":"2022-11-20T14:28:26","modified_gmt":"2022-11-20T14:28:26","slug":"1000ml-airtight-portable-silver-aluminum-storage-jars-tins","status":"publish","type":"product","link":"https:\/\/yingmeipack.com\/es\/product\/1000ml-airtight-portable-silver-aluminum-storage-jars-tins\/","title":{"rendered":"Tarros herm\u00e9ticos port\u00e1tiles de aluminio plateado para 1000 ml"},"content":{"rendered":"","protected":false},"excerpt":{"rendered":"<p>Si busca un tarro grande de aluminio, no busque m\u00e1s. Con un volumen de 1000 ml y un tama\u00f1o de 83x195 mm, esta belleza es la botella met\u00e1lica m\u00e1s grande de nuestro surtido. Aunque tiene un gran tama\u00f1o, presenta un dise\u00f1o extremadamente elegante y ligero. Adem\u00e1s, la botella no tiene costuras, lo que le confiere un acabado de primera calidad. Junto con su suave aspecto met\u00e1lico, esta hermosa botella le garantiza a\u00f1adir un toque de clase y elegancia a su l\u00ednea de productos. A pesar de su dise\u00f1o ligero, la botella es muy duradera. Esto la hace adecuada tanto para uso comercial como industrial. La botella est\u00e1 fabricada en aluminio resistente al \u00f3xido, lo que le permite utilizarla con seguridad en el ba\u00f1o y en cualquier otro tipo de entorno h\u00famedo. Si busca una unidad de gran tama\u00f1o para guardar alimentos, cosm\u00e9ticos o medicamentos, nuestro tarro de aluminio de 1000 ml es una elecci\u00f3n perfecta para usted.<\/p>","protected":false},"featured_media":384,"template":"","meta":{"_kad_post_transparent":"default","_kad_post_title":"","_kad_post_layout":"default","_kad_post_sidebar_id":"","_kad_post_content_style":"default","_kad_post_vertical_padding":"default","_kad_post_feature":"","_kad_post_feature_position":"","_kad_post_header":false,"_kad_post_footer":false,"jetpack_publicize_message":"","jetpack_publicize_feature_enabled":true,"jetpack_social_post_already_shared":false,"jetpack_social_options":{"image_generator_settings":{"template":"highway","default_image_id":0,"enabled":false},"version":2}},"product_brand":[],"product_cat":[28,24,27],"product_tag":[138,136,134,135,137],"class_list":{"0":"post-383","1":"product","2":"type-product","3":"status-publish","4":"has-post-thumbnail","6":"product_cat-aluminum-jars","7":"product_cat-jars","8":"product_cat-metal-jars","9":"product_tag-1000ml-aluminum-jars","10":"product_tag-airtight-aluminum-jars","11":"product_tag-aluminum-storage-jar","12":"product_tag-aluminum-storage-tins","13":"product_tag-portable-aluminum-jars","15":"first","16":"instock","17":"shipping-taxable","18":"product-type-simple","19":"entry","20":"content-bg","21":"loop-entry"},"aioseo_notices":[],"jetpack_publicize_connections":[],"jetpack_sharing_enabled":true,"_links":{"self":[{"href":"https:\/\/yingmeipack.com\/es\/wp-json\/wp\/v2\/product\/383","targetHints":{"allow":["GET"]}}],"collection":[{"href":"https:\/\/yingmeipack.com\/es\/wp-json\/wp\/v2\/product"}],"about":[{"href":"https:\/\/yingmeipack.com\/es\/wp-json\/wp\/v2\/types\/product"}],"version-history":[{"count":2,"href":"https:\/\/yingmeipack.com\/es\/wp-json\/wp\/v2\/product\/383\/revisions"}],"predecessor-version":[{"id":390,"href":"https:\/\/yingmeipack.com\/es\/wp-json\/wp\/v2\/product\/383\/revisions\/390"}],"wp:featuredmedia":[{"embeddable":true,"href":"https:\/\/yingmeipack.com\/es\/wp-json\/wp\/v2\/media\/384"}],"wp:attachment":[{"href":"https:\/\/yingmeipack.com\/es\/wp-json\/wp\/v2\/media?parent=383"}],"wp:term":[{"taxonomy":"product_brand","embeddable":true,"href":"https:\/\/yingmeipack.com\/es\/wp-json\/wp\/v2\/product_brand?post=383"},{"taxonomy":"product_cat","embeddable":true,"href":"https:\/\/yingmeipack.com\/es\/wp-json\/wp\/v2\/product_cat?post=383"},{"taxonomy":"product_tag","embeddable":true,"href":"https:\/\/yingmeipack.com\/es\/wp-json\/wp\/v2\/product_tag?post=383"}],"curies":[{"name":"wp","href":"https:\/\/api.w.org\/{rel}","templated":true}]}}