{"id":376,"date":"2022-11-20T08:57:22","date_gmt":"2022-11-20T08:57:22","guid":{"rendered":"https:\/\/yingmeipack.com\/?post_type=product&#038;p=376"},"modified":"2022-11-20T09:07:56","modified_gmt":"2022-11-20T09:07:56","slug":"smooth-metal-aluminum-plastic-screw-cover-cap-lid-for-jars","status":"publish","type":"product","link":"https:\/\/yingmeipack.com\/es\/product\/smooth-metal-aluminum-plastic-screw-cover-cap-lid-for-jars\/","title":{"rendered":"Tapa de rosca de pl\u00e1stico de aluminio liso para tarros"},"content":{"rendered":"","protected":false},"excerpt":{"rendered":"<p>Disponemos de una amplia variedad de tapones de metal y pl\u00e1stico compatibles con botellas, tarros y jarras de vidrio. Estos cierres met\u00e1licos est\u00e1n aprobados por la FDA y est\u00e1n disponibles en aluminio u hojalata electrol\u00edtica (acero recubierto de esta\u00f1o). Los colores incluyen Plata, Peltre, Aluminio, Oro, Negro, Blanco, Amarillo y Rojo. Hay disponibles varios revestimientos, como pulpa y poli\u00e9ster, pulpa y polivinilo, F-217, pulpa y papel de aluminio y plastisol.<br \/>\nNuestros tapones met\u00e1licos son cierres met\u00e1licos desechables fabricados en hojalata. Un dispositivo manual o l\u00edneas de producci\u00f3n autom\u00e1ticas afectan al proceso de cierre. Los tapones son adecuados para todo tipo de llenado en fr\u00edo y en caliente de productos secos, acuosos y grasos sometidos a procesos de pasteurizaci\u00f3n y esterilizaci\u00f3n. Muy utilizado para fruta, verdura, carne, salsas y peque\u00f1as porciones de especialidades, este cierre es una elecci\u00f3n \u00f3ptima para cualquier tipo de producto alimentario.<\/p>","protected":false},"featured_media":377,"template":"","meta":{"_kad_post_transparent":"default","_kad_post_title":"","_kad_post_layout":"default","_kad_post_sidebar_id":"","_kad_post_content_style":"default","_kad_post_vertical_padding":"default","_kad_post_feature":"","_kad_post_feature_position":"","_kad_post_header":false,"_kad_post_footer":false,"jetpack_publicize_message":"","jetpack_publicize_feature_enabled":true,"jetpack_social_post_already_shared":false,"jetpack_social_options":{"image_generator_settings":{"template":"highway","default_image_id":0,"enabled":false},"version":2}},"product_brand":[],"product_cat":[34],"product_tag":[132,133,131,130],"class_list":{"0":"post-376","1":"product","2":"type-product","3":"status-publish","4":"has-post-thumbnail","6":"product_cat-caps","7":"product_tag-plastic-screw-cap","8":"product_tag-plastic-screw-lid","9":"product_tag-screw-cover","10":"product_tag-screw-cover-cap","12":"first","13":"instock","14":"shipping-taxable","15":"product-type-simple","16":"entry","17":"content-bg","18":"loop-entry"},"aioseo_notices":[],"jetpack_publicize_connections":[],"jetpack_sharing_enabled":true,"_links":{"self":[{"href":"https:\/\/yingmeipack.com\/es\/wp-json\/wp\/v2\/product\/376","targetHints":{"allow":["GET"]}}],"collection":[{"href":"https:\/\/yingmeipack.com\/es\/wp-json\/wp\/v2\/product"}],"about":[{"href":"https:\/\/yingmeipack.com\/es\/wp-json\/wp\/v2\/types\/product"}],"version-history":[{"count":1,"href":"https:\/\/yingmeipack.com\/es\/wp-json\/wp\/v2\/product\/376\/revisions"}],"predecessor-version":[{"id":382,"href":"https:\/\/yingmeipack.com\/es\/wp-json\/wp\/v2\/product\/376\/revisions\/382"}],"wp:featuredmedia":[{"embeddable":true,"href":"https:\/\/yingmeipack.com\/es\/wp-json\/wp\/v2\/media\/377"}],"wp:attachment":[{"href":"https:\/\/yingmeipack.com\/es\/wp-json\/wp\/v2\/media?parent=376"}],"wp:term":[{"taxonomy":"product_brand","embeddable":true,"href":"https:\/\/yingmeipack.com\/es\/wp-json\/wp\/v2\/product_brand?post=376"},{"taxonomy":"product_cat","embeddable":true,"href":"https:\/\/yingmeipack.com\/es\/wp-json\/wp\/v2\/product_cat?post=376"},{"taxonomy":"product_tag","embeddable":true,"href":"https:\/\/yingmeipack.com\/es\/wp-json\/wp\/v2\/product_tag?post=376"}],"curies":[{"name":"wp","href":"https:\/\/api.w.org\/{rel}","templated":true}]}}