{"id":367,"date":"2022-11-20T07:22:24","date_gmt":"2022-11-20T07:22:24","guid":{"rendered":"https:\/\/yingmeipack.com\/?post_type=product&#038;p=367"},"modified":"2022-11-20T07:35:13","modified_gmt":"2022-11-20T07:35:13","slug":"eco-friendly-plastic-candle-jars-container-with-screw-lid","status":"publish","type":"product","link":"https:\/\/yingmeipack.com\/es\/product\/eco-friendly-plastic-candle-jars-container-with-screw-lid\/","title":{"rendered":"Tarros de pl\u00e1stico ecol\u00f3gicos para velas con tapa de rosca"},"content":{"rendered":"","protected":false},"excerpt":{"rendered":"<p>Nuestra selecci\u00f3n de tarros de pl\u00e1stico para velas y votivas es perfecta tanto para el aficionado a las velas como para el fabricante de velas profesional. Ofrecemos una gran variedad de tarros de PET para velas, disponibles en varios tama\u00f1os, formas y colores. Los tarros de PET est\u00e1n disponibles en transparente, esmerilado y \u00e1mbar, y pueden combinarse con una amplia variedad de tapones. Las velas votivas de pl\u00e1stico est\u00e1n disponibles en acabados transparentes y esmerilados, y pueden ser redondas o cuadradas. Con la variedad de opciones de decoraci\u00f3n, como etiquetas, gemas, pinturas decorativas o grabados, puede transformar personalmente su recipiente en una idea de regalo o l\u00ednea de productos \u00fanica y especial. Sea cual sea su oficio, tenemos el recipiente para usted. Como siempre, debe probar la compatibilidad de sus recipientes para velas con el producto y tener siempre precauci\u00f3n al fabricar o quemar velas. No damos a entender que estos recipientes sean adecuados para un uso concreto. Puede personalizar lo que desee en funci\u00f3n de sus requisitos sobre envases para velas.<\/p>","protected":false},"featured_media":368,"template":"","meta":{"_kad_post_transparent":"default","_kad_post_title":"","_kad_post_layout":"default","_kad_post_sidebar_id":"","_kad_post_content_style":"default","_kad_post_vertical_padding":"default","_kad_post_feature":"","_kad_post_feature_position":"","_kad_post_header":false,"_kad_post_footer":false,"jetpack_publicize_message":"","jetpack_publicize_feature_enabled":true,"jetpack_social_post_already_shared":false,"jetpack_social_options":{"image_generator_settings":{"template":"highway","default_image_id":0,"enabled":false},"version":2}},"product_brand":[],"product_cat":[19,24,20,25],"product_tag":[128,126,129,127],"class_list":{"0":"post-367","1":"product","2":"type-product","3":"status-publish","4":"has-post-thumbnail","6":"product_cat-bottles","7":"product_cat-jars","8":"product_cat-plastic-bottles","9":"product_cat-plastic-jars","10":"product_tag-eco-friendly-candle-container","11":"product_tag-eco-friendly-candle-jars","12":"product_tag-plastic-candle-container","13":"product_tag-plastic-candle-jars","15":"first","16":"instock","17":"shipping-taxable","18":"product-type-simple","19":"entry","20":"content-bg","21":"loop-entry"},"aioseo_notices":[],"jetpack_publicize_connections":[],"jetpack_sharing_enabled":true,"_links":{"self":[{"href":"https:\/\/yingmeipack.com\/es\/wp-json\/wp\/v2\/product\/367","targetHints":{"allow":["GET"]}}],"collection":[{"href":"https:\/\/yingmeipack.com\/es\/wp-json\/wp\/v2\/product"}],"about":[{"href":"https:\/\/yingmeipack.com\/es\/wp-json\/wp\/v2\/types\/product"}],"version-history":[{"count":2,"href":"https:\/\/yingmeipack.com\/es\/wp-json\/wp\/v2\/product\/367\/revisions"}],"predecessor-version":[{"id":375,"href":"https:\/\/yingmeipack.com\/es\/wp-json\/wp\/v2\/product\/367\/revisions\/375"}],"wp:featuredmedia":[{"embeddable":true,"href":"https:\/\/yingmeipack.com\/es\/wp-json\/wp\/v2\/media\/368"}],"wp:attachment":[{"href":"https:\/\/yingmeipack.com\/es\/wp-json\/wp\/v2\/media?parent=367"}],"wp:term":[{"taxonomy":"product_brand","embeddable":true,"href":"https:\/\/yingmeipack.com\/es\/wp-json\/wp\/v2\/product_brand?post=367"},{"taxonomy":"product_cat","embeddable":true,"href":"https:\/\/yingmeipack.com\/es\/wp-json\/wp\/v2\/product_cat?post=367"},{"taxonomy":"product_tag","embeddable":true,"href":"https:\/\/yingmeipack.com\/es\/wp-json\/wp\/v2\/product_tag?post=367"}],"curies":[{"name":"wp","href":"https:\/\/api.w.org\/{rel}","templated":true}]}}