{"id":3538,"date":"2025-08-26T02:34:38","date_gmt":"2025-08-26T02:34:38","guid":{"rendered":"https:\/\/yingmeipack.com\/?post_type=product&#038;p=3538"},"modified":"2025-08-30T02:37:21","modified_gmt":"2025-08-30T02:37:21","slug":"40ml-matte-black-aluminum-can-slip-lid-container-wholesale","status":"publish","type":"product","link":"https:\/\/yingmeipack.com\/es\/product\/40ml-matte-black-aluminum-can-slip-lid-container-wholesale\/","title":{"rendered":"40ml Matte Black Aluminum Can Slide Top Container Wholesale"},"content":{"rendered":"","protected":false},"excerpt":{"rendered":"<p>Capacity of each: 40ml. Each tins measures 80mm dia. x 15mm height;<\/p>\n<p>Material apto para alimentos - Estas latas con tapa est\u00e1n hechas de hojalata sin BPA con una bonita superficie cepillada, ligera pero duradera, puede entrar en contacto con el t\u00e9 o los alimentos directamente. No apto para uso en horno.<br \/>\nF\u00e1cil llenado y acceso - La gran abertura de la boca facilita el llenado y el vaciado de estas latas. Tapas deslizantes, no enroscables, f\u00e1ciles de abrir con una sola mano.<br \/>\nVers\u00e1til recipiente de almacenamiento de alimentos - Tosnail esta\u00f1o recipientes de almacenamiento de alimentos son perfectos para almacenar t\u00e9 suelto, especias, galletas, caf\u00e9, caramelos, velas, cuentas, botones, y cualquier otro alimento o artesan\u00edas. Tambi\u00e9n se puede utilizar como caja de regalo para los favores del partido, bodas, despedida de soltera, negocios, Navidad u otros festivales.<\/p>","protected":false},"featured_media":3539,"template":"","meta":{"_kad_post_transparent":"default","_kad_post_title":"","_kad_post_layout":"default","_kad_post_sidebar_id":"","_kad_post_content_style":"default","_kad_post_vertical_padding":"default","_kad_post_feature":"","_kad_post_feature_position":"","_kad_post_header":false,"_kad_post_footer":false,"jetpack_publicize_message":"","jetpack_publicize_feature_enabled":true,"jetpack_social_post_already_shared":true,"jetpack_social_options":{"image_generator_settings":{"template":"highway","default_image_id":0,"enabled":false},"version":2}},"product_brand":[],"product_cat":[28,24,27],"product_tag":[641,636,639,640],"class_list":{"0":"post-3538","1":"product","2":"type-product","3":"status-publish","4":"has-post-thumbnail","6":"product_cat-aluminum-jars","7":"product_cat-jars","8":"product_cat-metal-jars","9":"product_tag-40ml-aluminum-can","10":"product_tag-empty-can-wholesale","11":"product_tag-matte-aluminum-can","12":"product_tag-slip-lid-container","14":"first","15":"instock","16":"shipping-taxable","17":"purchasable","18":"product-type-simple","19":"entry","20":"content-bg","21":"loop-entry"},"aioseo_notices":[],"jetpack_publicize_connections":[],"jetpack_sharing_enabled":true,"_links":{"self":[{"href":"https:\/\/yingmeipack.com\/es\/wp-json\/wp\/v2\/product\/3538","targetHints":{"allow":["GET"]}}],"collection":[{"href":"https:\/\/yingmeipack.com\/es\/wp-json\/wp\/v2\/product"}],"about":[{"href":"https:\/\/yingmeipack.com\/es\/wp-json\/wp\/v2\/types\/product"}],"version-history":[{"count":5,"href":"https:\/\/yingmeipack.com\/es\/wp-json\/wp\/v2\/product\/3538\/revisions"}],"predecessor-version":[{"id":3732,"href":"https:\/\/yingmeipack.com\/es\/wp-json\/wp\/v2\/product\/3538\/revisions\/3732"}],"wp:featuredmedia":[{"embeddable":true,"href":"https:\/\/yingmeipack.com\/es\/wp-json\/wp\/v2\/media\/3539"}],"wp:attachment":[{"href":"https:\/\/yingmeipack.com\/es\/wp-json\/wp\/v2\/media?parent=3538"}],"wp:term":[{"taxonomy":"product_brand","embeddable":true,"href":"https:\/\/yingmeipack.com\/es\/wp-json\/wp\/v2\/product_brand?post=3538"},{"taxonomy":"product_cat","embeddable":true,"href":"https:\/\/yingmeipack.com\/es\/wp-json\/wp\/v2\/product_cat?post=3538"},{"taxonomy":"product_tag","embeddable":true,"href":"https:\/\/yingmeipack.com\/es\/wp-json\/wp\/v2\/product_tag?post=3538"}],"curies":[{"name":"wp","href":"https:\/\/api.w.org\/{rel}","templated":true}]}}