{"id":3357,"date":"2025-08-21T04:02:09","date_gmt":"2025-08-21T04:02:09","guid":{"rendered":"https:\/\/yingmeipack.com\/?post_type=product&#038;p=3357"},"modified":"2025-08-21T06:52:14","modified_gmt":"2025-08-21T06:52:14","slug":"25ml-black-slip-lid-luxury-aluminum-jar-cosmetic-container","status":"publish","type":"product","link":"https:\/\/yingmeipack.com\/es\/product\/25ml-black-slip-lid-luxury-aluminum-jar-cosmetic-container\/","title":{"rendered":"25ml Black Slip Lid Luxury Aluminum Jar Cosmetic Container"},"content":{"rendered":"","protected":false},"excerpt":{"rendered":"<ul>\n<li>Makeup Ruond Cream Container: These gift boxes are durable, wear-resistant and fall-resistant. A packing box for Christmas, birthday, wedding.<\/li>\n<li>Lata redonda de aluminio para velas: La lata es un recipiente vac\u00edo con dise\u00f1o redondo, que puede reducir el riesgo de pico lastimar a la gente, f\u00e1cil y seguro para abrir y cerrar.<\/li>\n<li>Round Metal Tins: They can be for packaging boxes such as tea boxes, candy boxes, jewelry boxes.<\/li>\n<li>Latas para hojas de t\u00e9: Hecho de aluminio, no es f\u00e1cil de conseguir roto, que le servir\u00e1 un per\u00edodo, tienen superficie lisa que se pueden colocar juntos para un uso conveniente.<\/li>\n<li>Tarros para muestras de cosm\u00e9ticos: Construcci\u00f3n sin costuras, duradero, f\u00e1cil de transportar y usar. Proyectos de fabricaci\u00f3n de velas DIY.<\/li>\n<\/ul>\n<p>This slip Lid aluminum jar is made from food grade materials, and the dimension is 45*18*0.3 mm. Made of aluminium, lightweight but durable, easy to carry. These tin cans have no sharp edges, all edges are rounded and are seamlessly formed. The material can be recycled or re-used making. Great containers for lip balms, lip gloss, creams, cosmetics, salve, pills, beads, screws, candies, buttons, coins, herbs, tea, candles and much more. They are also suitable for slime storage, making candles and DIY craft.<\/p>","protected":false},"featured_media":3360,"template":"","meta":{"_kad_post_transparent":"default","_kad_post_title":"","_kad_post_layout":"default","_kad_post_sidebar_id":"","_kad_post_content_style":"default","_kad_post_vertical_padding":"default","_kad_post_feature":"","_kad_post_feature_position":"","_kad_post_header":false,"_kad_post_footer":false,"jetpack_publicize_message":"","jetpack_publicize_feature_enabled":true,"jetpack_social_post_already_shared":true,"jetpack_social_options":{"image_generator_settings":{"template":"highway","default_image_id":0,"enabled":false},"version":2}},"product_brand":[],"product_cat":[28,24,27],"product_tag":[598,596,599,597],"class_list":{"0":"post-3357","1":"product","2":"type-product","3":"status-publish","4":"has-post-thumbnail","6":"product_cat-aluminum-jars","7":"product_cat-jars","8":"product_cat-metal-jars","9":"product_tag-25ml-black-jar","10":"product_tag-luxury-aluminum-jar","11":"product_tag-premium-cosmetic-packaging","12":"product_tag-slip-lid-cosmetic-container","14":"first","15":"instock","16":"shipping-taxable","17":"purchasable","18":"product-type-simple","19":"entry","20":"content-bg","21":"loop-entry"},"aioseo_notices":[],"jetpack_publicize_connections":[],"jetpack_sharing_enabled":true,"_links":{"self":[{"href":"https:\/\/yingmeipack.com\/es\/wp-json\/wp\/v2\/product\/3357","targetHints":{"allow":["GET"]}}],"collection":[{"href":"https:\/\/yingmeipack.com\/es\/wp-json\/wp\/v2\/product"}],"about":[{"href":"https:\/\/yingmeipack.com\/es\/wp-json\/wp\/v2\/types\/product"}],"version-history":[{"count":1,"href":"https:\/\/yingmeipack.com\/es\/wp-json\/wp\/v2\/product\/3357\/revisions"}],"predecessor-version":[{"id":3365,"href":"https:\/\/yingmeipack.com\/es\/wp-json\/wp\/v2\/product\/3357\/revisions\/3365"}],"wp:featuredmedia":[{"embeddable":true,"href":"https:\/\/yingmeipack.com\/es\/wp-json\/wp\/v2\/media\/3360"}],"wp:attachment":[{"href":"https:\/\/yingmeipack.com\/es\/wp-json\/wp\/v2\/media?parent=3357"}],"wp:term":[{"taxonomy":"product_brand","embeddable":true,"href":"https:\/\/yingmeipack.com\/es\/wp-json\/wp\/v2\/product_brand?post=3357"},{"taxonomy":"product_cat","embeddable":true,"href":"https:\/\/yingmeipack.com\/es\/wp-json\/wp\/v2\/product_cat?post=3357"},{"taxonomy":"product_tag","embeddable":true,"href":"https:\/\/yingmeipack.com\/es\/wp-json\/wp\/v2\/product_tag?post=3357"}],"curies":[{"name":"wp","href":"https:\/\/api.w.org\/{rel}","templated":true}]}}