{"id":3339,"date":"2025-08-21T03:30:05","date_gmt":"2025-08-21T03:30:05","guid":{"rendered":"https:\/\/yingmeipack.com\/?post_type=product&#038;p=3339"},"modified":"2025-08-21T03:36:05","modified_gmt":"2025-08-21T03:36:05","slug":"15ml-black-aluminum-jar-empty-cosmetic-container","status":"publish","type":"product","link":"https:\/\/yingmeipack.com\/es\/product\/15ml-black-aluminum-jar-empty-cosmetic-container\/","title":{"rendered":"15ml Black Aluminum Jar &#8211; Empty Cosmetic Container"},"content":{"rendered":"","protected":false},"excerpt":{"rendered":"<p>CONTENEDORES DESLIZABLES- Un buen contenedor para guardar material de manualidades y peque\u00f1os objetos como velas, crema de maquillaje, caramelos, etc.<\/p>\n<p>ALUMINUM ROUND CANDLE TIN&#8211;Seamless construction, durable, easy to carry and use. Perfect for DIY candle making projects.The size is 15ml, 38*18mm.<br \/>\nScrew Design: The screw-top lids make sure you tighten the lid easily and will not let the content leak out.also,the gasket inside the lid also had a certain effect.<br \/>\nRECIPIENTES DE CREMA DE MAQUILLAJE- RECIPIENTES DE CREMA DE VIAJE- Hechos de aluminio, no se rompen f\u00e1cilmente, lo que le servir\u00e1 un largo per\u00edodo, tienen superficie lisa que se pueden colocar juntos para un uso conveniente.<br \/>\nTEALIGHT TIN HOLDER-Estas cajas de regalo son duraderas, resistentes al desgaste y a las ca\u00eddas. Una gran caja de embalaje de regalo para Navidad, cumplea\u00f1os, boda, etc.<\/p>","protected":false},"featured_media":3342,"template":"","meta":{"_kad_post_transparent":"default","_kad_post_title":"","_kad_post_layout":"default","_kad_post_sidebar_id":"","_kad_post_content_style":"default","_kad_post_vertical_padding":"default","_kad_post_feature":"","_kad_post_feature_position":"","_kad_post_header":false,"_kad_post_footer":false,"jetpack_publicize_message":"","jetpack_publicize_feature_enabled":true,"jetpack_social_post_already_shared":true,"jetpack_social_options":{"image_generator_settings":{"template":"highway","default_image_id":0,"enabled":false},"version":2}},"product_brand":[],"product_cat":[28,24,27],"product_tag":[590,359,591,592],"class_list":{"0":"post-3339","1":"product","2":"type-product","3":"status-publish","4":"has-post-thumbnail","6":"product_cat-aluminum-jars","7":"product_cat-jars","8":"product_cat-metal-jars","9":"product_tag-15ml-cosmetic-container","10":"product_tag-black-aluminum-jar","11":"product_tag-empty-cosmetic-jar","12":"product_tag-refillable-aluminum-tin","14":"first","15":"instock","16":"shipping-taxable","17":"purchasable","18":"product-type-simple","19":"entry","20":"content-bg","21":"loop-entry"},"aioseo_notices":[],"jetpack_publicize_connections":[],"jetpack_sharing_enabled":true,"_links":{"self":[{"href":"https:\/\/yingmeipack.com\/es\/wp-json\/wp\/v2\/product\/3339","targetHints":{"allow":["GET"]}}],"collection":[{"href":"https:\/\/yingmeipack.com\/es\/wp-json\/wp\/v2\/product"}],"about":[{"href":"https:\/\/yingmeipack.com\/es\/wp-json\/wp\/v2\/types\/product"}],"version-history":[{"count":1,"href":"https:\/\/yingmeipack.com\/es\/wp-json\/wp\/v2\/product\/3339\/revisions"}],"predecessor-version":[{"id":3347,"href":"https:\/\/yingmeipack.com\/es\/wp-json\/wp\/v2\/product\/3339\/revisions\/3347"}],"wp:featuredmedia":[{"embeddable":true,"href":"https:\/\/yingmeipack.com\/es\/wp-json\/wp\/v2\/media\/3342"}],"wp:attachment":[{"href":"https:\/\/yingmeipack.com\/es\/wp-json\/wp\/v2\/media?parent=3339"}],"wp:term":[{"taxonomy":"product_brand","embeddable":true,"href":"https:\/\/yingmeipack.com\/es\/wp-json\/wp\/v2\/product_brand?post=3339"},{"taxonomy":"product_cat","embeddable":true,"href":"https:\/\/yingmeipack.com\/es\/wp-json\/wp\/v2\/product_cat?post=3339"},{"taxonomy":"product_tag","embeddable":true,"href":"https:\/\/yingmeipack.com\/es\/wp-json\/wp\/v2\/product_tag?post=3339"}],"curies":[{"name":"wp","href":"https:\/\/api.w.org\/{rel}","templated":true}]}}