{"id":3270,"date":"2025-08-19T02:51:26","date_gmt":"2025-08-19T02:51:26","guid":{"rendered":"https:\/\/yingmeipack.com\/?post_type=product&#038;p=3270"},"modified":"2025-08-19T02:59:54","modified_gmt":"2025-08-19T02:59:54","slug":"350ml-silver-flip-top-aluminum-jar-airtight-storage","status":"publish","type":"product","link":"https:\/\/yingmeipack.com\/es\/product\/350ml-silver-flip-top-aluminum-jar-airtight-storage\/","title":{"rendered":"350ml Silver Flip Top Aluminum Jar &#8211; Airtight Storage"},"content":{"rendered":"","protected":false},"excerpt":{"rendered":"<p>Nuestra tecnolog\u00eda de superficie puede realizar serigraf\u00eda, impresi\u00f3n en color, gofrado, ahuecado, apertura de ventanas y otros procesos, y el color y el tama\u00f1o pueden personalizarse.<\/p>\n<ul class=\"a-unordered-list a-vertical a-spacing-mini\">\n<li><span class=\"a-list-item\">Capacity: 350ml, 147mm<\/span><span class=\"a-list-item\">\" de di\u00e1metro x 27mm\" de altura.<\/span><\/li>\n<li><span class=\"a-list-item\">Cuchara para productos secos- Los bordes lisos no lastiman sus manos, y mantener. Se puede utilizar sin preocupaci\u00f3n.<\/span><\/li>\n<li><span class=\"a-list-item\">Ice Metal Scoop- Hecho de material pl\u00e1stico transparente, duradero y seguro de usar. Comp\u00e1rtelo con tu familia y amigos porque pr\u00e1ctico.<\/span><\/li>\n<li><span class=\"a-list-item\">Candy Scoop- Bordes lisos no lastiman las manos,. Ideal para eventos especiales o el uso diario.<\/span><\/li>\n<li><span class=\"a-list-item\">Cucharas de ba\u00f1o- Llevarlo en la mano le dar\u00e1 una experiencia c\u00f3moda. Tambi\u00e9n traer\u00e1 mucha conveniencia a usted.<\/span><\/li>\n<li><span class=\"a-list-item\">100% Garant\u00eda de satisfacci\u00f3n: Para asegurarse de que su 100% experiencia de compra satisfecha, por favor no dude en contactar con nosotros si tiene alguna pregunta o inquietud.<\/span><\/li>\n<\/ul>","protected":false},"featured_media":3274,"template":"","meta":{"_kad_post_transparent":"default","_kad_post_title":"","_kad_post_layout":"default","_kad_post_sidebar_id":"","_kad_post_content_style":"default","_kad_post_vertical_padding":"default","_kad_post_feature":"","_kad_post_feature_position":"","_kad_post_header":false,"_kad_post_footer":false,"jetpack_publicize_message":"","jetpack_publicize_feature_enabled":true,"jetpack_social_post_already_shared":true,"jetpack_social_options":{"image_generator_settings":{"template":"highway","default_image_id":0,"enabled":false},"version":2}},"product_brand":[],"product_cat":[28,24,27],"product_tag":[567,282,569,568],"class_list":{"0":"post-3270","1":"product","2":"type-product","3":"status-publish","4":"has-post-thumbnail","6":"product_cat-aluminum-jars","7":"product_cat-jars","8":"product_cat-metal-jars","9":"product_tag-airtight-storage-jar-350ml","10":"product_tag-aluminum-jar","11":"product_tag-flip-top","12":"product_tag-portable-aluminum-jar-350ml","14":"first","15":"instock","16":"shipping-taxable","17":"purchasable","18":"product-type-simple","19":"entry","20":"content-bg","21":"loop-entry"},"aioseo_notices":[],"jetpack_publicize_connections":[],"jetpack_sharing_enabled":true,"_links":{"self":[{"href":"https:\/\/yingmeipack.com\/es\/wp-json\/wp\/v2\/product\/3270","targetHints":{"allow":["GET"]}}],"collection":[{"href":"https:\/\/yingmeipack.com\/es\/wp-json\/wp\/v2\/product"}],"about":[{"href":"https:\/\/yingmeipack.com\/es\/wp-json\/wp\/v2\/types\/product"}],"version-history":[{"count":1,"href":"https:\/\/yingmeipack.com\/es\/wp-json\/wp\/v2\/product\/3270\/revisions"}],"predecessor-version":[{"id":3277,"href":"https:\/\/yingmeipack.com\/es\/wp-json\/wp\/v2\/product\/3270\/revisions\/3277"}],"wp:featuredmedia":[{"embeddable":true,"href":"https:\/\/yingmeipack.com\/es\/wp-json\/wp\/v2\/media\/3274"}],"wp:attachment":[{"href":"https:\/\/yingmeipack.com\/es\/wp-json\/wp\/v2\/media?parent=3270"}],"wp:term":[{"taxonomy":"product_brand","embeddable":true,"href":"https:\/\/yingmeipack.com\/es\/wp-json\/wp\/v2\/product_brand?post=3270"},{"taxonomy":"product_cat","embeddable":true,"href":"https:\/\/yingmeipack.com\/es\/wp-json\/wp\/v2\/product_cat?post=3270"},{"taxonomy":"product_tag","embeddable":true,"href":"https:\/\/yingmeipack.com\/es\/wp-json\/wp\/v2\/product_tag?post=3270"}],"curies":[{"name":"wp","href":"https:\/\/api.w.org\/{rel}","templated":true}]}}