{"id":326,"date":"2022-11-19T07:34:18","date_gmt":"2022-11-19T07:34:18","guid":{"rendered":"https:\/\/yingmeipack.com\/?post_type=product&#038;p=326"},"modified":"2022-11-19T08:02:46","modified_gmt":"2022-11-19T08:02:46","slug":"custom-printed-soft-plastic-squeeze-cosmetic-cream-tubes","status":"publish","type":"product","link":"https:\/\/yingmeipack.com\/es\/product\/custom-printed-soft-plastic-squeeze-cosmetic-cream-tubes\/","title":{"rendered":"Tubos de pl\u00e1stico blando para cremas cosm\u00e9ticas con impresi\u00f3n personalizada"},"content":{"rendered":"","protected":false},"excerpt":{"rendered":"<p>Este tubo de pl\u00e1stico blando cosm\u00e9tico con orificio personalizado normalmente se puede aplicar en crema de manos, crema de afeitar, exfoliante, loci\u00f3n nutritiva, y algunos productos para el cuidado de la piel. Los materiales del tubo cosm\u00e9tico pueden ser LDPE, HDPE y EVOH. La capacidad se puede personalizar mediante el cambio de la longitud del tubo, por lo que en una misma capacidad, podemos tener diferentes dimensiones. Tomemos como ejemplo el tubo de 30ml para el cuidado de la piel, podemos elegir entre 25 o 30 dimensiones. Uno es de 85mm de largo, otro es de 65mm de largo. Podemos hacer un tubo de 5 capas que contiene un EVOH en el centro de la capa del tubo. El tacto puede ser el mismo que el del tubo monocapa. Los clientes pueden personalizar todos los detalles de acuerdo a sus propias peticiones.<\/p>\n<div style=\"width: 1290px;\" class=\"wp-video\"><!--[if lt IE 9]><script>document.createElement('video');<\/script><![endif]--><br \/>\n<video class=\"wp-video-shortcode\" id=\"video-326-1\" width=\"1290\" height=\"726\" loop autoplay preload=\"auto\" controls=\"controls\"><source type=\"video\/mp4\" src=\"http:\/\/yingmeipack.com\/wp-content\/uploads\/2022\/11\/Soft-Plastic-Cosmetic-Tube.mp4?_=1\" \/><a href=\"http:\/\/yingmeipack.com\/wp-content\/uploads\/2022\/11\/Soft-Plastic-Cosmetic-Tube.mp4\">http:\/\/yingmeipack.com\/wp-content\/uploads\/2022\/11\/Soft-Plastic-Cosmetic-Tube.mp4<\/a><\/video><\/div>","protected":false},"featured_media":327,"template":"","meta":{"_kad_post_transparent":"default","_kad_post_title":"hide","_kad_post_layout":"fullwidth","_kad_post_sidebar_id":"","_kad_post_content_style":"unboxed","_kad_post_vertical_padding":"hide","_kad_post_feature":"hide","_kad_post_feature_position":"","_kad_post_header":false,"_kad_post_footer":false,"jetpack_publicize_message":"","jetpack_publicize_feature_enabled":true,"jetpack_social_post_already_shared":false,"jetpack_social_options":{"image_generator_settings":{"template":"highway","default_image_id":0,"enabled":false},"version":2}},"product_brand":[],"product_cat":[35],"product_tag":[113,111,112,109,110],"class_list":{"0":"post-326","1":"product","2":"type-product","3":"status-publish","4":"has-post-thumbnail","6":"product_cat-tubes","7":"product_tag-custom-plastic-tubes","8":"product_tag-plastic-cosmetic-tubes","9":"product_tag-plastic-cream-tubes","10":"product_tag-plastic-squeeze-tubes","11":"product_tag-soft-plastic-tubes","13":"first","14":"instock","15":"shipping-taxable","16":"product-type-simple","17":"entry","18":"content-bg","19":"loop-entry"},"aioseo_notices":[],"jetpack_publicize_connections":[],"jetpack_sharing_enabled":true,"_links":{"self":[{"href":"https:\/\/yingmeipack.com\/es\/wp-json\/wp\/v2\/product\/326","targetHints":{"allow":["GET"]}}],"collection":[{"href":"https:\/\/yingmeipack.com\/es\/wp-json\/wp\/v2\/product"}],"about":[{"href":"https:\/\/yingmeipack.com\/es\/wp-json\/wp\/v2\/types\/product"}],"version-history":[{"count":2,"href":"https:\/\/yingmeipack.com\/es\/wp-json\/wp\/v2\/product\/326\/revisions"}],"predecessor-version":[{"id":335,"href":"https:\/\/yingmeipack.com\/es\/wp-json\/wp\/v2\/product\/326\/revisions\/335"}],"wp:featuredmedia":[{"embeddable":true,"href":"https:\/\/yingmeipack.com\/es\/wp-json\/wp\/v2\/media\/327"}],"wp:attachment":[{"href":"https:\/\/yingmeipack.com\/es\/wp-json\/wp\/v2\/media?parent=326"}],"wp:term":[{"taxonomy":"product_brand","embeddable":true,"href":"https:\/\/yingmeipack.com\/es\/wp-json\/wp\/v2\/product_brand?post=326"},{"taxonomy":"product_cat","embeddable":true,"href":"https:\/\/yingmeipack.com\/es\/wp-json\/wp\/v2\/product_cat?post=326"},{"taxonomy":"product_tag","embeddable":true,"href":"https:\/\/yingmeipack.com\/es\/wp-json\/wp\/v2\/product_tag?post=326"}],"curies":[{"name":"wp","href":"https:\/\/api.w.org\/{rel}","templated":true}]}}