{"id":3038,"date":"2025-07-19T09:23:16","date_gmt":"2025-07-19T09:23:16","guid":{"rendered":"https:\/\/yingmeipack.com\/?post_type=product&#038;p=3038"},"modified":"2025-11-18T07:53:41","modified_gmt":"2025-11-18T07:53:41","slug":"gold-embossed-250ml-aluminum-can-luxury-gift-container","status":"publish","type":"product","link":"https:\/\/yingmeipack.com\/es\/product\/gold-embossed-250ml-aluminum-can-luxury-gift-container\/","title":{"rendered":"Gold Embossed 250ml Aluminum Can Luxury Gift Container"},"content":{"rendered":"","protected":false},"excerpt":{"rendered":"<p>These 250ml tin containers belong to the larger sized tin cans available in our webshop. With a diameter of 100mm and height of 41mm, these empty cans hold a large volume yet are relatively compact in size. All our small metal containers have been manufactured using a single sheet of high-end aluminum. This makes our seamless tins 100% food-safe as well as BPA-free. This model of metal tins is commonly used in the cosmetic, food, and medical industries. With their EPE liners, these cans prevent air and moisture from getting in. This will fully protect your good no matter the environment.<br \/>\nCon sus tapas de rosca, estos envases de hojalata pueden abrirse y cerrarse f\u00e1cilmente. Esto le permite abrir y cerrar sus envases varias veces sin perder calidad. Adem\u00e1s, nuestros envases met\u00e1licos peque\u00f1os est\u00e1n rematados con bordes enrollados. Gracias a esto, no habr\u00e1 bordes afilados, lo que los hace seguros para el uso diario. Con su tama\u00f1o relativamente grande, estos botes de hojalata son ideales para guardar cosm\u00e9ticos o productos alimenticios como galletas, caramelos, hierbas o t\u00e9.<\/p>","protected":false},"featured_media":4642,"template":"","meta":{"_kad_post_transparent":"default","_kad_post_title":"","_kad_post_layout":"default","_kad_post_sidebar_id":"","_kad_post_content_style":"default","_kad_post_vertical_padding":"default","_kad_post_feature":"","_kad_post_feature_position":"","_kad_post_header":false,"_kad_post_footer":false,"jetpack_publicize_message":"","jetpack_publicize_feature_enabled":true,"jetpack_social_post_already_shared":true,"jetpack_social_options":{"image_generator_settings":{"template":"highway","default_image_id":0,"enabled":false},"version":2}},"product_brand":[],"product_cat":[28,24,27],"product_tag":[483,482,484,485],"class_list":{"0":"post-3038","1":"product","2":"type-product","3":"status-publish","4":"has-post-thumbnail","6":"product_cat-aluminum-jars","7":"product_cat-jars","8":"product_cat-metal-jars","9":"product_tag-250ml-aluminum-storage","10":"product_tag-gold-embossed-can","11":"product_tag-luxury-gift-packaging","12":"product_tag-premium-beverage-tin","14":"first","15":"instock","16":"shipping-taxable","17":"purchasable","18":"product-type-simple","19":"entry","20":"content-bg","21":"loop-entry"},"aioseo_notices":[],"jetpack_publicize_connections":[],"jetpack_sharing_enabled":true,"_links":{"self":[{"href":"https:\/\/yingmeipack.com\/es\/wp-json\/wp\/v2\/product\/3038","targetHints":{"allow":["GET"]}}],"collection":[{"href":"https:\/\/yingmeipack.com\/es\/wp-json\/wp\/v2\/product"}],"about":[{"href":"https:\/\/yingmeipack.com\/es\/wp-json\/wp\/v2\/types\/product"}],"version-history":[{"count":1,"href":"https:\/\/yingmeipack.com\/es\/wp-json\/wp\/v2\/product\/3038\/revisions"}],"predecessor-version":[{"id":3046,"href":"https:\/\/yingmeipack.com\/es\/wp-json\/wp\/v2\/product\/3038\/revisions\/3046"}],"wp:featuredmedia":[{"embeddable":true,"href":"https:\/\/yingmeipack.com\/es\/wp-json\/wp\/v2\/media\/4642"}],"wp:attachment":[{"href":"https:\/\/yingmeipack.com\/es\/wp-json\/wp\/v2\/media?parent=3038"}],"wp:term":[{"taxonomy":"product_brand","embeddable":true,"href":"https:\/\/yingmeipack.com\/es\/wp-json\/wp\/v2\/product_brand?post=3038"},{"taxonomy":"product_cat","embeddable":true,"href":"https:\/\/yingmeipack.com\/es\/wp-json\/wp\/v2\/product_cat?post=3038"},{"taxonomy":"product_tag","embeddable":true,"href":"https:\/\/yingmeipack.com\/es\/wp-json\/wp\/v2\/product_tag?post=3038"}],"curies":[{"name":"wp","href":"https:\/\/api.w.org\/{rel}","templated":true}]}}