{"id":272,"date":"2022-11-17T01:33:41","date_gmt":"2022-11-17T01:33:41","guid":{"rendered":"https:\/\/yingmeipack.com\/?post_type=product&#038;p=272"},"modified":"2022-11-17T01:47:01","modified_gmt":"2022-11-17T01:47:01","slug":"empty-amber-pet-plastic-toner-lotion-bottles-with-disc-cap","status":"publish","type":"product","link":"https:\/\/yingmeipack.com\/es\/product\/empty-amber-pet-plastic-toner-lotion-bottles-with-disc-cap\/","title":{"rendered":"Botellas vac\u00edas de pl\u00e1stico PET \u00e1mbar para loci\u00f3n t\u00f3nica con tap\u00f3n de disco"},"content":{"rendered":"","protected":false},"excerpt":{"rendered":"<p>Esta botella de pl\u00e1stico PET mide 82\u00d733 cm y viene con tap\u00f3n de disco.<br \/>\nEl \u00e1mbar oscuro tiene protecci\u00f3n UVA y UVB para evitar que la luz solar da\u00f1e los productos sensibles a la luz.<br \/>\nNuestras botellas de pl\u00e1stico PET son resistentes a los impactos, ligeras, vers\u00e1tiles e ideales para multitud de usos diferentes en belleza, hogar, cocina y laboratorio cient\u00edfico.<br \/>\nNuestras botellas rellenables son f\u00e1ciles de limpiar, reutilizar y reciclar. Nota: Las botellas de HDPE NO son aptas para el lavavajillas. L\u00e1velas a mano para conservar la forma y la integridad de la botella.<br \/>\nLos clientes pueden personalizar a\u00fan m\u00e1s todos los detalles para satisfacer sus propias demandas.<\/p>\n<div style=\"width: 1280px;\" class=\"wp-video\"><!--[if lt IE 9]><script>document.createElement('video');<\/script><![endif]--><br \/>\n<video class=\"wp-video-shortcode\" id=\"video-272-1\" width=\"1280\" height=\"720\" loop autoplay preload=\"auto\" controls=\"controls\"><source type=\"video\/mp4\" src=\"http:\/\/yingmeipack.com\/wp-content\/uploads\/2022\/11\/PET-Plastic-Lotion-Bottles.mp4?_=1\" \/><a href=\"http:\/\/yingmeipack.com\/wp-content\/uploads\/2022\/11\/PET-Plastic-Lotion-Bottles.mp4\">http:\/\/yingmeipack.com\/wp-content\/uploads\/2022\/11\/PET-Plastic-Lotion-Bottles.mp4<\/a><\/video><\/div>","protected":false},"featured_media":273,"template":"","meta":{"_kad_post_transparent":"default","_kad_post_title":"","_kad_post_layout":"default","_kad_post_sidebar_id":"","_kad_post_content_style":"default","_kad_post_vertical_padding":"default","_kad_post_feature":"","_kad_post_feature_position":"","_kad_post_header":false,"_kad_post_footer":false,"jetpack_publicize_message":"","jetpack_publicize_feature_enabled":true,"jetpack_social_post_already_shared":false,"jetpack_social_options":{"image_generator_settings":{"template":"highway","default_image_id":0,"enabled":false},"version":2}},"product_brand":[],"product_cat":[19,20],"product_tag":[93,91,94,92],"class_list":{"0":"post-272","1":"product","2":"type-product","3":"status-publish","4":"has-post-thumbnail","6":"product_cat-bottles","7":"product_cat-plastic-bottles","8":"product_tag-pet-lotion-bottles","9":"product_tag-pet-plastic-lotion-bottles","10":"product_tag-plastic-bottles-with-disc-cap","11":"product_tag-plastic-lotion-bottles","13":"first","14":"instock","15":"shipping-taxable","16":"product-type-simple","17":"entry","18":"content-bg","19":"loop-entry"},"aioseo_notices":[],"jetpack_publicize_connections":[],"jetpack_sharing_enabled":true,"_links":{"self":[{"href":"https:\/\/yingmeipack.com\/es\/wp-json\/wp\/v2\/product\/272","targetHints":{"allow":["GET"]}}],"collection":[{"href":"https:\/\/yingmeipack.com\/es\/wp-json\/wp\/v2\/product"}],"about":[{"href":"https:\/\/yingmeipack.com\/es\/wp-json\/wp\/v2\/types\/product"}],"version-history":[{"count":1,"href":"https:\/\/yingmeipack.com\/es\/wp-json\/wp\/v2\/product\/272\/revisions"}],"predecessor-version":[{"id":281,"href":"https:\/\/yingmeipack.com\/es\/wp-json\/wp\/v2\/product\/272\/revisions\/281"}],"wp:featuredmedia":[{"embeddable":true,"href":"https:\/\/yingmeipack.com\/es\/wp-json\/wp\/v2\/media\/273"}],"wp:attachment":[{"href":"https:\/\/yingmeipack.com\/es\/wp-json\/wp\/v2\/media?parent=272"}],"wp:term":[{"taxonomy":"product_brand","embeddable":true,"href":"https:\/\/yingmeipack.com\/es\/wp-json\/wp\/v2\/product_brand?post=272"},{"taxonomy":"product_cat","embeddable":true,"href":"https:\/\/yingmeipack.com\/es\/wp-json\/wp\/v2\/product_cat?post=272"},{"taxonomy":"product_tag","embeddable":true,"href":"https:\/\/yingmeipack.com\/es\/wp-json\/wp\/v2\/product_tag?post=272"}],"curies":[{"name":"wp","href":"https:\/\/api.w.org\/{rel}","templated":true}]}}