{"id":2707,"date":"2025-07-03T06:19:47","date_gmt":"2025-07-03T06:19:47","guid":{"rendered":"https:\/\/yingmeipack.com\/?post_type=product&#038;p=2707"},"modified":"2025-07-03T06:44:59","modified_gmt":"2025-07-03T06:44:59","slug":"100ml-custom-blue-embossed-jar-aluminum-cosmetic-tin","status":"publish","type":"product","link":"https:\/\/yingmeipack.com\/es\/product\/100ml-custom-blue-embossed-jar-aluminum-cosmetic-tin\/","title":{"rendered":"100ml Custom Blue Embossed Jar Aluminum Cosmetic Tin"},"content":{"rendered":"","protected":false},"excerpt":{"rendered":"<p>Nuestra tecnolog\u00eda de superficie puede realizar serigraf\u00eda, impresi\u00f3n en color, gofrado, ahuecado, apertura de ventanas y otros procesos, y el color y el tama\u00f1o pueden personalizarse.<\/p>\n<ul class=\"a-unordered-list a-vertical a-spacing-mini\">\n<li><span class=\"a-list-item\">Capacity: 100ml, 82*27mm<\/span><\/li>\n<li><span class=\"a-list-item\">Cuchara para productos secos- Los bordes lisos no lastiman sus manos, y mantener. Se puede utilizar sin preocupaci\u00f3n.<\/span><\/li>\n<li><span class=\"a-list-item\">Ice Metal Scoop- Hecho de material pl\u00e1stico transparente, duradero y seguro de usar. Comp\u00e1rtelo con tu familia y amigos porque pr\u00e1ctico.<\/span><\/li>\n<li><span class=\"a-list-item\">Candy Scoop- Bordes lisos no lastiman las manos,. Ideal para eventos especiales o el uso diario.<\/span><\/li>\n<li><span class=\"a-list-item\">Cucharas de ba\u00f1o- Llevarlo en la mano le dar\u00e1 una experiencia c\u00f3moda. Tambi\u00e9n traer\u00e1 mucha conveniencia a usted.<\/span><\/li>\n<li><span class=\"a-list-item\">100% Garant\u00eda de satisfacci\u00f3n: Para asegurarse de que su 100% experiencia de compra satisfecha, por favor no dude en contactar con nosotros si tiene alguna pregunta o inquietud.<\/span><\/li>\n<\/ul>","protected":false},"featured_media":2708,"template":"","meta":{"_kad_post_transparent":"default","_kad_post_title":"","_kad_post_layout":"default","_kad_post_sidebar_id":"","_kad_post_content_style":"default","_kad_post_vertical_padding":"default","_kad_post_feature":"","_kad_post_feature_position":"","_kad_post_header":false,"_kad_post_footer":false,"jetpack_publicize_message":"","jetpack_publicize_feature_enabled":true,"jetpack_social_post_already_shared":false,"jetpack_social_options":{"image_generator_settings":{"template":"highway","default_image_id":0,"enabled":false},"version":2}},"product_brand":[],"product_cat":[28,24,27],"product_tag":[388,282,386,387],"class_list":{"0":"post-2707","1":"product","2":"type-product","3":"status-publish","4":"has-post-thumbnail","6":"product_cat-aluminum-jars","7":"product_cat-jars","8":"product_cat-metal-jars","9":"product_tag-aluminum-cosmetic-jar","10":"product_tag-aluminum-jar","11":"product_tag-custom-blue-storage-tin","12":"product_tag-embossed-cosmetic-container","14":"first","15":"instock","16":"shipping-taxable","17":"purchasable","18":"product-type-simple","19":"entry","20":"content-bg","21":"loop-entry"},"aioseo_notices":[],"jetpack_publicize_connections":[],"jetpack_sharing_enabled":true,"_links":{"self":[{"href":"https:\/\/yingmeipack.com\/es\/wp-json\/wp\/v2\/product\/2707","targetHints":{"allow":["GET"]}}],"collection":[{"href":"https:\/\/yingmeipack.com\/es\/wp-json\/wp\/v2\/product"}],"about":[{"href":"https:\/\/yingmeipack.com\/es\/wp-json\/wp\/v2\/types\/product"}],"version-history":[{"count":1,"href":"https:\/\/yingmeipack.com\/es\/wp-json\/wp\/v2\/product\/2707\/revisions"}],"predecessor-version":[{"id":2714,"href":"https:\/\/yingmeipack.com\/es\/wp-json\/wp\/v2\/product\/2707\/revisions\/2714"}],"wp:featuredmedia":[{"embeddable":true,"href":"https:\/\/yingmeipack.com\/es\/wp-json\/wp\/v2\/media\/2708"}],"wp:attachment":[{"href":"https:\/\/yingmeipack.com\/es\/wp-json\/wp\/v2\/media?parent=2707"}],"wp:term":[{"taxonomy":"product_brand","embeddable":true,"href":"https:\/\/yingmeipack.com\/es\/wp-json\/wp\/v2\/product_brand?post=2707"},{"taxonomy":"product_cat","embeddable":true,"href":"https:\/\/yingmeipack.com\/es\/wp-json\/wp\/v2\/product_cat?post=2707"},{"taxonomy":"product_tag","embeddable":true,"href":"https:\/\/yingmeipack.com\/es\/wp-json\/wp\/v2\/product_tag?post=2707"}],"curies":[{"name":"wp","href":"https:\/\/api.w.org\/{rel}","templated":true}]}}