{"id":2563,"date":"2025-06-26T02:25:14","date_gmt":"2025-06-26T02:25:14","guid":{"rendered":"https:\/\/yingmeipack.com\/?post_type=product&#038;p=2563"},"modified":"2025-06-26T02:54:29","modified_gmt":"2025-06-26T02:54:29","slug":"100ml-silver-round-aluminum-storage-jar-with-transparent-lid","status":"publish","type":"product","link":"https:\/\/yingmeipack.com\/es\/product\/100ml-silver-round-aluminum-storage-jar-with-transparent-lid\/","title":{"rendered":"100ml silver round aluminum storage jar with transparent lid"},"content":{"rendered":"","protected":false},"excerpt":{"rendered":"<p>CONTENEDORES DESLIZABLES- Un buen contenedor para guardar material de manualidades y peque\u00f1os objetos como velas, crema de maquillaje, caramelos, etc.<br \/>\nLAT\u00d3N REDONDO DE ALUMINIO PARA VELAS-Construcci\u00f3n sin costuras, duradero, f\u00e1cil de transportar y utilizar. Perfecto para proyectos de fabricaci\u00f3n de velas de bricolaje.<br \/>\nLATAS DE CREMA CON VENTANAS-Latas de aluminio redondas Con ventanas transparentes en la tapa, puede comprobar el interior de los art\u00edculos c\u00f3modamente y sin abrir la tapa.<br \/>\nRECIPIENTES DE CREMA DE MAQUILLAJE- RECIPIENTES DE CREMA DE VIAJE- Hechos de aluminio, no se rompen f\u00e1cilmente, lo que le servir\u00e1 un largo per\u00edodo, tienen superficie lisa que se pueden colocar juntos para un uso conveniente.<br \/>\nTEALIGHT TIN HOLDER-Estas cajas de regalo son duraderas, resistentes al desgaste y a las ca\u00eddas. Una gran caja de embalaje de regalo para Navidad, cumplea\u00f1os, boda, etc.<\/p>","protected":false},"featured_media":2571,"template":"","meta":{"_kad_post_transparent":"default","_kad_post_title":"","_kad_post_layout":"default","_kad_post_sidebar_id":"","_kad_post_content_style":"default","_kad_post_vertical_padding":"default","_kad_post_feature":"","_kad_post_feature_position":"","_kad_post_header":false,"_kad_post_footer":false,"jetpack_publicize_message":"","jetpack_publicize_feature_enabled":true,"jetpack_social_post_already_shared":false,"jetpack_social_options":{"image_generator_settings":{"template":"highway","default_image_id":0,"enabled":false},"version":2}},"product_brand":[],"product_cat":[28,24,27],"product_tag":[254,253,363,360],"class_list":{"0":"post-2563","1":"product","2":"type-product","3":"status-publish","4":"has-post-thumbnail","6":"product_cat-aluminum-jars","7":"product_cat-jars","8":"product_cat-metal-jars","9":"product_tag-aluminum-jar-with-clear-window","10":"product_tag-aluminum-round-container","11":"product_tag-gold-aluminum-can","12":"product_tag-tea-jar","14":"first","15":"instock","16":"shipping-taxable","17":"purchasable","18":"product-type-simple","19":"entry","20":"content-bg","21":"loop-entry"},"aioseo_notices":[],"jetpack_publicize_connections":[],"jetpack_sharing_enabled":true,"_links":{"self":[{"href":"https:\/\/yingmeipack.com\/es\/wp-json\/wp\/v2\/product\/2563","targetHints":{"allow":["GET"]}}],"collection":[{"href":"https:\/\/yingmeipack.com\/es\/wp-json\/wp\/v2\/product"}],"about":[{"href":"https:\/\/yingmeipack.com\/es\/wp-json\/wp\/v2\/types\/product"}],"version-history":[{"count":1,"href":"https:\/\/yingmeipack.com\/es\/wp-json\/wp\/v2\/product\/2563\/revisions"}],"predecessor-version":[{"id":2572,"href":"https:\/\/yingmeipack.com\/es\/wp-json\/wp\/v2\/product\/2563\/revisions\/2572"}],"wp:featuredmedia":[{"embeddable":true,"href":"https:\/\/yingmeipack.com\/es\/wp-json\/wp\/v2\/media\/2571"}],"wp:attachment":[{"href":"https:\/\/yingmeipack.com\/es\/wp-json\/wp\/v2\/media?parent=2563"}],"wp:term":[{"taxonomy":"product_brand","embeddable":true,"href":"https:\/\/yingmeipack.com\/es\/wp-json\/wp\/v2\/product_brand?post=2563"},{"taxonomy":"product_cat","embeddable":true,"href":"https:\/\/yingmeipack.com\/es\/wp-json\/wp\/v2\/product_cat?post=2563"},{"taxonomy":"product_tag","embeddable":true,"href":"https:\/\/yingmeipack.com\/es\/wp-json\/wp\/v2\/product_tag?post=2563"}],"curies":[{"name":"wp","href":"https:\/\/api.w.org\/{rel}","templated":true}]}}