{"id":2439,"date":"2025-06-20T06:32:16","date_gmt":"2025-06-20T06:32:16","guid":{"rendered":"https:\/\/yingmeipack.com\/?post_type=product&#038;p=2439"},"modified":"2025-06-20T06:41:22","modified_gmt":"2025-06-20T06:41:22","slug":"450ml-silver-aluminum-round-tea-jar-with-transparent-lid","status":"publish","type":"product","link":"https:\/\/yingmeipack.com\/es\/product\/450ml-silver-aluminum-round-tea-jar-with-transparent-lid\/","title":{"rendered":"450ml Silver Aluminum Round Tea Jar with Transparent Lid"},"content":{"rendered":"","protected":false},"excerpt":{"rendered":"<p>CONTENEDORES DESLIZABLES- Un buen contenedor para guardar material de manualidades y peque\u00f1os objetos como velas, crema de maquillaje, caramelos, etc.<br \/>\nLAT\u00d3N REDONDO DE ALUMINIO PARA VELAS-Construcci\u00f3n sin costuras, duradero, f\u00e1cil de transportar y utilizar. Perfecto para proyectos de fabricaci\u00f3n de velas de bricolaje.<br \/>\nLATAS DE CREMA CON VENTANAS-Latas de aluminio redondas Con ventanas transparentes en la tapa, puede comprobar el interior de los art\u00edculos c\u00f3modamente y sin abrir la tapa.<br \/>\nRECIPIENTES DE CREMA DE MAQUILLAJE- RECIPIENTES DE CREMA DE VIAJE- Hechos de aluminio, no se rompen f\u00e1cilmente, lo que le servir\u00e1 un largo per\u00edodo, tienen superficie lisa que se pueden colocar juntos para un uso conveniente.<br \/>\nTEALIGHT TIN HOLDER-Estas cajas de regalo son duraderas, resistentes al desgaste y a las ca\u00eddas. Una gran caja de embalaje de regalo para Navidad, cumplea\u00f1os, boda, etc.<\/p>","protected":false},"featured_media":2440,"template":"","meta":{"_kad_post_transparent":"default","_kad_post_title":"","_kad_post_layout":"default","_kad_post_sidebar_id":"","_kad_post_content_style":"default","_kad_post_vertical_padding":"default","_kad_post_feature":"","_kad_post_feature_position":"","_kad_post_header":false,"_kad_post_footer":false,"jetpack_publicize_message":"","jetpack_publicize_feature_enabled":true,"jetpack_social_post_already_shared":false,"jetpack_social_options":{"image_generator_settings":{"template":"highway","default_image_id":0,"enabled":false},"version":2}},"product_brand":[],"product_cat":[28,24,27],"product_tag":[250,254,253,357],"class_list":{"0":"post-2439","1":"product","2":"type-product","3":"status-publish","4":"has-post-thumbnail","6":"product_cat-aluminum-jars","7":"product_cat-jars","8":"product_cat-metal-jars","9":"product_tag-120ml-aluminum-jar","10":"product_tag-aluminum-jar-with-clear-window","11":"product_tag-aluminum-round-container","12":"product_tag-silver-aluminum-round-tea-jar","14":"first","15":"instock","16":"shipping-taxable","17":"purchasable","18":"product-type-simple","19":"entry","20":"content-bg","21":"loop-entry"},"aioseo_notices":[],"jetpack_publicize_connections":[],"jetpack_sharing_enabled":true,"_links":{"self":[{"href":"https:\/\/yingmeipack.com\/es\/wp-json\/wp\/v2\/product\/2439","targetHints":{"allow":["GET"]}}],"collection":[{"href":"https:\/\/yingmeipack.com\/es\/wp-json\/wp\/v2\/product"}],"about":[{"href":"https:\/\/yingmeipack.com\/es\/wp-json\/wp\/v2\/types\/product"}],"version-history":[{"count":1,"href":"https:\/\/yingmeipack.com\/es\/wp-json\/wp\/v2\/product\/2439\/revisions"}],"predecessor-version":[{"id":2446,"href":"https:\/\/yingmeipack.com\/es\/wp-json\/wp\/v2\/product\/2439\/revisions\/2446"}],"wp:featuredmedia":[{"embeddable":true,"href":"https:\/\/yingmeipack.com\/es\/wp-json\/wp\/v2\/media\/2440"}],"wp:attachment":[{"href":"https:\/\/yingmeipack.com\/es\/wp-json\/wp\/v2\/media?parent=2439"}],"wp:term":[{"taxonomy":"product_brand","embeddable":true,"href":"https:\/\/yingmeipack.com\/es\/wp-json\/wp\/v2\/product_brand?post=2439"},{"taxonomy":"product_cat","embeddable":true,"href":"https:\/\/yingmeipack.com\/es\/wp-json\/wp\/v2\/product_cat?post=2439"},{"taxonomy":"product_tag","embeddable":true,"href":"https:\/\/yingmeipack.com\/es\/wp-json\/wp\/v2\/product_tag?post=2439"}],"curies":[{"name":"wp","href":"https:\/\/api.w.org\/{rel}","templated":true}]}}