{"id":234,"date":"2022-11-16T12:56:02","date_gmt":"2022-11-16T12:56:02","guid":{"rendered":"https:\/\/yingmeipack.com\/?post_type=product&#038;p=234"},"modified":"2022-11-16T13:23:15","modified_gmt":"2022-11-16T13:23:15","slug":"3816-silver-brushed-aluminum-screw-top-caps-with-foam-liner","status":"publish","type":"product","link":"https:\/\/yingmeipack.com\/es\/product\/3816-silver-brushed-aluminum-screw-top-caps-with-foam-liner\/","title":{"rendered":"38\u00d716 Tapas roscadas de aluminio plateado cepillado con forro de espuma"},"content":{"rendered":"","protected":false},"excerpt":{"rendered":"<p>Nuestros tapones de aluminio plateado con cuello acanalado dar\u00e1n a su envase un aspecto \u00fanico que diferenciar\u00e1 su marca en el lineal de venta. Cada tap\u00f3n de aluminio viene completo con un forro de espuma de PE. La dimensi\u00f3n del tap\u00f3n de aluminio plateado es de 38*16 cm. Est\u00e1 fabricado con aluminio cepillado plateado de calidad alimentaria. Se utiliza habitualmente en botellas o tarros de cristal y jarras. Tambi\u00e9n se pueden utilizar con lociones, jabones, cremas y art\u00edculos de cuidado personal. Los tapones de rosca continua son populares en una amplia gama de industrias mayoristas, desde alimentaci\u00f3n, cuidado personal, cuidado de mascotas, productos para el hogar, productos industriales, salud y belleza, arte, artesan\u00eda, pasatiempos y casi cualquier otro segmento del mercado. Los clientes pueden personalizar todos los detalles seg\u00fan sus propias peticiones.<\/p>\n<div style=\"width: 1290px;\" class=\"wp-video\"><!--[if lt IE 9]><script>document.createElement('video');<\/script><![endif]--><br \/>\n<video class=\"wp-video-shortcode\" id=\"video-234-1\" width=\"1290\" height=\"726\" loop autoplay preload=\"auto\" controls=\"controls\"><source type=\"video\/mp4\" src=\"http:\/\/yingmeipack.com\/wp-content\/uploads\/2022\/11\/Aluminum-Caps.mp4?_=1\" \/><a href=\"http:\/\/yingmeipack.com\/wp-content\/uploads\/2022\/11\/Aluminum-Caps.mp4\">http:\/\/yingmeipack.com\/wp-content\/uploads\/2022\/11\/Aluminum-Caps.mp4<\/a><\/video><\/div>","protected":false},"featured_media":235,"template":"","meta":{"_kad_post_transparent":"default","_kad_post_title":"","_kad_post_layout":"default","_kad_post_sidebar_id":"","_kad_post_content_style":"default","_kad_post_vertical_padding":"default","_kad_post_feature":"","_kad_post_feature_position":"","_kad_post_header":false,"_kad_post_footer":false,"jetpack_publicize_message":"","jetpack_publicize_feature_enabled":true,"jetpack_social_post_already_shared":false,"jetpack_social_options":{"image_generator_settings":{"template":"highway","default_image_id":0,"enabled":false},"version":2}},"product_brand":[],"product_cat":[34],"product_tag":[80,79,78,81],"class_list":{"0":"post-234","1":"product","2":"type-product","3":"status-publish","4":"has-post-thumbnail","6":"product_cat-caps","7":"product_tag-aluminum-caps","8":"product_tag-aluminum-screw-caps","9":"product_tag-silver-aluminum-caps","10":"product_tag-silver-brushed-aluminum-caps","12":"first","13":"instock","14":"shipping-taxable","15":"product-type-simple","16":"entry","17":"content-bg","18":"loop-entry"},"aioseo_notices":[],"jetpack_publicize_connections":[],"jetpack_sharing_enabled":true,"_links":{"self":[{"href":"https:\/\/yingmeipack.com\/es\/wp-json\/wp\/v2\/product\/234","targetHints":{"allow":["GET"]}}],"collection":[{"href":"https:\/\/yingmeipack.com\/es\/wp-json\/wp\/v2\/product"}],"about":[{"href":"https:\/\/yingmeipack.com\/es\/wp-json\/wp\/v2\/types\/product"}],"version-history":[{"count":3,"href":"https:\/\/yingmeipack.com\/es\/wp-json\/wp\/v2\/product\/234\/revisions"}],"predecessor-version":[{"id":246,"href":"https:\/\/yingmeipack.com\/es\/wp-json\/wp\/v2\/product\/234\/revisions\/246"}],"wp:featuredmedia":[{"embeddable":true,"href":"https:\/\/yingmeipack.com\/es\/wp-json\/wp\/v2\/media\/235"}],"wp:attachment":[{"href":"https:\/\/yingmeipack.com\/es\/wp-json\/wp\/v2\/media?parent=234"}],"wp:term":[{"taxonomy":"product_brand","embeddable":true,"href":"https:\/\/yingmeipack.com\/es\/wp-json\/wp\/v2\/product_brand?post=234"},{"taxonomy":"product_cat","embeddable":true,"href":"https:\/\/yingmeipack.com\/es\/wp-json\/wp\/v2\/product_cat?post=234"},{"taxonomy":"product_tag","embeddable":true,"href":"https:\/\/yingmeipack.com\/es\/wp-json\/wp\/v2\/product_tag?post=234"}],"curies":[{"name":"wp","href":"https:\/\/api.w.org\/{rel}","templated":true}]}}