{"id":2225,"date":"2025-06-11T09:13:02","date_gmt":"2025-06-11T09:13:02","guid":{"rendered":"https:\/\/yingmeipack.com\/?post_type=product&#038;p=2225"},"modified":"2025-06-11T09:34:43","modified_gmt":"2025-06-11T09:34:43","slug":"gold-round-empty-metal-container-aluminum-can-25-ml","status":"publish","type":"product","link":"https:\/\/yingmeipack.com\/es\/product\/gold-round-empty-metal-container-aluminum-can-25-ml\/","title":{"rendered":"Envase met\u00e1lico vac\u00edo redondo dorado lata aluminio 25 ml"},"content":{"rendered":"","protected":false},"excerpt":{"rendered":"<p>Capacidad de cada uno: 25ml. Cada lata mide 45 mm de di\u00e1metro x 18 mm de altura;<\/p>\n<p>Material apto para alimentos - Estas latas con tapa est\u00e1n hechas de hojalata sin BPA con una bonita superficie cepillada, ligera pero duradera, puede entrar en contacto con el t\u00e9 o los alimentos directamente. No apto para uso en horno.<br \/>\nF\u00e1cil llenado y acceso - La gran abertura de la boca facilita el llenado y el vaciado de estas latas. Tapas deslizantes, no enroscables, f\u00e1ciles de abrir con una sola mano.<br \/>\nVers\u00e1til recipiente de almacenamiento de alimentos - Tosnail esta\u00f1o recipientes de almacenamiento de alimentos son perfectos para almacenar t\u00e9 suelto, especias, galletas, caf\u00e9, caramelos, velas, cuentas, botones, y cualquier otro alimento o artesan\u00edas. Tambi\u00e9n se puede utilizar como caja de regalo para los favores del partido, bodas, despedida de soltera, negocios, Navidad u otros festivales.<\/p>","protected":false},"featured_media":2226,"template":"","meta":{"_kad_post_transparent":"default","_kad_post_title":"","_kad_post_layout":"default","_kad_post_sidebar_id":"","_kad_post_content_style":"default","_kad_post_vertical_padding":"default","_kad_post_feature":"","_kad_post_feature_position":"","_kad_post_header":false,"_kad_post_footer":false,"jetpack_publicize_message":"","jetpack_publicize_feature_enabled":true,"jetpack_social_post_already_shared":false,"jetpack_social_options":{"image_generator_settings":{"template":"highway","default_image_id":0,"enabled":false},"version":2}},"product_brand":[],"product_cat":[28,24,27],"product_tag":[282,252,281,64],"class_list":{"0":"post-2225","1":"product","2":"type-product","3":"status-publish","4":"has-post-thumbnail","6":"product_cat-aluminum-jars","7":"product_cat-jars","8":"product_cat-metal-jars","9":"product_tag-aluminum-jar","10":"product_tag-aluminum-round-tin","11":"product_tag-empty-metal-cans","12":"product_tag-gold-aluminum-jar","14":"first","15":"instock","16":"shipping-taxable","17":"purchasable","18":"product-type-simple","19":"entry","20":"content-bg","21":"loop-entry"},"aioseo_notices":[],"jetpack_publicize_connections":[],"jetpack_sharing_enabled":true,"_links":{"self":[{"href":"https:\/\/yingmeipack.com\/es\/wp-json\/wp\/v2\/product\/2225","targetHints":{"allow":["GET"]}}],"collection":[{"href":"https:\/\/yingmeipack.com\/es\/wp-json\/wp\/v2\/product"}],"about":[{"href":"https:\/\/yingmeipack.com\/es\/wp-json\/wp\/v2\/types\/product"}],"version-history":[{"count":2,"href":"https:\/\/yingmeipack.com\/es\/wp-json\/wp\/v2\/product\/2225\/revisions"}],"predecessor-version":[{"id":2320,"href":"https:\/\/yingmeipack.com\/es\/wp-json\/wp\/v2\/product\/2225\/revisions\/2320"}],"wp:featuredmedia":[{"embeddable":true,"href":"https:\/\/yingmeipack.com\/es\/wp-json\/wp\/v2\/media\/2226"}],"wp:attachment":[{"href":"https:\/\/yingmeipack.com\/es\/wp-json\/wp\/v2\/media?parent=2225"}],"wp:term":[{"taxonomy":"product_brand","embeddable":true,"href":"https:\/\/yingmeipack.com\/es\/wp-json\/wp\/v2\/product_brand?post=2225"},{"taxonomy":"product_cat","embeddable":true,"href":"https:\/\/yingmeipack.com\/es\/wp-json\/wp\/v2\/product_cat?post=2225"},{"taxonomy":"product_tag","embeddable":true,"href":"https:\/\/yingmeipack.com\/es\/wp-json\/wp\/v2\/product_tag?post=2225"}],"curies":[{"name":"wp","href":"https:\/\/api.w.org\/{rel}","templated":true}]}}