{"id":215,"date":"2022-11-14T01:54:57","date_gmt":"2022-11-14T01:54:57","guid":{"rendered":"https:\/\/yingmeipack.com\/?post_type=product&#038;p=215"},"modified":"2022-11-16T13:21:17","modified_gmt":"2022-11-16T13:21:17","slug":"80ml-clear-plastic-pet-bottle-container-jar-with-aluminum-lid","status":"publish","type":"product","link":"https:\/\/yingmeipack.com\/es\/product\/80ml-clear-plastic-pet-bottle-container-jar-with-aluminum-lid\/","title":{"rendered":"Botella de pl\u00e1stico PET transparente de 80 ml Tarro con tapa de aluminio"},"content":{"rendered":"","protected":false},"excerpt":{"rendered":"<p>Estas botellas de pl\u00e1stico PET transparente tienen una forma alta con una base redonda y estable. Los frascos incluyen tapones de aluminio y est\u00e1n fabricados con pl\u00e1stico PET ligero y resistente a la rotura. Normalmente, los tarros de pl\u00e1stico transparente se utilizan para almacenar alimentos. Fabricaci\u00f3n de tarros de alimentos secos, alimentos congelados, envases de confiter\u00eda, mermelada de coco, frutos secos, anacardos. Tarro transparente con propiedades barrera fabricado con resina PET reciclable respetuosa con el medio ambiente. F\u00e1cil apilamiento y almacenamiento para el envasado de alimentos, as\u00ed como resistencia a \u00e1cidos y \u00e1lcalis. Los clientes pueden personalizar todos los detalles seg\u00fan sus propias peticiones.<\/p>\n<div style=\"width: 1280px;\" class=\"wp-video\"><!--[if lt IE 9]><script>document.createElement('video');<\/script><![endif]--><br \/>\n<video class=\"wp-video-shortcode\" id=\"video-215-1\" width=\"1280\" height=\"720\" loop autoplay preload=\"auto\" controls=\"controls\"><source type=\"video\/mp4\" src=\"http:\/\/yingmeipack.com\/wp-content\/uploads\/2022\/11\/Clear-Plastic-Bottle-with-Aluminum-Lid.mp4?_=1\" \/><a href=\"http:\/\/yingmeipack.com\/wp-content\/uploads\/2022\/11\/Clear-Plastic-Bottle-with-Aluminum-Lid.mp4\">http:\/\/yingmeipack.com\/wp-content\/uploads\/2022\/11\/Clear-Plastic-Bottle-with-Aluminum-Lid.mp4<\/a><\/video><\/div>","protected":false},"featured_media":216,"template":"","meta":{"_kad_post_transparent":"default","_kad_post_title":"","_kad_post_layout":"default","_kad_post_sidebar_id":"","_kad_post_content_style":"default","_kad_post_vertical_padding":"default","_kad_post_feature":"","_kad_post_feature_position":"","_kad_post_header":false,"_kad_post_footer":false,"jetpack_publicize_message":"","jetpack_publicize_feature_enabled":true,"jetpack_social_post_already_shared":false,"jetpack_social_options":{"image_generator_settings":{"template":"highway","default_image_id":0,"enabled":false},"version":2}},"product_brand":[],"product_cat":[24,25],"product_tag":[70,69,68,73,71,72],"class_list":{"0":"post-215","1":"product","2":"type-product","3":"status-publish","4":"has-post-thumbnail","6":"product_cat-jars","7":"product_cat-plastic-jars","8":"product_tag-80ml-pet-bottle","9":"product_tag-clear-pet-bottle","10":"product_tag-clear-plastic-bottle","11":"product_tag-pet-bottle-with-aluminum-lid","12":"product_tag-plastic-pet-container","13":"product_tag-plastic-pet-container-jar","15":"first","16":"instock","17":"shipping-taxable","18":"product-type-simple","19":"entry","20":"content-bg","21":"loop-entry"},"aioseo_notices":[],"jetpack_publicize_connections":[],"jetpack_sharing_enabled":true,"_links":{"self":[{"href":"https:\/\/yingmeipack.com\/es\/wp-json\/wp\/v2\/product\/215","targetHints":{"allow":["GET"]}}],"collection":[{"href":"https:\/\/yingmeipack.com\/es\/wp-json\/wp\/v2\/product"}],"about":[{"href":"https:\/\/yingmeipack.com\/es\/wp-json\/wp\/v2\/types\/product"}],"version-history":[{"count":1,"href":"https:\/\/yingmeipack.com\/es\/wp-json\/wp\/v2\/product\/215\/revisions"}],"predecessor-version":[{"id":225,"href":"https:\/\/yingmeipack.com\/es\/wp-json\/wp\/v2\/product\/215\/revisions\/225"}],"wp:featuredmedia":[{"embeddable":true,"href":"https:\/\/yingmeipack.com\/es\/wp-json\/wp\/v2\/media\/216"}],"wp:attachment":[{"href":"https:\/\/yingmeipack.com\/es\/wp-json\/wp\/v2\/media?parent=215"}],"wp:term":[{"taxonomy":"product_brand","embeddable":true,"href":"https:\/\/yingmeipack.com\/es\/wp-json\/wp\/v2\/product_brand?post=215"},{"taxonomy":"product_cat","embeddable":true,"href":"https:\/\/yingmeipack.com\/es\/wp-json\/wp\/v2\/product_cat?post=215"},{"taxonomy":"product_tag","embeddable":true,"href":"https:\/\/yingmeipack.com\/es\/wp-json\/wp\/v2\/product_tag?post=215"}],"curies":[{"name":"wp","href":"https:\/\/api.w.org\/{rel}","templated":true}]}}