{"id":2119,"date":"2025-06-09T03:33:24","date_gmt":"2025-06-09T03:33:24","guid":{"rendered":"https:\/\/yingmeipack.com\/?post_type=product&#038;p=2119"},"modified":"2025-06-10T00:54:53","modified_gmt":"2025-06-10T00:54:53","slug":"50g-custom-square-printed-pattern-aluminum-metal-jar","status":"publish","type":"product","link":"https:\/\/yingmeipack.com\/es\/product\/50g-custom-square-printed-pattern-aluminum-metal-jar\/","title":{"rendered":"tarro met\u00e1lico de aluminio con motivo impreso cuadrado personalizado de 50 g"},"content":{"rendered":"","protected":false},"excerpt":{"rendered":"<p>El tama\u00f1o de la caja cuadrada de aluminio para tarros es de 45*60*20 mm, muy c\u00f3moda de llevar y es la mejor opci\u00f3n para viajar. Est\u00e1 hecha de material de aluminio, que es m\u00e1s duradero que el pl\u00e1stico y no es f\u00e1cil que se oxide. Nuestros peque\u00f1os botes organizadores para el hogar est\u00e1n dise\u00f1ados con tapa, que puede sellarse bien y no gotea, a prueba de agua, \u00a1aptos para salir! El recipiente met\u00e1lico con tapa tiene un dise\u00f1o sencillo, adecuado para cualquier estilo de decoraci\u00f3n del hogar, para proporcionarle un servicio a largo plazo. \u00a1No es adecuado para el jab\u00f3n, pero tambi\u00e9n es adecuado para almacenar varias cosas peque\u00f1as, tales como b\u00e1lsamo labial, mini velas, dulces, cosm\u00e9ticos, joyas, etc!<\/p>","protected":false},"featured_media":2125,"template":"","meta":{"_kad_post_transparent":"default","_kad_post_title":"","_kad_post_layout":"default","_kad_post_sidebar_id":"","_kad_post_content_style":"default","_kad_post_vertical_padding":"default","_kad_post_feature":"","_kad_post_feature_position":"","_kad_post_header":false,"_kad_post_footer":false,"jetpack_publicize_message":"","jetpack_publicize_feature_enabled":true,"jetpack_social_post_already_shared":false,"jetpack_social_options":{"image_generator_settings":{"template":"highway","default_image_id":0,"enabled":false},"version":2}},"product_brand":[],"product_cat":[28,24,27],"product_tag":[96,335,334,95],"class_list":{"0":"post-2119","1":"product","2":"type-product","3":"status-publish","4":"has-post-thumbnail","6":"product_cat-aluminum-jars","7":"product_cat-jars","8":"product_cat-metal-jars","9":"product_tag-custom-square-aluminium-jars","10":"product_tag-customized-packaging","11":"product_tag-printing-packaging","12":"product_tag-square-aluminium-jars","14":"first","15":"instock","16":"shipping-taxable","17":"purchasable","18":"product-type-simple","19":"entry","20":"content-bg","21":"loop-entry"},"aioseo_notices":[],"jetpack_publicize_connections":[],"jetpack_sharing_enabled":true,"_links":{"self":[{"href":"https:\/\/yingmeipack.com\/es\/wp-json\/wp\/v2\/product\/2119","targetHints":{"allow":["GET"]}}],"collection":[{"href":"https:\/\/yingmeipack.com\/es\/wp-json\/wp\/v2\/product"}],"about":[{"href":"https:\/\/yingmeipack.com\/es\/wp-json\/wp\/v2\/types\/product"}],"version-history":[{"count":1,"href":"https:\/\/yingmeipack.com\/es\/wp-json\/wp\/v2\/product\/2119\/revisions"}],"predecessor-version":[{"id":2127,"href":"https:\/\/yingmeipack.com\/es\/wp-json\/wp\/v2\/product\/2119\/revisions\/2127"}],"wp:featuredmedia":[{"embeddable":true,"href":"https:\/\/yingmeipack.com\/es\/wp-json\/wp\/v2\/media\/2125"}],"wp:attachment":[{"href":"https:\/\/yingmeipack.com\/es\/wp-json\/wp\/v2\/media?parent=2119"}],"wp:term":[{"taxonomy":"product_brand","embeddable":true,"href":"https:\/\/yingmeipack.com\/es\/wp-json\/wp\/v2\/product_brand?post=2119"},{"taxonomy":"product_cat","embeddable":true,"href":"https:\/\/yingmeipack.com\/es\/wp-json\/wp\/v2\/product_cat?post=2119"},{"taxonomy":"product_tag","embeddable":true,"href":"https:\/\/yingmeipack.com\/es\/wp-json\/wp\/v2\/product_tag?post=2119"}],"curies":[{"name":"wp","href":"https:\/\/api.w.org\/{rel}","templated":true}]}}