{"id":2093,"date":"2025-06-07T07:39:15","date_gmt":"2025-06-07T07:39:15","guid":{"rendered":"https:\/\/yingmeipack.com\/?post_type=product&#038;p=2093"},"modified":"2025-06-13T00:54:26","modified_gmt":"2025-06-13T00:54:26","slug":"20g-colorful-heart-shaped-aluminum-jar-for-gift-giving","status":"publish","type":"product","link":"https:\/\/yingmeipack.com\/es\/product\/20g-colorful-heart-shaped-aluminum-jar-for-gift-giving\/","title":{"rendered":"Tarro de aluminio de 20 g con forma de coraz\u00f3n de colores para regalar"},"content":{"rendered":"","protected":false},"excerpt":{"rendered":"<p>El tama\u00f1o de este tarro de aluminio es 52*45*20 mm; Capacidad: 20ml;<\/p>\n<p>Presentamos el tarro de aluminio personalizado con forma de coraz\u00f3n: la forma perfecta de a\u00f1adir un toque de comodidad y estilo a sus envases. Estas elegantes cajas vienen en varios tama\u00f1os, con bisagras para abrirlas y cerrarlas f\u00e1cilmente. Son perfectas para regalos, velas, cosm\u00e9ticos, t\u00e9, especias y mucho m\u00e1s. Y son totalmente personalizables, para que pueda a\u00f1adir sus propios estampados y dise\u00f1os exclusivos.<\/p>\n<p>Tarro de aluminio duradero -Es dif\u00edcil de doblar con la mano, y queda elegante en su lugar gracias a la superficie plateada.<br \/>\nNo hay bordes afilados - Nuestro tarro de aluminio de metal vac\u00eda est\u00e1n dise\u00f1ados en un borde redondo y liso, que puede reducir el riesgo de da\u00f1o del borde de metal de pico, es seguro de usar en su tiempo diario.<br \/>\nAmplias aplicaciones - Nuestro tarro de aluminio plateado es ideal para proyectos caseros de bricolaje, fabricaci\u00f3n de velas sin fugas, recuerdos de bodas, caramelos, joyas, cajas de tesoros, material de oficina o regalos.<\/p>\n<p>&nbsp;<\/p>","protected":false},"featured_media":2094,"template":"","meta":{"_kad_post_transparent":"default","_kad_post_title":"","_kad_post_layout":"default","_kad_post_sidebar_id":"","_kad_post_content_style":"default","_kad_post_vertical_padding":"default","_kad_post_feature":"","_kad_post_feature_position":"","_kad_post_header":false,"_kad_post_footer":false,"jetpack_publicize_message":"","jetpack_publicize_feature_enabled":true,"jetpack_social_post_already_shared":false,"jetpack_social_options":{"image_generator_settings":{"template":"highway","default_image_id":0,"enabled":false},"version":2}},"product_brand":[],"product_cat":[28,24,27],"product_tag":[282,329,330,331],"class_list":{"0":"post-2093","1":"product","2":"type-product","3":"status-publish","4":"has-post-thumbnail","6":"product_cat-aluminum-jars","7":"product_cat-jars","8":"product_cat-metal-jars","9":"product_tag-aluminum-jar","10":"product_tag-colorful-aluminum-jar","11":"product_tag-different-shape-boxes","12":"product_tag-heart-shaped","14":"first","15":"instock","16":"shipping-taxable","17":"purchasable","18":"product-type-simple","19":"entry","20":"content-bg","21":"loop-entry"},"aioseo_notices":[],"jetpack_publicize_connections":[],"jetpack_sharing_enabled":true,"_links":{"self":[{"href":"https:\/\/yingmeipack.com\/es\/wp-json\/wp\/v2\/product\/2093","targetHints":{"allow":["GET"]}}],"collection":[{"href":"https:\/\/yingmeipack.com\/es\/wp-json\/wp\/v2\/product"}],"about":[{"href":"https:\/\/yingmeipack.com\/es\/wp-json\/wp\/v2\/types\/product"}],"version-history":[{"count":2,"href":"https:\/\/yingmeipack.com\/es\/wp-json\/wp\/v2\/product\/2093\/revisions"}],"predecessor-version":[{"id":2101,"href":"https:\/\/yingmeipack.com\/es\/wp-json\/wp\/v2\/product\/2093\/revisions\/2101"}],"wp:featuredmedia":[{"embeddable":true,"href":"https:\/\/yingmeipack.com\/es\/wp-json\/wp\/v2\/media\/2094"}],"wp:attachment":[{"href":"https:\/\/yingmeipack.com\/es\/wp-json\/wp\/v2\/media?parent=2093"}],"wp:term":[{"taxonomy":"product_brand","embeddable":true,"href":"https:\/\/yingmeipack.com\/es\/wp-json\/wp\/v2\/product_brand?post=2093"},{"taxonomy":"product_cat","embeddable":true,"href":"https:\/\/yingmeipack.com\/es\/wp-json\/wp\/v2\/product_cat?post=2093"},{"taxonomy":"product_tag","embeddable":true,"href":"https:\/\/yingmeipack.com\/es\/wp-json\/wp\/v2\/product_tag?post=2093"}],"curies":[{"name":"wp","href":"https:\/\/api.w.org\/{rel}","templated":true}]}}