{"id":1968,"date":"2025-05-30T09:26:21","date_gmt":"2025-05-30T09:26:21","guid":{"rendered":"https:\/\/yingmeipack.com\/?post_type=product&#038;p=1968"},"modified":"2025-06-07T09:42:29","modified_gmt":"2025-06-07T09:42:29","slug":"100g-hollow-out-screw-aluminum-metal-jar-for-air-freshener","status":"publish","type":"product","link":"https:\/\/yingmeipack.com\/es\/product\/100g-hollow-out-screw-aluminum-metal-jar-for-air-freshener\/","title":{"rendered":"tarro met\u00e1lico de aluminio con rosca hueca de 100 g para ambientador"},"content":{"rendered":"","protected":false},"excerpt":{"rendered":"<p>F\u00e1cil de usar: Funcionan bien y se ajustan y mantienen en su sitio las juntas planas de la tapa. Tapa decorativa con orificio abierto que deja salir el aroma del tarro. Perfectos para hacer tarros perfumados para regalos de Navidad. Tambi\u00e9n puede utilizarlos para decorar la mesa con flores.<br \/>\nAmplio uso: Estas tapas vers\u00e1tiles son ideales para velas, popurr\u00ed perfumado, manualidades, decoraci\u00f3n del hogar, difusores de aceite caseros, sales de ba\u00f1o, ambientadores. Quieres darle un toque especial a la decoraci\u00f3n de tu hogar.<\/p>","protected":false},"featured_media":2008,"template":"","meta":{"_kad_post_transparent":"default","_kad_post_title":"","_kad_post_layout":"default","_kad_post_sidebar_id":"","_kad_post_content_style":"default","_kad_post_vertical_padding":"default","_kad_post_feature":"","_kad_post_feature_position":"","_kad_post_header":false,"_kad_post_footer":false,"jetpack_publicize_message":"","jetpack_publicize_feature_enabled":true,"jetpack_social_post_already_shared":false,"jetpack_social_options":{"image_generator_settings":{"template":"highway","default_image_id":0,"enabled":false},"version":2}},"product_brand":[],"product_cat":[28,24,27],"product_tag":[320,101,321,153],"class_list":{"0":"post-1968","1":"product","2":"type-product","3":"status-publish","4":"has-post-thumbnail","6":"product_cat-aluminum-jars","7":"product_cat-jars","8":"product_cat-metal-jars","9":"product_tag-aluminum-jar-for-air-freshener","10":"product_tag-aluminum-jar-with-screw-lid","11":"product_tag-hollow-aluminum-jar","12":"product_tag-silver-aluminum-jar","14":"first","15":"instock","16":"shipping-taxable","17":"purchasable","18":"product-type-simple","19":"entry","20":"content-bg","21":"loop-entry"},"aioseo_notices":[],"jetpack_publicize_connections":[],"jetpack_sharing_enabled":true,"_links":{"self":[{"href":"https:\/\/yingmeipack.com\/es\/wp-json\/wp\/v2\/product\/1968","targetHints":{"allow":["GET"]}}],"collection":[{"href":"https:\/\/yingmeipack.com\/es\/wp-json\/wp\/v2\/product"}],"about":[{"href":"https:\/\/yingmeipack.com\/es\/wp-json\/wp\/v2\/types\/product"}],"version-history":[{"count":2,"href":"https:\/\/yingmeipack.com\/es\/wp-json\/wp\/v2\/product\/1968\/revisions"}],"predecessor-version":[{"id":1978,"href":"https:\/\/yingmeipack.com\/es\/wp-json\/wp\/v2\/product\/1968\/revisions\/1978"}],"wp:featuredmedia":[{"embeddable":true,"href":"https:\/\/yingmeipack.com\/es\/wp-json\/wp\/v2\/media\/2008"}],"wp:attachment":[{"href":"https:\/\/yingmeipack.com\/es\/wp-json\/wp\/v2\/media?parent=1968"}],"wp:term":[{"taxonomy":"product_brand","embeddable":true,"href":"https:\/\/yingmeipack.com\/es\/wp-json\/wp\/v2\/product_brand?post=1968"},{"taxonomy":"product_cat","embeddable":true,"href":"https:\/\/yingmeipack.com\/es\/wp-json\/wp\/v2\/product_cat?post=1968"},{"taxonomy":"product_tag","embeddable":true,"href":"https:\/\/yingmeipack.com\/es\/wp-json\/wp\/v2\/product_tag?post=1968"}],"curies":[{"name":"wp","href":"https:\/\/api.w.org\/{rel}","templated":true}]}}