{"id":1888,"date":"2023-09-04T12:02:18","date_gmt":"2023-09-04T12:02:18","guid":{"rendered":"https:\/\/yingmeipack.com\/?post_type=product&#038;p=1888"},"modified":"2023-09-04T12:02:18","modified_gmt":"2023-09-04T12:02:18","slug":"1-oz-aluminum-high-tin-jar-with-screw-lid-30-ml","status":"publish","type":"product","link":"https:\/\/yingmeipack.com\/es\/product\/1-oz-aluminum-high-tin-jar-with-screw-lid-30-ml\/","title":{"rendered":"Tarro alto de aluminio de 1 oz con tapa de rosca 30 ml"},"content":{"rendered":"<p>Hechos de aluminio met\u00e1lico de alta calidad, los recipientes de hojalata tienen una forma bonita, son ligeros pero duraderos, adem\u00e1s no son t\u00f3xicos, no desprenden olores y son seguros para los alimentos.<\/p>\n<p>Tapas de rosca para facilitar la apertura y el cierre: Las tapas de rosca son f\u00e1ciles de abrir y cerrar. Aseg\u00farese de que las tapas est\u00e9n bien apretadas sin dejar que se salga el contenido. Las latas met\u00e1licas no tienen bordes afilados que puedan da\u00f1ar sus dedos.<\/p>\n<p>Envase de metal con tapa de rosca: Cada lata vac\u00eda es partido con una tapa de rosca, puede prevenir con eficacia la salida, fabricaci\u00f3n de aluminio de alta calidad, durable, ligero.<\/p>\n<p>Cada envase de lata Tama\u00f1o exterior: 40mm*50mm*0,3mm, satisface sus usos polivalentes.<\/p>\n<p>Ampliamente utilizado para productos hechos a mano: Se puede utilizar para b\u00e1lsamos labiales, brillo de labios, cremas, cosm\u00e9ticos, velas, jab\u00f3n, b\u00e1lsamo, caramelos, monedas, muestra, hierbas y especias, etc.<\/p>","protected":false},"excerpt":{"rendered":"<ul class=\"a-unordered-list a-vertical a-spacing-mini\">\n<li><span class=\"a-list-item\">Capacidad: 30 ml, 40 mm<\/span><span class=\"a-list-item\">\" de di\u00e1metro x 50mm\" de altura.<\/span><\/li>\n<li><span class=\"a-list-item\">Cuchara para productos secos- Los bordes lisos no lastiman sus manos, y mantener. Se puede utilizar sin preocupaci\u00f3n.<\/span><\/li>\n<li><span class=\"a-list-item\">Ice Metal Scoop- Hecho de material pl\u00e1stico transparente, duradero y seguro de usar. Comp\u00e1rtelo con tu familia y amigos porque pr\u00e1ctico.<\/span><\/li>\n<li><span class=\"a-list-item\">Candy Scoop- Bordes lisos no lastiman las manos,. Ideal para eventos especiales o el uso diario.<\/span><\/li>\n<li><span class=\"a-list-item\">Cucharas de ba\u00f1o- Llevarlo en la mano le dar\u00e1 una experiencia c\u00f3moda. Tambi\u00e9n traer\u00e1 mucha conveniencia a usted.<\/span><span class=\"a-list-item\">100% Garant\u00eda de satisfacci\u00f3n: Para asegurarse de que su 100% experiencia de compra satisfecha, por favor no dude en contactar con nosotros si tiene alguna pregunta o inquietud.<\/span><\/li>\n<\/ul>","protected":false},"featured_media":1889,"template":"","meta":{"_kad_post_transparent":"default","_kad_post_title":"","_kad_post_layout":"default","_kad_post_sidebar_id":"","_kad_post_content_style":"default","_kad_post_vertical_padding":"default","_kad_post_feature":"","_kad_post_feature_position":"","_kad_post_header":false,"_kad_post_footer":false,"jetpack_publicize_message":"","jetpack_publicize_feature_enabled":true,"jetpack_social_post_already_shared":false,"jetpack_social_options":{"image_generator_settings":{"template":"highway","default_image_id":0,"enabled":false},"version":2}},"product_brand":[],"product_cat":[28],"product_tag":[],"class_list":{"0":"post-1888","1":"product","2":"type-product","3":"status-publish","4":"has-post-thumbnail","6":"product_cat-aluminum-jars","8":"first","9":"instock","10":"shipping-taxable","11":"purchasable","12":"product-type-simple","13":"entry","14":"content-bg","15":"loop-entry"},"aioseo_notices":[],"jetpack_publicize_connections":[],"jetpack_sharing_enabled":true,"_links":{"self":[{"href":"https:\/\/yingmeipack.com\/es\/wp-json\/wp\/v2\/product\/1888","targetHints":{"allow":["GET"]}}],"collection":[{"href":"https:\/\/yingmeipack.com\/es\/wp-json\/wp\/v2\/product"}],"about":[{"href":"https:\/\/yingmeipack.com\/es\/wp-json\/wp\/v2\/types\/product"}],"version-history":[{"count":3,"href":"https:\/\/yingmeipack.com\/es\/wp-json\/wp\/v2\/product\/1888\/revisions"}],"predecessor-version":[{"id":1898,"href":"https:\/\/yingmeipack.com\/es\/wp-json\/wp\/v2\/product\/1888\/revisions\/1898"}],"wp:featuredmedia":[{"embeddable":true,"href":"https:\/\/yingmeipack.com\/es\/wp-json\/wp\/v2\/media\/1889"}],"wp:attachment":[{"href":"https:\/\/yingmeipack.com\/es\/wp-json\/wp\/v2\/media?parent=1888"}],"wp:term":[{"taxonomy":"product_brand","embeddable":true,"href":"https:\/\/yingmeipack.com\/es\/wp-json\/wp\/v2\/product_brand?post=1888"},{"taxonomy":"product_cat","embeddable":true,"href":"https:\/\/yingmeipack.com\/es\/wp-json\/wp\/v2\/product_cat?post=1888"},{"taxonomy":"product_tag","embeddable":true,"href":"https:\/\/yingmeipack.com\/es\/wp-json\/wp\/v2\/product_tag?post=1888"}],"curies":[{"name":"wp","href":"https:\/\/api.w.org\/{rel}","templated":true}]}}