{"id":1854,"date":"2023-05-13T07:15:08","date_gmt":"2023-05-13T07:15:08","guid":{"rendered":"https:\/\/yingmeipack.com\/?post_type=product&#038;p=1854"},"modified":"2023-05-13T07:58:33","modified_gmt":"2023-05-13T07:58:33","slug":"60g-2-oz-green-pet-wide-mouth-plastic-cosmetic-jar","status":"publish","type":"product","link":"https:\/\/yingmeipack.com\/es\/product\/60g-2-oz-green-pet-wide-mouth-plastic-cosmetic-jar\/","title":{"rendered":"3oz Tarros de mascotas para el cuidado de la piel,tarro cosm\u00e9tico para mascotas"},"content":{"rendered":"","protected":false},"excerpt":{"rendered":"<ul class=\"a-unordered-list a-vertical a-spacing-mini\">\n<li class=\"a-spacing-mini\">[DISE\u00d1O DE CALIDAD PREMIUM] Estos peque\u00f1os envases de cosm\u00e9ticos est\u00e1n hechos de polipropileno de alta calidad, generalmente no reaccionan qu\u00edmicamente con el maquillaje, son resistentes a la rotura y deformaci\u00f3n por el calor, tienen un cierre herm\u00e9tico y evitan las fugas. Y con el cuerpo del frasco de PS (poliestireno ) y la tapa de PP (polipropileno), estos tarros de muestras son transparentes, gruesos y lisos.<br \/>\n[Estos envases de b\u00e1lsamo labial de 90 gramos no contienen BPA. Estos tarros de muestras de 60 gramos son perfectos para guardar maquillaje mineralizado, sombras de ojos, lociones, barras de labios, cremas, manteca corporal, maquillaje, polvos, lociones, b\u00e1lsamo labial, exfoliantes y otros productos de belleza. Util\u00edcelo con confianza.<br \/>\n[TAMA\u00d1O DE MUESTRA] Estos peque\u00f1os recipientes de pl\u00e1stico son de tama\u00f1o mini y caben perfectamente en su bolsillo, bolso, cartera, mochila o equipaje. Se atornillan f\u00e1cilmente para un almacenamiento compacto. Puede llevar los mini recipientes para cosm\u00e9ticos a cualquier parte con toda confianza.<br \/>\n[ETIQUETAS PARA ETIQUETAR] Cada contenedor de muestras tiene una etiqueta ovalada (no redonda). Puede hacer que los dem\u00e1s conozcan mejor su contenido. Se adhieren firmemente y no se borran con facilidad; ideales para mantener las cosas organizadas o etiquetar productos para sus clientes.<br \/>\n[M\u00daLTIPLES OPCIONES] \u00a1ZEJIA SAMPLE JARS tiene m\u00faltiples colores y tama\u00f1os para elegir! Disponible en cantidades a granel. Ideal para vendedores minoristas independientes y amantes del bricolaje.<\/li>\n<\/ul>","protected":false},"featured_media":1861,"template":"","meta":{"_kad_post_transparent":"default","_kad_post_title":"","_kad_post_layout":"default","_kad_post_sidebar_id":"","_kad_post_content_style":"default","_kad_post_vertical_padding":"default","_kad_post_feature":"","_kad_post_feature_position":"","_kad_post_header":false,"_kad_post_footer":false,"jetpack_publicize_message":"","jetpack_publicize_feature_enabled":true,"jetpack_social_post_already_shared":false,"jetpack_social_options":{"image_generator_settings":{"template":"highway","default_image_id":0,"enabled":false},"version":2}},"product_brand":[],"product_cat":[19,24,20,25],"product_tag":[215,214,217,216],"class_list":{"0":"post-1854","1":"product","2":"type-product","3":"status-publish","4":"has-post-thumbnail","6":"product_cat-bottles","7":"product_cat-jars","8":"product_cat-plastic-bottles","9":"product_cat-plastic-jars","10":"product_tag-bpa-free-pet-plastic-jars","11":"product_tag-clear-pet-plastic-jars","12":"product_tag-plastic-jar-with-gold-lid","13":"product_tag-refillable-plastic-jar","15":"first","16":"instock","17":"shipping-taxable","18":"product-type-simple","19":"entry","20":"content-bg","21":"loop-entry"},"aioseo_notices":[],"jetpack_publicize_connections":[],"jetpack_sharing_enabled":true,"_links":{"self":[{"href":"https:\/\/yingmeipack.com\/es\/wp-json\/wp\/v2\/product\/1854","targetHints":{"allow":["GET"]}}],"collection":[{"href":"https:\/\/yingmeipack.com\/es\/wp-json\/wp\/v2\/product"}],"about":[{"href":"https:\/\/yingmeipack.com\/es\/wp-json\/wp\/v2\/types\/product"}],"version-history":[{"count":3,"href":"https:\/\/yingmeipack.com\/es\/wp-json\/wp\/v2\/product\/1854\/revisions"}],"predecessor-version":[{"id":1866,"href":"https:\/\/yingmeipack.com\/es\/wp-json\/wp\/v2\/product\/1854\/revisions\/1866"}],"wp:featuredmedia":[{"embeddable":true,"href":"https:\/\/yingmeipack.com\/es\/wp-json\/wp\/v2\/media\/1861"}],"wp:attachment":[{"href":"https:\/\/yingmeipack.com\/es\/wp-json\/wp\/v2\/media?parent=1854"}],"wp:term":[{"taxonomy":"product_brand","embeddable":true,"href":"https:\/\/yingmeipack.com\/es\/wp-json\/wp\/v2\/product_brand?post=1854"},{"taxonomy":"product_cat","embeddable":true,"href":"https:\/\/yingmeipack.com\/es\/wp-json\/wp\/v2\/product_cat?post=1854"},{"taxonomy":"product_tag","embeddable":true,"href":"https:\/\/yingmeipack.com\/es\/wp-json\/wp\/v2\/product_tag?post=1854"}],"curies":[{"name":"wp","href":"https:\/\/api.w.org\/{rel}","templated":true}]}}