{"id":1765,"date":"2023-05-05T02:00:07","date_gmt":"2023-05-05T02:00:07","guid":{"rendered":"https:\/\/yingmeipack.com\/?post_type=product&#038;p=1765"},"modified":"2025-06-04T09:05:46","modified_gmt":"2025-06-04T09:05:46","slug":"gold-square-spice-aluminum-jar-universal-soap-aluminum-box","status":"publish","type":"product","link":"https:\/\/yingmeipack.com\/es\/product\/gold-square-spice-aluminum-jar-universal-soap-aluminum-box\/","title":{"rendered":"tarro de aluminio dorado cuadrado para especias Caja de aluminio para jab\u00f3n universal"},"content":{"rendered":"","protected":false},"excerpt":{"rendered":"<p>\u3010Material de Calidad\u3011: Material de aluminio de calidad, tama\u00f1o de viaje port\u00e1til, duradero de usar.<br \/>\n\u3010Portable Jabonera con Tapa\u3011: El uso de una barra de jab\u00f3n es a menudo la mejor opci\u00f3n que puede llevar en un viaje. El caso de jab\u00f3n de viaje es la elecci\u00f3n perfecta para usted. durable y port\u00e1til. Usted puede poner f\u00e1cilmente el caso en una bolsa cuando, trabajo, camping o para el gimnasio.<br \/>\nAmplia aplicaci\u00f3n: Port\u00e1til y c\u00f3modo de usar. Perfecto para el hogar, School Gym viajes, viajes de negocios, senderismo y otras actividades al aire libre.<br \/>\n\u3010Design\u3011: Este estuche es muy duradero. Viene con un dise\u00f1o a prueba de fugas. La tapa herm\u00e9tica evita cualquier posible fuga del jab\u00f3n h\u00famedo. El dise\u00f1o bloqueado evitar\u00e1 que el caso se abra inesperadamente. Este estuche de jab\u00f3n es pr\u00e1ctico para llevar su propio jab\u00f3n, y mantener la maleta limpia.<\/p>\n<p>&nbsp;<\/p>","protected":false},"featured_media":1766,"template":"","meta":{"_kad_post_transparent":"default","_kad_post_title":"","_kad_post_layout":"default","_kad_post_sidebar_id":"","_kad_post_content_style":"default","_kad_post_vertical_padding":"default","_kad_post_feature":"","_kad_post_feature_position":"","_kad_post_header":false,"_kad_post_footer":false,"jetpack_publicize_message":"","jetpack_publicize_feature_enabled":true,"jetpack_social_post_already_shared":false,"jetpack_social_options":{"image_generator_settings":{"template":"highway","default_image_id":0,"enabled":false},"version":2}},"product_brand":[],"product_cat":[28,24,27,29],"product_tag":[306,305,307,308],"class_list":{"0":"post-1765","1":"product","2":"type-product","3":"status-publish","4":"has-post-thumbnail","6":"product_cat-aluminum-jars","7":"product_cat-jars","8":"product_cat-metal-jars","9":"product_cat-tinplate-jars","10":"product_tag-aluminium-tin-box-for-soap","11":"product_tag-aluminium-tin-rectangle","12":"product_tag-metal-aluminium-tin","13":"product_tag-square-aluminum-box","15":"first","16":"instock","17":"shipping-taxable","18":"purchasable","19":"product-type-simple","20":"entry","21":"content-bg","22":"loop-entry"},"aioseo_notices":[],"jetpack_publicize_connections":[],"jetpack_sharing_enabled":true,"_links":{"self":[{"href":"https:\/\/yingmeipack.com\/es\/wp-json\/wp\/v2\/product\/1765","targetHints":{"allow":["GET"]}}],"collection":[{"href":"https:\/\/yingmeipack.com\/es\/wp-json\/wp\/v2\/product"}],"about":[{"href":"https:\/\/yingmeipack.com\/es\/wp-json\/wp\/v2\/types\/product"}],"version-history":[{"count":1,"href":"https:\/\/yingmeipack.com\/es\/wp-json\/wp\/v2\/product\/1765\/revisions"}],"predecessor-version":[{"id":1771,"href":"https:\/\/yingmeipack.com\/es\/wp-json\/wp\/v2\/product\/1765\/revisions\/1771"}],"wp:featuredmedia":[{"embeddable":true,"href":"https:\/\/yingmeipack.com\/es\/wp-json\/wp\/v2\/media\/1766"}],"wp:attachment":[{"href":"https:\/\/yingmeipack.com\/es\/wp-json\/wp\/v2\/media?parent=1765"}],"wp:term":[{"taxonomy":"product_brand","embeddable":true,"href":"https:\/\/yingmeipack.com\/es\/wp-json\/wp\/v2\/product_brand?post=1765"},{"taxonomy":"product_cat","embeddable":true,"href":"https:\/\/yingmeipack.com\/es\/wp-json\/wp\/v2\/product_cat?post=1765"},{"taxonomy":"product_tag","embeddable":true,"href":"https:\/\/yingmeipack.com\/es\/wp-json\/wp\/v2\/product_tag?post=1765"}],"curies":[{"name":"wp","href":"https:\/\/api.w.org\/{rel}","templated":true}]}}